{"id":330,"date":"2022-11-10T12:20:57","date_gmt":"2022-11-10T12:20:57","guid":{"rendered":"https:\/\/new.epoint.at\/?page_id=330"},"modified":"2023-10-09T16:34:01","modified_gmt":"2023-10-09T13:34:01","slug":"kontaktieren-sie-uns","status":"publish","type":"page","link":"https:\/\/epoint.at\/de\/kontaktieren-sie-uns\/","title":{"rendered":"Kontakt"},"content":{"rendered":"<div class=\"gb-container gb-container-a4531f53\"><div class=\"gb-inside-container\">\n<div class=\"gb-grid-wrapper gb-grid-wrapper-cd71003e\">\n<div class=\"gb-grid-column gb-grid-column-9b04726f\"><div class=\"gb-container gb-container-9b04726f\"><div class=\"gb-inside-container\">\n\n<div class=\"wp-block-ab-animate ab-is-hidden\" data-scroll-class=\"fadeInUp\" data-scroll-threshold=\"20\" style=\"animation-duration:2s\">\n<h3 class=\"gb-headline gb-headline-d52be477 gb-headline-text\">Kontaktieren Sie uns bez\u00fcglich Ihrer Projekte, Preisanfragen oder einfach nur f\u00fcr allgemeine Ratschl\u00e4ge. Wir helfen gerne.<\/h3>\n\n\n\n<div class=\"wp-block-columns is-layout-flex wp-container-core-columns-is-layout-9d6595d7 wp-block-columns-is-layout-flex\">\n<div class=\"wp-block-column is-layout-flow wp-block-column-is-layout-flow\" style=\"flex-basis:100%\">\n<div class=\"gb-headline gb-headline-21ee048d gb-headline-text\">Ihr Team, sowie Ihre Projekte werden von unserem transkulturellen Verst\u00e4ndnis von Menschen, Produkten und M\u00e4rkten profitieren. Seit unserer Firmengr\u00fcndung vor 20 Jahren haben uns bereits zahlreiche Unternehmen weltweit ihre digitalen Initiativen anvertraut und w\u00fcrden es wieder tun.<\/div>\n\n\n\n<p><\/p>\n\n\n<div class=\"gb-container gb-container-087f823f\"><div class=\"gb-inside-container\">\n\n<p class=\"has-text-align-left has-basic-400-background-color has-background\" style=\"font-size:18px\">Digitalisierung ist unser Fachgebiet und Probleml\u00f6sung ist unsere Leidenschaft. Wir arbeiten als Team zusammen, um Ihre Gesch\u00e4ftsanforderungen zu erf\u00fcllen. Unser qualifiziertes und zertifiziertes Team bietet hervorragende Entwicklungsdienstleistungen, um eine umfassende Website oder Anwendung zu erstellen. <\/p>\n\n<\/div><\/div><\/div>\n<\/div>\n\n\n\n<ul class=\"wp-block-list\" style=\"font-size:16px\">\n<li style=\"font-size:18px\">Beschleunigen Sie Wachstum und Rentabilit\u00e4t mit unserem preisgekr\u00f6nten Team<\/li>\n\n\n\n<li style=\"font-size:18px\">\u00dcbertreffen Sie Ihre Konkurrenten mit ma\u00dfgeschneiderten Strategien, die von Daten und Experten unterst\u00fctzt werden.<\/li>\n\n\n\n<li style=\"font-size:18px\">Steigerung des Umsatzes um 10 % in den ersten 3 Monaten und um 20 %+ in den ersten 6 Monaten<\/li>\n\n\n\n<li style=\"font-size:18px\">Sparen Sie Zeit mit fertig getesteten L\u00f6sungen<\/li>\n<\/ul>\n<\/div>\n\n<\/div><\/div><\/div>\n\n<div class=\"gb-grid-column gb-grid-column-6bcec74f\"><div class=\"gb-container gb-container-6bcec74f\"><div class=\"gb-inside-container\">\n\n<div class=\"wp-block-ab-animate ab-is-hidden\" data-scroll-class=\"fadeIn\" data-scroll-threshold=\"20\"><div class=\"pipedriveWebForms\" data-pd-webforms=\"https:\/\/webforms.pipedrive.com\/f\/1AEWoFwSvjG4dSOS9iKh6QkyU4B728Lo6pfa0nP4GZ1VceqMIbWNmsjmd3Hlp7Dwv\"><script src=\"https:\/\/webforms.pipedrive.com\/f\/loader\"><\/script><\/div>\n<\/div>\n\n<\/div><\/div><\/div>\n<\/div>\n<\/div><\/div>\n\n<div class=\"gb-container gb-container-db900b61\"><div class=\"gb-inside-container\">\n\n<div class=\"wp-block-ab-animate\" data-scroll-class=\"fadeIn\" data-scroll-threshold=\"20\" style=\"animation-duration:3s\">\n<h2 class=\"gb-headline gb-headline-4a26b54d gb-headline-text\">Unsere B\u00fcros<\/h2>\n<\/div>\n\n\n<div class=\"gb-grid-wrapper gb-grid-wrapper-411f14f3\">\n<div class=\"gb-grid-column gb-grid-column-c1e69bb8\"><div class=\"gb-container gb-container-c1e69bb8\"><div class=\"gb-inside-container\">\n\n<div class=\"wp-block-ab-animate ab-is-hidden\" data-scroll-class=\"fadeInUp\" data-scroll-threshold=\"20\" style=\"animation-duration:2s\">\n<p class=\"gb-headline gb-headline-fe275fbe\"><span class=\"gb-icon\"><svg xmlns=\"http:\/\/www.w3.org\/2000\/svg\" fill=\"none\" viewbox=\"0 0 16 12\" height=\"12\" width=\"16\"> <g clip-path=\"url(#clip0_4613_94913)\"> <path fill=\"#FFCE00\" d=\"M0 8H16V12.0001H0V8Z\"><\/path> <path fill=\"black\" d=\"M0 0H16V4H0V0Z\"><\/path> <path fill=\"#DD0000\" d=\"M0 4H16V8H0V4Z\"><\/path> <\/g> <defs> <clippath id=\"clip0_4613_94913\"> <rect fill=\"white\" height=\"12\" width=\"16\"><\/rect> <\/clippath> <\/defs> <\/svg><\/span><span class=\"gb-headline-text\">Deutschland<\/span><\/p>\n\n\n\n<figure class=\"wp-block-image size-full is-resized\"><img decoding=\"async\" src=\"https:\/\/epoint.at\/wp-content\/uploads\/2022\/11\/de-map.webp\" alt=\"\" class=\"wp-image-337\" style=\"width:162px;height:162px\" width=\"162\" height=\"162\" srcset=\"https:\/\/epoint.at\/wp-content\/uploads\/2022\/11\/de-map.webp 244w, https:\/\/epoint.at\/wp-content\/uploads\/2022\/11\/de-map-150x150.webp 150w\" sizes=\"(max-width: 162px) 100vw, 162px\" \/><\/figure>\n\n\n\n<p class=\"gb-headline gb-headline-7b30ee8b\"><span class=\"gb-icon\"><svg xmlns=\"http:\/\/www.w3.org\/2000\/svg\" fill=\"none\" viewbox=\"0 0 12 13\" height=\"13\" width=\"12\"> <path fill=\"#8F9BB3\" d=\"M8.7 11.062C4.454 11.062 1 7.60801 1 3.36201C1 2.09351 2.032 1.06201 3.3 1.06201C3.43 1.06201 3.5585 1.07301 3.683 1.09451C3.8045 1.11401 3.927 1.14501 4.0455 1.18601C4.2085 1.24251 4.3305 1.37901 4.369 1.54701L5.054 4.52901C5.0915 4.69301 5.044 4.86501 4.9275 4.98701C4.859 5.05801 4.8575 5.05951 4.2375 5.38401C4.7395 6.47101 5.612 7.34051 6.6775 7.82551C7.002 7.20501 7.004 7.20301 7.075 7.13501C7.1975 7.01801 7.37 6.97251 7.5335 7.00851L10.5155 7.69301C10.683 7.73151 10.8195 7.85351 10.876 8.01601C10.917 8.13401 10.9475 8.25601 10.968 8.38151C10.989 8.50501 11 8.63301 11 8.76201C11 10.0305 9.9685 11.062 8.7 11.062Z\" clip-rule=\"evenodd\" fill-rule=\"evenodd\"><\/path> <\/svg><\/span><span class=\"gb-headline-text\">Im Sundern 2, 44532 L\u00fcnen<\/span><\/p>\n\n\n\n<p class=\"gb-headline gb-headline-51709db6\"><span class=\"gb-icon\"><svg xmlns=\"http:\/\/www.w3.org\/2000\/svg\" fill=\"none\" viewbox=\"0 0 12 13\" height=\"13\" width=\"12\"> <path fill=\"#8F9BB3\" d=\"M9.50391 3.06201L6.25141 5.29601C6.09791 5.38351 5.90991 5.38351 5.75641 5.29601L2.50391 3.06201H9.50391ZM9.50391 2.06201H2.50391C1.67691 2.06201 1.00391 2.73501 1.00391 3.56201V8.56201C1.00391 9.38901 1.67691 10.062 2.50391 10.062H9.50391C10.3309 10.062 11.0039 9.38901 11.0039 8.56201V3.56201C11.0039 2.73501 10.3309 2.06201 9.50391 2.06201Z\" clip-rule=\"evenodd\" fill-rule=\"evenodd\"><\/path> <\/svg><\/span><span class=\"gb-headline-text\">+49 176 111 44 133<\/span><\/p>\n\n\n\n<p class=\"gb-headline gb-headline-2838ebe6\"><span class=\"gb-icon\"><svg xmlns=\"http:\/\/www.w3.org\/2000\/svg\" fill=\"none\" viewbox=\"0 0 12 13\" height=\"13\" width=\"12\"> <path fill=\"#8F9BB3\" d=\"M6 4.06201C5.5865 4.06201 5.25 4.39851 5.25 4.81201C5.25 5.22551 5.5865 5.56201 6 5.56201C6.4135 5.56201 6.75 5.22551 6.75 4.81201C6.75 4.39851 6.4135 4.06201 6 4.06201ZM6 6.56201C5.035 6.56201 4.25 5.77701 4.25 4.81201C4.25 3.84701 5.035 3.06201 6 3.06201C6.965 3.06201 7.75 3.84701 7.75 4.81201C7.75 5.77701 6.965 6.56201 6 6.56201ZM6 1.06201C3.7945 1.06201 2 2.83901 2 5.02351C2 7.76051 5.5245 10.813 5.6745 10.9415C5.7685 11.022 5.884 11.062 6 11.062C6.116 11.062 6.2315 11.022 6.3255 10.9415C6.4755 10.813 10 7.76051 10 5.02351C10 2.83901 8.2055 1.06201 6 1.06201Z\" clip-rule=\"evenodd\" fill-rule=\"evenodd\"><\/path> <\/svg><\/span><span class=\"gb-headline-text\">hi@epoint.at<\/span><\/p>\n<\/div>\n\n<\/div><\/div><\/div>\n\n<div class=\"gb-grid-column gb-grid-column-078e2a16\"><div class=\"gb-container gb-container-078e2a16\"><div class=\"gb-inside-container\">\n\n<div class=\"wp-block-ab-animate ab-is-hidden\" data-scroll-class=\"fadeInUp\" data-scroll-delay=\"100\" data-scroll-threshold=\"20\" style=\"animation-duration:2s\">\n<p class=\"gb-headline gb-headline-63df8d24\"><span class=\"gb-icon\"><svg xmlns=\"http:\/\/www.w3.org\/2000\/svg\" fill=\"none\" viewbox=\"0 0 17 12\" height=\"12\" width=\"17\"> <path fill=\"white\" d=\"M16.5 12H0.5V0H16.5V12Z\" clip-rule=\"evenodd\" fill-rule=\"evenodd\"><\/path> <path fill=\"#DF0000\" d=\"M16.5 11.9999H0.5V7.99981H16.5V11.9999ZM16.5 4.00301H0.5V0.00292969H16.5V4.00301Z\" clip-rule=\"evenodd\" fill-rule=\"evenodd\"><\/path> <\/svg><\/span><span class=\"gb-headline-text\">\u00d6STERREICH<\/span><\/p>\n\n\n\n<figure class=\"wp-block-image size-full is-resized\"><img decoding=\"async\" src=\"https:\/\/epoint.at\/wp-content\/uploads\/2022\/11\/at-map.webp\" alt=\"\" class=\"wp-image-341\" style=\"width:163px;height:163px\" width=\"163\" height=\"163\" srcset=\"https:\/\/epoint.at\/wp-content\/uploads\/2022\/11\/at-map.webp 324w, https:\/\/epoint.at\/wp-content\/uploads\/2022\/11\/at-map-300x300.webp 300w, https:\/\/epoint.at\/wp-content\/uploads\/2022\/11\/at-map-150x150.webp 150w\" sizes=\"(max-width: 163px) 100vw, 163px\" \/><\/figure>\n\n\n\n<p class=\"gb-headline gb-headline-4c1a624c\"><span class=\"gb-icon\"><svg xmlns=\"http:\/\/www.w3.org\/2000\/svg\" fill=\"none\" viewbox=\"0 0 12 13\" height=\"13\" width=\"12\"> <path fill=\"#8F9BB3\" d=\"M8.7 11.062C4.454 11.062 1 7.60801 1 3.36201C1 2.09351 2.032 1.06201 3.3 1.06201C3.43 1.06201 3.5585 1.07301 3.683 1.09451C3.8045 1.11401 3.927 1.14501 4.0455 1.18601C4.2085 1.24251 4.3305 1.37901 4.369 1.54701L5.054 4.52901C5.0915 4.69301 5.044 4.86501 4.9275 4.98701C4.859 5.05801 4.8575 5.05951 4.2375 5.38401C4.7395 6.47101 5.612 7.34051 6.6775 7.82551C7.002 7.20501 7.004 7.20301 7.075 7.13501C7.1975 7.01801 7.37 6.97251 7.5335 7.00851L10.5155 7.69301C10.683 7.73151 10.8195 7.85351 10.876 8.01601C10.917 8.13401 10.9475 8.25601 10.968 8.38151C10.989 8.50501 11 8.63301 11 8.76201C11 10.0305 9.9685 11.062 8.7 11.062Z\" clip-rule=\"evenodd\" fill-rule=\"evenodd\"><\/path> <\/svg><\/span><span class=\"gb-headline-text\">Keltengasse 23, 2352 Guntramsdorf<\/span><\/p>\n\n\n\n<p class=\"gb-headline gb-headline-8ee416c0\"><span class=\"gb-icon\"><svg xmlns=\"http:\/\/www.w3.org\/2000\/svg\" fill=\"none\" viewbox=\"0 0 12 13\" height=\"13\" width=\"12\"> <path fill=\"#8F9BB3\" d=\"M9.50391 3.06201L6.25141 5.29601C6.09791 5.38351 5.90991 5.38351 5.75641 5.29601L2.50391 3.06201H9.50391ZM9.50391 2.06201H2.50391C1.67691 2.06201 1.00391 2.73501 1.00391 3.56201V8.56201C1.00391 9.38901 1.67691 10.062 2.50391 10.062H9.50391C10.3309 10.062 11.0039 9.38901 11.0039 8.56201V3.56201C11.0039 2.73501 10.3309 2.06201 9.50391 2.06201Z\" clip-rule=\"evenodd\" fill-rule=\"evenodd\"><\/path> <\/svg><\/span><span class=\"gb-headline-text\">+43 699 109 260 19<\/span><\/p>\n\n\n\n<p class=\"gb-headline gb-headline-243d818d\"><span class=\"gb-icon\"><svg xmlns=\"http:\/\/www.w3.org\/2000\/svg\" fill=\"none\" viewbox=\"0 0 12 13\" height=\"13\" width=\"12\"> <path fill=\"#8F9BB3\" d=\"M6 4.06201C5.5865 4.06201 5.25 4.39851 5.25 4.81201C5.25 5.22551 5.5865 5.56201 6 5.56201C6.4135 5.56201 6.75 5.22551 6.75 4.81201C6.75 4.39851 6.4135 4.06201 6 4.06201ZM6 6.56201C5.035 6.56201 4.25 5.77701 4.25 4.81201C4.25 3.84701 5.035 3.06201 6 3.06201C6.965 3.06201 7.75 3.84701 7.75 4.81201C7.75 5.77701 6.965 6.56201 6 6.56201ZM6 1.06201C3.7945 1.06201 2 2.83901 2 5.02351C2 7.76051 5.5245 10.813 5.6745 10.9415C5.7685 11.022 5.884 11.062 6 11.062C6.116 11.062 6.2315 11.022 6.3255 10.9415C6.4755 10.813 10 7.76051 10 5.02351C10 2.83901 8.2055 1.06201 6 1.06201Z\" clip-rule=\"evenodd\" fill-rule=\"evenodd\"><\/path> <\/svg><\/span><span class=\"gb-headline-text\">office@epoint.at<\/span><\/p>\n<\/div>\n\n<\/div><\/div><\/div>\n\n<div class=\"gb-grid-column gb-grid-column-1feb1aaa\"><div class=\"gb-container gb-container-1feb1aaa\"><div class=\"gb-inside-container\">\n\n<div class=\"wp-block-ab-animate ab-is-hidden\" data-scroll-class=\"fadeInUp\" data-scroll-delay=\"200\" data-scroll-threshold=\"20\" style=\"animation-duration:2s\">\n<p class=\"gb-headline gb-headline-b3b4646f\"><span class=\"gb-icon\"><svg xmlns=\"http:\/\/www.w3.org\/2000\/svg\" fill=\"none\" viewbox=\"0 0 16 12\" height=\"12\" width=\"16\"> <path fill=\"#00319C\" d=\"M0 0H5.33332V12H0V0Z\" clip-rule=\"evenodd\" fill-rule=\"evenodd\"><\/path> <path fill=\"#FFDE00\" d=\"M5.33398 0H10.6673V12H5.33398V0Z\" clip-rule=\"evenodd\" fill-rule=\"evenodd\"><\/path> <path fill=\"#DE2110\" d=\"M10.666 0H15.9994V12H10.666V0Z\" clip-rule=\"evenodd\" fill-rule=\"evenodd\"><\/path> <\/svg><\/span><span class=\"gb-headline-text\">RUM\u00c4NIEN<\/span><\/p>\n\n\n\n<figure class=\"wp-block-image size-full is-resized\"><img decoding=\"async\" src=\"https:\/\/epoint.at\/wp-content\/uploads\/2022\/11\/ro-map.webp\" alt=\"\" class=\"wp-image-342\" style=\"width:163px;height:163px\" width=\"163\" height=\"163\" srcset=\"https:\/\/epoint.at\/wp-content\/uploads\/2022\/11\/ro-map.webp 325w, https:\/\/epoint.at\/wp-content\/uploads\/2022\/11\/ro-map-300x300.webp 300w, https:\/\/epoint.at\/wp-content\/uploads\/2022\/11\/ro-map-150x150.webp 150w\" sizes=\"(max-width: 163px) 100vw, 163px\" \/><\/figure>\n\n\n\n<p class=\"gb-headline gb-headline-db2a39dd\"><span class=\"gb-icon\"><svg xmlns=\"http:\/\/www.w3.org\/2000\/svg\" fill=\"none\" viewbox=\"0 0 12 13\" height=\"13\" width=\"12\"> <path fill=\"#8F9BB3\" d=\"M8.7 11.062C4.454 11.062 1 7.60801 1 3.36201C1 2.09351 2.032 1.06201 3.3 1.06201C3.43 1.06201 3.5585 1.07301 3.683 1.09451C3.8045 1.11401 3.927 1.14501 4.0455 1.18601C4.2085 1.24251 4.3305 1.37901 4.369 1.54701L5.054 4.52901C5.0915 4.69301 5.044 4.86501 4.9275 4.98701C4.859 5.05801 4.8575 5.05951 4.2375 5.38401C4.7395 6.47101 5.612 7.34051 6.6775 7.82551C7.002 7.20501 7.004 7.20301 7.075 7.13501C7.1975 7.01801 7.37 6.97251 7.5335 7.00851L10.5155 7.69301C10.683 7.73151 10.8195 7.85351 10.876 8.01601C10.917 8.13401 10.9475 8.25601 10.968 8.38151C10.989 8.50501 11 8.63301 11 8.76201C11 10.0305 9.9685 11.062 8.7 11.062Z\" clip-rule=\"evenodd\" fill-rule=\"evenodd\"><\/path> <\/svg><\/span><span class=\"gb-headline-text\">Dornei Stra\u00dfe Nr.3, 300393 Timisoara<\/span><\/p>\n\n\n\n<p class=\"gb-headline gb-headline-a272e51d\"><span class=\"gb-icon\"><svg xmlns=\"http:\/\/www.w3.org\/2000\/svg\" fill=\"none\" viewbox=\"0 0 12 13\" height=\"13\" width=\"12\"> <path fill=\"#8F9BB3\" d=\"M9.50391 3.06201L6.25141 5.29601C6.09791 5.38351 5.90991 5.38351 5.75641 5.29601L2.50391 3.06201H9.50391ZM9.50391 2.06201H2.50391C1.67691 2.06201 1.00391 2.73501 1.00391 3.56201V8.56201C1.00391 9.38901 1.67691 10.062 2.50391 10.062H9.50391C10.3309 10.062 11.0039 9.38901 11.0039 8.56201V3.56201C11.0039 2.73501 10.3309 2.06201 9.50391 2.06201Z\" clip-rule=\"evenodd\" fill-rule=\"evenodd\"><\/path> <\/svg><\/span><span class=\"gb-headline-text\">+40 745 560 320<\/span><\/p>\n\n\n\n<p class=\"gb-headline gb-headline-652e2c80\"><span class=\"gb-icon\"><svg xmlns=\"http:\/\/www.w3.org\/2000\/svg\" fill=\"none\" viewbox=\"0 0 12 13\" height=\"13\" width=\"12\"> <path fill=\"#8F9BB3\" d=\"M6 4.06201C5.5865 4.06201 5.25 4.39851 5.25 4.81201C5.25 5.22551 5.5865 5.56201 6 5.56201C6.4135 5.56201 6.75 5.22551 6.75 4.81201C6.75 4.39851 6.4135 4.06201 6 4.06201ZM6 6.56201C5.035 6.56201 4.25 5.77701 4.25 4.81201C4.25 3.84701 5.035 3.06201 6 3.06201C6.965 3.06201 7.75 3.84701 7.75 4.81201C7.75 5.77701 6.965 6.56201 6 6.56201ZM6 1.06201C3.7945 1.06201 2 2.83901 2 5.02351C2 7.76051 5.5245 10.813 5.6745 10.9415C5.7685 11.022 5.884 11.062 6 11.062C6.116 11.062 6.2315 11.022 6.3255 10.9415C6.4755 10.813 10 7.76051 10 5.02351C10 2.83901 8.2055 1.06201 6 1.06201Z\" clip-rule=\"evenodd\" fill-rule=\"evenodd\"><\/path> <\/svg><\/span><span class=\"gb-headline-text\">office@epoint.ro<\/span><\/p>\n<\/div>\n\n<\/div><\/div><\/div>\n<\/div>\n<\/div><\/div>","protected":false},"excerpt":{"rendered":"","protected":false},"author":1,"featured_media":0,"parent":0,"menu_order":0,"comment_status":"closed","ping_status":"closed","template":"","meta":{"_acf_changed":false,"inline_featured_image":false,"footnotes":""},"class_list":{"0":"post-330","1":"page","2":"type-page","3":"status-publish","5":"infinite-scroll-item"},"acf":[],"yoast_head":"<!-- This site is optimized with the Yoast SEO plugin v27.3 - https:\/\/yoast.com\/product\/yoast-seo-wordpress\/ -->\n<title>Contact us - epoint.digital - Wien D\u00fcsseldorf Z\u00fcrich<\/title>\n<meta name=\"robots\" content=\"index, follow, max-snippet:-1, max-image-preview:large, max-video-preview:-1\" \/>\n<link rel=\"canonical\" href=\"https:\/\/epoint.at\/de\/kontaktieren-sie-uns\/\" \/>\n<meta property=\"og:locale\" content=\"de_DE\" \/>\n<meta property=\"og:type\" content=\"article\" \/>\n<meta property=\"og:title\" content=\"Contact us - epoint.digital - Wien D\u00fcsseldorf Z\u00fcrich\" \/>\n<meta property=\"og:url\" content=\"https:\/\/epoint.at\/de\/kontaktieren-sie-uns\/\" \/>\n<meta property=\"og:site_name\" content=\"epoint.digital - Wien D\u00fcsseldorf Z\u00fcrich\" \/>\n<meta property=\"article:publisher\" content=\"https:\/\/www.facebook.com\/epoint.digital.agency\/\" \/>\n<meta property=\"article:modified_time\" content=\"2023-10-09T13:34:01+00:00\" \/>\n<meta property=\"og:image\" content=\"https:\/\/epoint.at\/wp-content\/uploads\/2022\/11\/de-map.webp\" \/>\n<meta name=\"twitter:card\" content=\"summary_large_image\" \/>\n<meta name=\"twitter:label1\" content=\"Gesch\u00e4tzte Lesezeit\" \/>\n\t<meta name=\"twitter:data1\" content=\"1\u00a0Minute\" \/>\n<script type=\"application\/ld+json\" class=\"yoast-schema-graph\">{\"@context\":\"https:\\\/\\\/schema.org\",\"@graph\":[{\"@type\":\"WebPage\",\"@id\":\"https:\\\/\\\/epoint.at\\\/de\\\/contact-us\\\/\",\"url\":\"https:\\\/\\\/epoint.at\\\/de\\\/contact-us\\\/\",\"name\":\"Contact us - epoint.digital - Wien D\u00fcsseldorf Z\u00fcrich\",\"isPartOf\":{\"@id\":\"https:\\\/\\\/epoint.at\\\/#website\"},\"primaryImageOfPage\":{\"@id\":\"https:\\\/\\\/epoint.at\\\/de\\\/contact-us\\\/#primaryimage\"},\"image\":{\"@id\":\"https:\\\/\\\/epoint.at\\\/de\\\/contact-us\\\/#primaryimage\"},\"thumbnailUrl\":\"https:\\\/\\\/epoint.at\\\/wp-content\\\/uploads\\\/2022\\\/11\\\/de-map.webp\",\"datePublished\":\"2022-11-10T12:20:57+00:00\",\"dateModified\":\"2023-10-09T13:34:01+00:00\",\"breadcrumb\":{\"@id\":\"https:\\\/\\\/epoint.at\\\/de\\\/contact-us\\\/#breadcrumb\"},\"inLanguage\":\"de\",\"potentialAction\":[{\"@type\":\"ReadAction\",\"target\":[\"https:\\\/\\\/epoint.at\\\/de\\\/contact-us\\\/\"]}]},{\"@type\":\"ImageObject\",\"inLanguage\":\"de\",\"@id\":\"https:\\\/\\\/epoint.at\\\/de\\\/contact-us\\\/#primaryimage\",\"url\":\"https:\\\/\\\/epoint.at\\\/wp-content\\\/uploads\\\/2022\\\/11\\\/de-map.webp\",\"contentUrl\":\"https:\\\/\\\/epoint.at\\\/wp-content\\\/uploads\\\/2022\\\/11\\\/de-map.webp\"},{\"@type\":\"BreadcrumbList\",\"@id\":\"https:\\\/\\\/epoint.at\\\/de\\\/contact-us\\\/#breadcrumb\",\"itemListElement\":[{\"@type\":\"ListItem\",\"position\":1,\"name\":\"Home\",\"item\":\"https:\\\/\\\/epoint.at\\\/\"},{\"@type\":\"ListItem\",\"position\":2,\"name\":\"Contact us\"}]},{\"@type\":\"WebSite\",\"@id\":\"https:\\\/\\\/epoint.at\\\/#website\",\"url\":\"https:\\\/\\\/epoint.at\\\/\",\"name\":\"epoint.digital - design. engineering. marketing\",\"description\":\"\",\"publisher\":{\"@id\":\"https:\\\/\\\/epoint.at\\\/#organization\"},\"potentialAction\":[{\"@type\":\"SearchAction\",\"target\":{\"@type\":\"EntryPoint\",\"urlTemplate\":\"https:\\\/\\\/epoint.at\\\/?s={search_term_string}\"},\"query-input\":{\"@type\":\"PropertyValueSpecification\",\"valueRequired\":true,\"valueName\":\"search_term_string\"}}],\"inLanguage\":\"de\"},{\"@type\":\"Organization\",\"@id\":\"https:\\\/\\\/epoint.at\\\/#organization\",\"name\":\"epoint.digital - design. engineering. marketing agency\",\"url\":\"https:\\\/\\\/epoint.at\\\/\",\"logo\":{\"@type\":\"ImageObject\",\"inLanguage\":\"de\",\"@id\":\"https:\\\/\\\/epoint.at\\\/#\\\/schema\\\/logo\\\/image\\\/\",\"url\":\"https:\\\/\\\/epoint.at\\\/wp-content\\\/uploads\\\/2022\\\/11\\\/logo_epoint.svg\",\"contentUrl\":\"https:\\\/\\\/epoint.at\\\/wp-content\\\/uploads\\\/2022\\\/11\\\/logo_epoint.svg\",\"width\":800,\"height\":800,\"caption\":\"epoint.digital - design. engineering. marketing agency\"},\"image\":{\"@id\":\"https:\\\/\\\/epoint.at\\\/#\\\/schema\\\/logo\\\/image\\\/\"},\"sameAs\":[\"https:\\\/\\\/www.facebook.com\\\/epoint.digital.agency\\\/\",\"https:\\\/\\\/www.linkedin.com\\\/company\\\/1155118\"]}]}<\/script>\n<!-- \/ Yoast SEO plugin. -->","yoast_head_json":{"title":"Kontaktieren Sie uns - epoint.digital - Wien D\u00fcsseldorf Z\u00fcrich","robots":{"index":"index","follow":"follow","max-snippet":"max-snippet:-1","max-image-preview":"max-image-preview:large","max-video-preview":"max-video-preview:-1"},"canonical":"https:\/\/epoint.at\/de\/kontaktieren-sie-uns\/","og_locale":"de_DE","og_type":"article","og_title":"Contact us - epoint.digital - Wien D\u00fcsseldorf Z\u00fcrich","og_url":"https:\/\/epoint.at\/de\/kontaktieren-sie-uns\/","og_site_name":"epoint.digital - Wien D\u00fcsseldorf Z\u00fcrich","article_publisher":"https:\/\/www.facebook.com\/epoint.digital.agency\/","article_modified_time":"2023-10-09T13:34:01+00:00","og_image":[{"url":"https:\/\/epoint.at\/wp-content\/uploads\/2022\/11\/de-map.webp","type":"","width":"","height":""}],"twitter_card":"summary_large_image","twitter_misc":{"Gesch\u00e4tzte Lesezeit":"1\u00a0Minute"},"schema":{"@context":"https:\/\/schema.org","@graph":[{"@type":"WebPage","@id":"https:\/\/epoint.at\/de\/contact-us\/","url":"https:\/\/epoint.at\/de\/contact-us\/","name":"Kontaktieren Sie uns - epoint.digital - Wien D\u00fcsseldorf Z\u00fcrich","isPartOf":{"@id":"https:\/\/epoint.at\/#website"},"primaryImageOfPage":{"@id":"https:\/\/epoint.at\/de\/contact-us\/#primaryimage"},"image":{"@id":"https:\/\/epoint.at\/de\/contact-us\/#primaryimage"},"thumbnailUrl":"https:\/\/epoint.at\/wp-content\/uploads\/2022\/11\/de-map.webp","datePublished":"2022-11-10T12:20:57+00:00","dateModified":"2023-10-09T13:34:01+00:00","breadcrumb":{"@id":"https:\/\/epoint.at\/de\/contact-us\/#breadcrumb"},"inLanguage":"de","potentialAction":[{"@type":"ReadAction","target":["https:\/\/epoint.at\/de\/contact-us\/"]}]},{"@type":"ImageObject","inLanguage":"de","@id":"https:\/\/epoint.at\/de\/contact-us\/#primaryimage","url":"https:\/\/epoint.at\/wp-content\/uploads\/2022\/11\/de-map.webp","contentUrl":"https:\/\/epoint.at\/wp-content\/uploads\/2022\/11\/de-map.webp"},{"@type":"BreadcrumbList","@id":"https:\/\/epoint.at\/de\/contact-us\/#breadcrumb","itemListElement":[{"@type":"ListItem","position":1,"name":"Home","item":"https:\/\/epoint.at\/"},{"@type":"ListItem","position":2,"name":"Contact us"}]},{"@type":"WebSite","@id":"https:\/\/epoint.at\/#website","url":"https:\/\/epoint.at\/","name":"epoint.digital - Entwurf. Technik. Marketing","description":"","publisher":{"@id":"https:\/\/epoint.at\/#organization"},"potentialAction":[{"@type":"SearchAction","target":{"@type":"EntryPoint","urlTemplate":"https:\/\/epoint.at\/?s={search_term_string}"},"query-input":{"@type":"PropertyValueSpecification","valueRequired":true,"valueName":"search_term_string"}}],"inLanguage":"de"},{"@type":"Organization","@id":"https:\/\/epoint.at\/#organization","name":"epoint.digital - Agentur f\u00fcr Design, Technik und Marketing","url":"https:\/\/epoint.at\/","logo":{"@type":"ImageObject","inLanguage":"de","@id":"https:\/\/epoint.at\/#\/schema\/logo\/image\/","url":"https:\/\/epoint.at\/wp-content\/uploads\/2022\/11\/logo_epoint.svg","contentUrl":"https:\/\/epoint.at\/wp-content\/uploads\/2022\/11\/logo_epoint.svg","width":800,"height":800,"caption":"epoint.digital - design. engineering. marketing agency"},"image":{"@id":"https:\/\/epoint.at\/#\/schema\/logo\/image\/"},"sameAs":["https:\/\/www.facebook.com\/epoint.digital.agency\/","https:\/\/www.linkedin.com\/company\/1155118"]}]}},"_links":{"self":[{"href":"https:\/\/epoint.at\/de\/wp-json\/wp\/v2\/pages\/330","targetHints":{"allow":["GET"]}}],"collection":[{"href":"https:\/\/epoint.at\/de\/wp-json\/wp\/v2\/pages"}],"about":[{"href":"https:\/\/epoint.at\/de\/wp-json\/wp\/v2\/types\/page"}],"author":[{"embeddable":true,"href":"https:\/\/epoint.at\/de\/wp-json\/wp\/v2\/users\/1"}],"replies":[{"embeddable":true,"href":"https:\/\/epoint.at\/de\/wp-json\/wp\/v2\/comments?post=330"}],"version-history":[{"count":27,"href":"https:\/\/epoint.at\/de\/wp-json\/wp\/v2\/pages\/330\/revisions"}],"predecessor-version":[{"id":3108,"href":"https:\/\/epoint.at\/de\/wp-json\/wp\/v2\/pages\/330\/revisions\/3108"}],"wp:attachment":[{"href":"https:\/\/epoint.at\/de\/wp-json\/wp\/v2\/media?parent=330"}],"curies":[{"name":"wp","href":"https:\/\/api.w.org\/{rel}","templated":true}]}}