{"id":2913,"date":"2023-09-23T08:24:37","date_gmt":"2023-09-23T08:24:37","guid":{"rendered":"https:\/\/new.epoint.at\/?page_id=2913"},"modified":"2023-11-02T13:09:36","modified_gmt":"2023-11-02T10:09:36","slug":"was-wir-tun","status":"publish","type":"page","link":"https:\/\/epoint.at\/de\/was-wir-tun\/","title":{"rendered":"Dienstleistungen"},"content":{"rendered":"<div class=\"gb-container gb-container-8da46529\"><div class=\"gb-inside-container\">\n\n<div class=\"wp-block-ab-animate\" data-scroll-class=\"fadeIn\" data-scroll-threshold=\"20\" style=\"animation-duration:1s\">\n<h1 class=\"gb-headline gb-headline-dd08a730 gb-headline-text\">Dienstleistungen<\/h1>\n\n\n\n<p style=\"font-size:20px\"><mark style=\"background-color:rgba(0, 0, 0, 0)\" class=\"has-inline-color has-basic-100-color\">Wir verstehen, wie wichtig eine starke Online-Pr\u00e4senz ist, und sind entschlossen, unseren Kunden zu helfen, dieses Ziel zu erreichen.<\/mark> <mark style=\"background-color:rgba(0, 0, 0, 0)\" class=\"has-inline-color has-basic-100-color\">Mit unserer praktischen Expertise entwickeln wir innovative digitale L\u00f6sungen, die sich positiv auf Ihr Gesch\u00e4ft auswirken und Ihnen helfen, Ihre Wettbewerber zu \u00fcbertreffen.<\/mark><\/p>\n<\/div>\n\n\n\n<div class=\"wp-block-ab-animate\" data-scroll-class=\"fadeInUp\" data-scroll-threshold=\"20\" style=\"animation-duration:1s\"><div class=\"gb-button-wrapper gb-button-wrapper-c5b67515\">\n\n<a class=\"gb-button gb-button-962bbab0 smooth-scroll\" href=\"#contact\"><span class=\"gb-button-text\">Beratungsgespr\u00e4ch vereinbaren<\/span><span class=\"gb-icon\"><svg xmlns=\"http:\/\/www.w3.org\/2000\/svg\" fill=\"none\" viewbox=\"0 0 24 24\" height=\"24\" width=\"24\"> <g clip-path=\"url(#clip0_5493_25719)\"> <path fill=\"white\" d=\"M17.0125 10.75H2V13.25H17.0125V17L22 12L17.0125 7V10.75Z\"><\/path> <\/g> <defs> <clippath id=\"clip0_5493_25719\"> <rect fill=\"white\" height=\"24\" width=\"24\"><\/rect> <\/clippath> <\/defs> <\/svg><\/span><\/a>\n\n<\/div><\/div>\n\n<\/div><\/div>\n\n<div class=\"gb-container gb-container-f34ea345\"><div class=\"gb-inside-container\">\n<div class=\"gb-container gb-container-a0babaae\"><div class=\"gb-inside-container\">\n<div class=\"gb-container gb-container-cf568a26\"><div class=\"gb-inside-container\">\n<div class=\"gb-grid-wrapper gb-grid-wrapper-ca5d5055\">\n<div class=\"gb-grid-column gb-grid-column-fac75c73\"><div class=\"gb-container gb-container-fac75c73\"><div class=\"gb-inside-container\">\n\n<div class=\"wp-block-ab-animate ab-is-hidden\" data-scroll-class=\"fadeInUp\" data-scroll-threshold=\"20\" style=\"animation-duration:1s\">\n<h2 class=\"gb-headline gb-headline-d12ad0a4\"><span class=\"gb-icon\"><svg xmlns=\"http:\/\/www.w3.org\/2000\/svg\" fill=\"none\" viewbox=\"0 0 32 32\" height=\"32\" width=\"32\"> <path fill=\"#4F80FD\" d=\"M25 16L0 30.5L1.26184e-06 1.5L25 16Z\"><\/path> <path fill=\"#4F80FD\" d=\"M32 16L7 30.5L7 1.5L32 16Z\"><\/path> <\/svg><\/span><span class=\"gb-headline-text\">+5.000<\/span><\/h2>\n\n\n\n<p class=\"gb-headline gb-headline-b7eba404 gb-headline-text\">t\u00e4gliche downloads<\/p>\n<\/div>\n\n<\/div><\/div><\/div>\n\n<div class=\"gb-grid-column gb-grid-column-c08fe1ef\"><div class=\"gb-container gb-container-c08fe1ef\"><div class=\"gb-inside-container\">\n\n<div class=\"wp-block-ab-animate ab-is-hidden\" data-scroll-class=\"fadeInUp\" data-scroll-delay=\"120\" data-scroll-threshold=\"20\" style=\"animation-duration:1s\">\n<h2 class=\"gb-headline gb-headline-d81204dd\"><span class=\"gb-icon\"><svg xmlns=\"http:\/\/www.w3.org\/2000\/svg\" fill=\"none\" viewbox=\"0 0 32 32\" height=\"32\" width=\"32\"> <rect fill=\"#4F80FD\" transform=\"rotate(90 21.5 10.5)\" height=\"21.5\" width=\"21.5\" y=\"10.5\" x=\"21.5\"><\/rect> <rect fill=\"#4F80FD\" transform=\"rotate(90 32 0)\" height=\"21.5\" width=\"21.5\" x=\"32\"><\/rect> <\/svg><\/span><span class=\"gb-headline-text\">9.000+<\/span><\/h2>\n\n\n\n<p class=\"gb-headline gb-headline-66e0cf3b gb-headline-text\">magento shops in Deutschland<\/p>\n<\/div>\n\n<\/div><\/div><\/div>\n\n<div class=\"gb-grid-column gb-grid-column-950e6e68\"><div class=\"gb-container gb-container-950e6e68\"><div class=\"gb-inside-container\">\n\n<div class=\"wp-block-ab-animate\" data-scroll-class=\"fadeInUp\" data-scroll-delay=\"200\" data-scroll-threshold=\"20\" style=\"animation-duration:1s\">\n<h2 class=\"gb-headline gb-headline-477e7b27\"><span class=\"gb-icon\"><svg xmlns=\"http:\/\/www.w3.org\/2000\/svg\" fill=\"none\" viewbox=\"0 0 32 32\" height=\"32\" width=\"32\"> <g clip-path=\"url(#clip0_5493_42047)\"> <path fill=\"#4F80FD\" d=\"M32 16C32 24.8366 24.8366 32 16 32C7.16344 32 0 24.8366 0 16C0 7.16344 7.16344 0 16 0C24.8366 0 32 7.16344 32 16Z\"><\/path> <\/g> <defs> <clippath id=\"clip0_5493_42047\"> <rect fill=\"white\" height=\"32\" width=\"32\"><\/rect> <\/clippath> <\/defs> <\/svg><\/span><span class=\"gb-headline-text\">&gt;7%<\/span><\/h2>\n\n\n\n<p class=\"gb-headline gb-headline-ec106867 gb-headline-text\">Marktanteil weltweit<\/p>\n<\/div>\n\n<\/div><\/div><\/div>\n<\/div>\n<\/div><\/div>\n<\/div><\/div>\n<\/div><\/div>\n\n<div class=\"gb-container gb-container-fc3e5bd4\" id=\"text-container\"><div class=\"gb-inside-container\">\n<div class=\"gb-grid-wrapper gb-grid-wrapper-84feac9b\">\n<div class=\"gb-grid-column gb-grid-column-3a0b0d53\"><div class=\"gb-container gb-container-3a0b0d53\"><div class=\"gb-inside-container\">\n\n<div class=\"wp-block-ab-animate ab-is-hidden\" data-scroll-class=\"fadeInUp\" data-scroll-threshold=\"10\" style=\"animation-duration:1s\">\n<h2 class=\"gb-headline gb-headline-ce888532 gb-headline-text\">Unser Ansatz<\/h2>\n<\/div>\n\n<\/div><\/div><\/div>\n\n<div class=\"gb-grid-column gb-grid-column-95b2e003\"><div class=\"gb-container gb-container-95b2e003\"><div class=\"gb-inside-container\">\n\n<div class=\"wp-block-ab-animate ab-is-hidden\" data-scroll-class=\"fadeInUp\" data-scroll-delay=\"100\" data-scroll-threshold=\"10\" style=\"animation-duration:1s\">\n<p class=\"gb-headline gb-headline-0fc0c125 gb-headline-text\">Wir verstehen, dass jedes Unternehmen einzigartig ist. Deshalb verfolgen wir einen ganzheitlichen Ansatz, der nicht nur Design und Entwicklung, sondern auch SEO, Sicherheit und Performance ber\u00fccksichtigt. Wir arbeiten eng mit unseren Kunden zusammen, um ihre Gesch\u00e4ftsziele zu verstehen und eine ma\u00dfgeschneiderte L\u00f6sung zu entwickeln, die diesen Zielen gerecht wird.<\/p>\n\n\n\n<p class=\"gb-headline gb-headline-ddf93d9d gb-headline-text\">In unserer Epoint-Agentur glauben wir daran, die hochwertigsten Dienstleistungen anzubieten. Deshalb arbeiten wir eng mit unseren Kunden w\u00e4hrend des gesamten Prozesses zusammen. Vom ersten Beratungsgespr\u00e4ch \u00fcber die Design- und Entwicklungsphase bis hin zum Launch und der fortlaufenden Wartung sind wir in jedem Schritt an Ihrer Seite, um sicherzustellen, dass Ihre Website erfolgreich ist. Wir verstehen, dass jedes Unternehmen einzigartig ist, und setzen uns daf\u00fcr ein, eine ma\u00dfgeschneiderte L\u00f6sung zu entwickeln, die Ihren spezifischen Bed\u00fcrfnissen gerecht wird.<\/p>\n<\/div>\n\n<\/div><\/div><\/div>\n<\/div>\n<\/div><\/div>\n\n<div class=\"gb-container gb-container-d024bd26\" id=\"text-container\"><div class=\"gb-inside-container\">\n<div class=\"gb-grid-wrapper gb-grid-wrapper-611d9e40\">\n<div class=\"gb-grid-column gb-grid-column-63ebd78c\"><div class=\"gb-container gb-container-63ebd78c\"><div class=\"gb-inside-container\">\n\n<div class=\"wp-block-ab-animate ab-is-hidden\" data-scroll-class=\"fadeInUp\" data-scroll-threshold=\"10\" style=\"animation-duration:1s\">\n<h2 class=\"gb-headline gb-headline-c9ac23b6 gb-headline-text\">Entdecken<\/h2>\n<\/div>\n\n<\/div><\/div><\/div>\n\n<div class=\"gb-grid-column gb-grid-column-8e3be3f2\"><div class=\"gb-container gb-container-8e3be3f2\"><div class=\"gb-inside-container\">\n\n<div class=\"wp-block-ab-animate ab-is-hidden\" data-scroll-class=\"fadeInUp\" data-scroll-delay=\"100\" data-scroll-threshold=\"10\" style=\"animation-duration:1s\">\n<p class=\"gb-headline gb-headline-38750f05 gb-headline-text\">Der Ausgangspunkt unseres kreativen Ansatzes besteht darin, Ihr Gesch\u00e4ftsmodell und Ihre Zielgruppe zu analysieren. Wir untersuchen Ihr Projekt, erstellen einen Zeitplan und legen die Grundlagen f\u00fcr die ersten Bausteine.<\/p>\n\n\n\n<ul class=\"wp-block-list\">\n<li>ENTDECKUNG<\/li>\n\n\n\n<li>GESCH\u00c4FTSFALLANALYSE<\/li>\n\n\n\n<li>INTERESSENSVERTRETER<\/li>\n\n\n\n<li>PERSONAS<\/li>\n\n\n\n<li>WIREFRAMES<\/li>\n\n\n\n<li>SEITENARCHITEKTUR<\/li>\n\n\n\n<li>NUTZERROLLEN UND RECHTE<\/li>\n<\/ul>\n<\/div>\n\n<\/div><\/div><\/div>\n<\/div>\n<\/div><\/div>\n\n<div class=\"gb-container gb-container-3e41242b\" id=\"text-container\"><div class=\"gb-inside-container\">\n<div class=\"gb-grid-wrapper gb-grid-wrapper-d54b7d7b\">\n<div class=\"gb-grid-column gb-grid-column-9d37ee07\"><div class=\"gb-container gb-container-9d37ee07\"><div class=\"gb-inside-container\">\n\n<div class=\"wp-block-ab-animate ab-is-hidden\" data-scroll-class=\"fadeInUp\" data-scroll-threshold=\"10\" style=\"animation-duration:1s\">\n<h2 class=\"gb-headline gb-headline-dae9a779 gb-headline-text\">Gestaltung<\/h2>\n<\/div>\n\n<\/div><\/div><\/div>\n\n<div class=\"gb-grid-column gb-grid-column-53bf6f0c\"><div class=\"gb-container gb-container-53bf6f0c\"><div class=\"gb-inside-container\">\n\n<div class=\"wp-block-ab-animate ab-is-hidden\" data-scroll-class=\"fadeInUp\" data-scroll-delay=\"100\" data-scroll-threshold=\"10\" style=\"animation-duration:1s\">\n<p class=\"gb-headline gb-headline-561eaf83 gb-headline-text\">\u201eDie Form folgt der Funktion\u201c \u2013 dieses Prinzip leitet uns in der Designphase. Um den Nutzern einen klaren und einfachen Weg zu ihrem Ziel zu bieten, ist es entscheidend, sich auf ihr gesamtes Erlebnis zu konzentrieren. Wir beginnen mit der Gestaltung des visuellen Teils Ihres Projekts, basierend auf den Informationen aus der ersten Phase. Dabei legen wir Wert auf lebendige Konzepte, entwickeln Templates und gestalten das grafische Look &amp; Feel.<\/p>\n\n\n\n<ul class=\"wp-block-list\">\n<li>MOODBOARDS<\/li>\n\n\n\n<li>BRANDING<\/li>\n\n\n\n<li>STYLEGUIDES \/ DESIGN SYSTEME <\/li>\n\n\n\n<li>BILDSCHIRM-GESTALTUNG<\/li>\n\n\n\n<li>UI \/ UX<\/li>\n\n\n\n<li>PROTOTYPING<\/li>\n<\/ul>\n<\/div>\n\n<\/div><\/div><\/div>\n<\/div>\n<\/div><\/div>\n\n<div class=\"gb-container gb-container-0080bb5e\" id=\"text-container\"><div class=\"gb-inside-container\">\n<div class=\"gb-grid-wrapper gb-grid-wrapper-4c093439\">\n<div class=\"gb-grid-column gb-grid-column-fbd6f0c8\"><div class=\"gb-container gb-container-fbd6f0c8\"><div class=\"gb-inside-container\">\n\n<div class=\"wp-block-ab-animate ab-is-hidden\" data-scroll-class=\"fadeInUp\" data-scroll-threshold=\"10\" style=\"animation-duration:1s\">\n<h2 class=\"gb-headline gb-headline-c84967df gb-headline-text\">Entwicklung<\/h2>\n<\/div>\n\n<\/div><\/div><\/div>\n\n<div class=\"gb-grid-column gb-grid-column-6c64572a\"><div class=\"gb-container gb-container-6c64572a\"><div class=\"gb-inside-container\">\n\n<div class=\"wp-block-ab-animate ab-is-hidden\" data-scroll-class=\"fadeInUp\" data-scroll-delay=\"100\" data-scroll-threshold=\"10\" style=\"animation-duration:1s\">\n<p class=\"gb-headline gb-headline-ccd97a23 gb-headline-text\">Die Entwicklungsphase orientiert sich an spezifischen Zielen und Vorgaben, um die erforderliche Funktionalit\u00e4t des Projekts bereitzustellen. Wir wissen, dass jede Zeile Code entscheidend f\u00fcr den Erfolg Ihres Online-Gesch\u00e4fts ist. Deshalb legen wir gro\u00dfen Wert auf sichere und gut konzipierte L\u00f6sungen.<\/p>\n\n\n\n<ul class=\"wp-block-list\">\n<li>EINRICHTUNG DER UMGEBUNG<\/li>\n\n\n\n<li>BACK-END DEVELOPMENT<\/li>\n\n\n\n<li>FRONT-ENT DEVELOPMENT<\/li>\n\n\n\n<li>TESTING<\/li>\n\n\n\n<li>DEVOPS <\/li>\n\n\n\n<li>DEPLOYMEMT<\/li>\n<\/ul>\n<\/div>\n\n<\/div><\/div><\/div>\n<\/div>\n<\/div><\/div>\n\n<div class=\"gb-container gb-container-d36b3aaa\" id=\"text-container\"><div class=\"gb-inside-container\">\n<div class=\"gb-grid-wrapper gb-grid-wrapper-011aab8c\">\n<div class=\"gb-grid-column gb-grid-column-076d1f32\"><div class=\"gb-container gb-container-076d1f32\"><div class=\"gb-inside-container\">\n\n<div class=\"wp-block-ab-animate ab-is-hidden\" data-scroll-class=\"fadeInUp\" data-scroll-threshold=\"10\" style=\"animation-duration:1s\">\n<h2 class=\"gb-headline gb-headline-3c34f18a gb-headline-text\">Website Wartung<\/h2>\n<\/div>\n\n<\/div><\/div><\/div>\n\n<div class=\"gb-grid-column gb-grid-column-66ca7e2f\"><div class=\"gb-container gb-container-66ca7e2f\"><div class=\"gb-inside-container\">\n\n<div class=\"wp-block-ab-animate ab-is-hidden\" data-scroll-class=\"fadeInUp\" data-scroll-delay=\"100\" data-scroll-threshold=\"10\" style=\"animation-duration:1s\">\n<p class=\"gb-headline gb-headline-8fc2fda3 gb-headline-text\">Wir wissen, dass Sie sichere, pr\u00e4zise Updates und aktualisierte Versionen oder rund um die Uhr Support f\u00fcr Ihr Projekt w\u00fcnschen. All diese Funktionen bieten wir unseren Partnern. Wir setzen auf eine nachhaltige Beziehung f\u00fcr Ihre Zukunft. Ihr Feedback ist uns sehr wichtig. Deshalb besprechen wir all diese Aspekte mit Ihnen, um eine gute Grundlage f\u00fcr unsere zuk\u00fcnftigen Projekte zu schaffen.<\/p>\n\n\n\n<ul class=\"wp-block-list\">\n<li>ST\u00c4NDIGE VERBESSERUNG  <\/li>\n\n\n\n<li>SICHERHEITS-UPGRADES<\/li>\n\n\n\n<li>SOFTWARE- UND HARDWARE-SKALIERUNG<\/li>\n\n\n\n<li>ITERATIONEN UND VER\u00d6FFENTLICHUNGEN<\/li>\n<\/ul>\n<\/div>\n\n<\/div><\/div><\/div>\n<\/div>\n<\/div><\/div>","protected":false},"excerpt":{"rendered":"","protected":false},"author":1,"featured_media":0,"parent":0,"menu_order":0,"comment_status":"closed","ping_status":"closed","template":"","meta":{"_acf_changed":false,"inline_featured_image":false,"footnotes":""},"class_list":{"0":"post-2913","1":"page","2":"type-page","3":"status-publish","5":"infinite-scroll-item"},"acf":[],"yoast_head":"<!-- This site is optimized with the Yoast SEO plugin v27.5 - https:\/\/yoast.com\/product\/yoast-seo-wordpress\/ -->\n<title>What we do - epoint.digital - Wien D\u00fcsseldorf Z\u00fcrich<\/title>\n<meta name=\"robots\" content=\"index, follow, max-snippet:-1, max-image-preview:large, max-video-preview:-1\" \/>\n<link rel=\"canonical\" href=\"https:\/\/epoint.at\/de\/was-wir-tun\/\" \/>\n<meta property=\"og:locale\" content=\"de_DE\" \/>\n<meta property=\"og:type\" content=\"article\" \/>\n<meta property=\"og:title\" content=\"What we do - epoint.digital - Wien D\u00fcsseldorf Z\u00fcrich\" \/>\n<meta property=\"og:url\" content=\"https:\/\/epoint.at\/de\/was-wir-tun\/\" \/>\n<meta property=\"og:site_name\" content=\"epoint.digital - Wien D\u00fcsseldorf Z\u00fcrich\" \/>\n<meta property=\"article:publisher\" content=\"https:\/\/www.facebook.com\/epoint.digital.agency\/\" \/>\n<meta property=\"article:modified_time\" content=\"2023-11-02T10:09:36+00:00\" \/>\n<meta name=\"twitter:card\" content=\"summary_large_image\" \/>\n<meta name=\"twitter:label1\" content=\"Gesch\u00e4tzte Lesezeit\" \/>\n\t<meta name=\"twitter:data1\" content=\"3\u00a0Minuten\" \/>\n<script type=\"application\/ld+json\" class=\"yoast-schema-graph\">{\"@context\":\"https:\\\/\\\/schema.org\",\"@graph\":[{\"@type\":\"WebPage\",\"@id\":\"https:\\\/\\\/epoint.at\\\/what-we-do\\\/\",\"url\":\"https:\\\/\\\/epoint.at\\\/what-we-do\\\/\",\"name\":\"What we do - epoint.digital - Wien D\u00fcsseldorf Z\u00fcrich\",\"isPartOf\":{\"@id\":\"https:\\\/\\\/epoint.at\\\/#website\"},\"datePublished\":\"2023-09-23T08:24:37+00:00\",\"dateModified\":\"2023-11-02T10:09:36+00:00\",\"breadcrumb\":{\"@id\":\"https:\\\/\\\/epoint.at\\\/what-we-do\\\/#breadcrumb\"},\"inLanguage\":\"de\",\"potentialAction\":[{\"@type\":\"ReadAction\",\"target\":[\"https:\\\/\\\/epoint.at\\\/what-we-do\\\/\"]}]},{\"@type\":\"BreadcrumbList\",\"@id\":\"https:\\\/\\\/epoint.at\\\/what-we-do\\\/#breadcrumb\",\"itemListElement\":[{\"@type\":\"ListItem\",\"position\":1,\"name\":\"Home\",\"item\":\"https:\\\/\\\/epoint.at\\\/\"},{\"@type\":\"ListItem\",\"position\":2,\"name\":\"What we do\"}]},{\"@type\":\"WebSite\",\"@id\":\"https:\\\/\\\/epoint.at\\\/#website\",\"url\":\"https:\\\/\\\/epoint.at\\\/\",\"name\":\"epoint.digital - design. engineering. marketing\",\"description\":\"\",\"publisher\":{\"@id\":\"https:\\\/\\\/epoint.at\\\/#organization\"},\"potentialAction\":[{\"@type\":\"SearchAction\",\"target\":{\"@type\":\"EntryPoint\",\"urlTemplate\":\"https:\\\/\\\/epoint.at\\\/?s={search_term_string}\"},\"query-input\":{\"@type\":\"PropertyValueSpecification\",\"valueRequired\":true,\"valueName\":\"search_term_string\"}}],\"inLanguage\":\"de\"},{\"@type\":\"Organization\",\"@id\":\"https:\\\/\\\/epoint.at\\\/#organization\",\"name\":\"epoint.digital - design. engineering. marketing agency\",\"url\":\"https:\\\/\\\/epoint.at\\\/\",\"logo\":{\"@type\":\"ImageObject\",\"inLanguage\":\"de\",\"@id\":\"https:\\\/\\\/epoint.at\\\/#\\\/schema\\\/logo\\\/image\\\/\",\"url\":\"https:\\\/\\\/epoint.at\\\/wp-content\\\/uploads\\\/2022\\\/11\\\/logo_epoint.svg\",\"contentUrl\":\"https:\\\/\\\/epoint.at\\\/wp-content\\\/uploads\\\/2022\\\/11\\\/logo_epoint.svg\",\"width\":800,\"height\":800,\"caption\":\"epoint.digital - design. engineering. marketing agency\"},\"image\":{\"@id\":\"https:\\\/\\\/epoint.at\\\/#\\\/schema\\\/logo\\\/image\\\/\"},\"sameAs\":[\"https:\\\/\\\/www.facebook.com\\\/epoint.digital.agency\\\/\",\"https:\\\/\\\/www.linkedin.com\\\/company\\\/1155118\"]}]}<\/script>\n<!-- \/ Yoast SEO plugin. -->","yoast_head_json":{"title":"Was wir tun - epoint.digital - Wien D\u00fcsseldorf Z\u00fcrich","robots":{"index":"index","follow":"follow","max-snippet":"max-snippet:-1","max-image-preview":"max-image-preview:large","max-video-preview":"max-video-preview:-1"},"canonical":"https:\/\/epoint.at\/de\/was-wir-tun\/","og_locale":"de_DE","og_type":"article","og_title":"What we do - epoint.digital - Wien D\u00fcsseldorf Z\u00fcrich","og_url":"https:\/\/epoint.at\/de\/was-wir-tun\/","og_site_name":"epoint.digital - Wien D\u00fcsseldorf Z\u00fcrich","article_publisher":"https:\/\/www.facebook.com\/epoint.digital.agency\/","article_modified_time":"2023-11-02T10:09:36+00:00","twitter_card":"summary_large_image","twitter_misc":{"Gesch\u00e4tzte Lesezeit":"3\u00a0Minuten"},"schema":{"@context":"https:\/\/schema.org","@graph":[{"@type":"WebPage","@id":"https:\/\/epoint.at\/what-we-do\/","url":"https:\/\/epoint.at\/what-we-do\/","name":"Was wir tun - epoint.digital - Wien D\u00fcsseldorf Z\u00fcrich","isPartOf":{"@id":"https:\/\/epoint.at\/#website"},"datePublished":"2023-09-23T08:24:37+00:00","dateModified":"2023-11-02T10:09:36+00:00","breadcrumb":{"@id":"https:\/\/epoint.at\/what-we-do\/#breadcrumb"},"inLanguage":"de","potentialAction":[{"@type":"ReadAction","target":["https:\/\/epoint.at\/what-we-do\/"]}]},{"@type":"BreadcrumbList","@id":"https:\/\/epoint.at\/what-we-do\/#breadcrumb","itemListElement":[{"@type":"ListItem","position":1,"name":"Home","item":"https:\/\/epoint.at\/"},{"@type":"ListItem","position":2,"name":"What we do"}]},{"@type":"WebSite","@id":"https:\/\/epoint.at\/#website","url":"https:\/\/epoint.at\/","name":"epoint.digital - Entwurf. Technik. Marketing","description":"","publisher":{"@id":"https:\/\/epoint.at\/#organization"},"potentialAction":[{"@type":"SearchAction","target":{"@type":"EntryPoint","urlTemplate":"https:\/\/epoint.at\/?s={search_term_string}"},"query-input":{"@type":"PropertyValueSpecification","valueRequired":true,"valueName":"search_term_string"}}],"inLanguage":"de"},{"@type":"Organization","@id":"https:\/\/epoint.at\/#organization","name":"epoint.digital - Agentur f\u00fcr Design, Technik und Marketing","url":"https:\/\/epoint.at\/","logo":{"@type":"ImageObject","inLanguage":"de","@id":"https:\/\/epoint.at\/#\/schema\/logo\/image\/","url":"https:\/\/epoint.at\/wp-content\/uploads\/2022\/11\/logo_epoint.svg","contentUrl":"https:\/\/epoint.at\/wp-content\/uploads\/2022\/11\/logo_epoint.svg","width":800,"height":800,"caption":"epoint.digital - design. engineering. marketing agency"},"image":{"@id":"https:\/\/epoint.at\/#\/schema\/logo\/image\/"},"sameAs":["https:\/\/www.facebook.com\/epoint.digital.agency\/","https:\/\/www.linkedin.com\/company\/1155118"]}]}},"_links":{"self":[{"href":"https:\/\/epoint.at\/de\/wp-json\/wp\/v2\/pages\/2913","targetHints":{"allow":["GET"]}}],"collection":[{"href":"https:\/\/epoint.at\/de\/wp-json\/wp\/v2\/pages"}],"about":[{"href":"https:\/\/epoint.at\/de\/wp-json\/wp\/v2\/types\/page"}],"author":[{"embeddable":true,"href":"https:\/\/epoint.at\/de\/wp-json\/wp\/v2\/users\/1"}],"replies":[{"embeddable":true,"href":"https:\/\/epoint.at\/de\/wp-json\/wp\/v2\/comments?post=2913"}],"version-history":[{"count":18,"href":"https:\/\/epoint.at\/de\/wp-json\/wp\/v2\/pages\/2913\/revisions"}],"predecessor-version":[{"id":3387,"href":"https:\/\/epoint.at\/de\/wp-json\/wp\/v2\/pages\/2913\/revisions\/3387"}],"wp:attachment":[{"href":"https:\/\/epoint.at\/de\/wp-json\/wp\/v2\/media?parent=2913"}],"curies":[{"name":"wp","href":"https:\/\/api.w.org\/{rel}","templated":true}]}}