{"id":2501,"date":"2023-07-17T13:18:37","date_gmt":"2023-07-17T13:18:37","guid":{"rendered":"https:\/\/new.epoint.at\/?page_id=2501"},"modified":"2023-11-07T16:36:50","modified_gmt":"2023-11-07T13:36:50","slug":"handy-applikation","status":"publish","type":"page","link":"https:\/\/epoint.at\/de\/handy-applikation\/","title":{"rendered":"Mobile App"},"content":{"rendered":"<div class=\"gb-container gb-container-8da46529\"><div class=\"gb-inside-container\">\n\n<div class=\"wp-block-ab-animate ab-is-hidden\" data-scroll-class=\"fadeIn\" data-scroll-threshold=\"20\" style=\"animation-duration:1.5s\">\n<h1 class=\"gb-headline gb-headline-dd08a730 gb-headline-text\">Lassen Sie uns gemeinsam Ihre Traum-App entwickeln: Bei epoint.digital ist Ihr Erfolg unsere Leidenschaft.<\/h1>\n<\/div>\n\n\n\n<div class=\"wp-block-ab-animate ab-is-hidden\" data-scroll-class=\"fadeInUp\" data-scroll-threshold=\"20\" style=\"animation-duration:1s\">\n<a class=\"gb-button gb-button-962bbab0 smooth-scroll\" href=\"#contact\"><span class=\"gb-button-text\">Gespr\u00e4ch vereinbaren<\/span><span class=\"gb-icon\"><svg xmlns=\"http:\/\/www.w3.org\/2000\/svg\" fill=\"none\" viewbox=\"0 0 24 24\" height=\"24\" width=\"24\"> <g clip-path=\"url(#clip0_5493_25719)\"> <path fill=\"white\" d=\"M17.0125 10.75H2V13.25H17.0125V17L22 12L17.0125 7V10.75Z\"><\/path> <\/g> <defs> <clippath id=\"clip0_5493_25719\"> <rect fill=\"white\" height=\"24\" width=\"24\"><\/rect> <\/clippath> <\/defs> <\/svg><\/span><\/a>\n<\/div>\n\n<\/div><\/div>\n\n<div class=\"gb-container gb-container-860a0890\" id=\"text-container\"><div class=\"gb-inside-container\">\n<div class=\"gb-grid-wrapper gb-grid-wrapper-cd2289c2\">\n<div class=\"gb-grid-column gb-grid-column-af63c735\"><div class=\"gb-container gb-container-af63c735\"><div class=\"gb-inside-container\">\n\n<div class=\"wp-block-ab-animate ab-is-hidden\" data-scroll-class=\"fadeInUp\" data-scroll-threshold=\"10\" style=\"animation-duration:1s\">\n<h2 class=\"gb-headline gb-headline-54963204 gb-headline-text\">Entfalten Sie das Potenzial Ihres Unternehmens mit einer ma\u00dfgeschneiderten mobilen App.<\/h2>\n<\/div>\n\n<\/div><\/div><\/div>\n\n<div class=\"gb-grid-column gb-grid-column-72efb99d\"><div class=\"gb-container gb-container-72efb99d\"><div class=\"gb-inside-container\">\n\n<div class=\"wp-block-ab-animate ab-is-hidden\" data-scroll-class=\"fadeInUp\" data-scroll-delay=\"100\" data-scroll-threshold=\"10\" style=\"animation-duration:1s\">\n<h6 class=\"gb-headline gb-headline-7e1a116f gb-headline-text\">Schlie\u00dfen Sie sich den 90 % der Unternehmen an, die in ma\u00dfgeschneiderte mobile Apps investieren, um ihr digitales Wachstum voranzutreiben.<\/h6>\n\n\n\n<p class=\"gb-headline gb-headline-908730f5 gb-headline-text\">Mobile Apps haben die Art und Weise, wie Unternehmen arbeiten, revolutioniert, und bei epoint.digital m\u00f6chten wir Ihnen helfen, Teil dieser digitalen Revolution zu werden. Wir erstellen ma\u00dfgeschneiderte mobile Apps, die auf Ihre einzigartigen Gesch\u00e4ftsbed\u00fcrfnisse und -ziele abgestimmt sind. Damit bieten wir Ihnen eine digitale Plattform, um Ihre Kunden zu engagieren, Ihre Abl\u00e4ufe zu optimieren und Ihre Marke zu st\u00e4rken. Da 90 % der Unternehmen in mobile Apps investieren, ist es an der Zeit, die Kraft der Digitalisierung zu nutzen, um Ihr Wachstum voranzutreiben.<\/p>\n<\/div>\n\n<\/div><\/div><\/div>\n<\/div>\n<\/div><\/div>\n\n<div class=\"gb-container gb-container-0e5437e9\" id=\"text-container\"><div class=\"gb-inside-container\">\n<div class=\"gb-grid-wrapper gb-grid-wrapper-40ef53be\">\n<div class=\"gb-grid-column gb-grid-column-a0f1f4e8\"><div class=\"gb-container gb-container-a0f1f4e8\"><div class=\"gb-inside-container\">\n\n<div class=\"wp-block-ab-animate ab-is-hidden\" data-scroll-class=\"fadeInUp\" data-scroll-threshold=\"10\" style=\"animation-duration:1s\">\n<h2 class=\"gb-headline gb-headline-827d06bf gb-headline-text\">\u00dcberwinden Sie die Komplexit\u00e4t der Entwicklung mobiler Apps.<\/h2>\n<\/div>\n\n<\/div><\/div><\/div>\n\n<div class=\"gb-grid-column gb-grid-column-399dfb18\"><div class=\"gb-container gb-container-399dfb18\"><div class=\"gb-inside-container\">\n\n<div class=\"wp-block-ab-animate ab-is-hidden\" data-scroll-class=\"fadeInUp\" data-scroll-delay=\"100\" data-scroll-threshold=\"10\" style=\"animation-duration:1s\">\n<h6 class=\"gb-headline gb-headline-35626fc4 gb-headline-text\">Navigieren Sie durch die Landschaft der mobilen App-Entwicklung, die von 2016 bis 2021 um 25 % komplexer geworden ist.<\/h6>\n\n\n\n<p class=\"gb-headline gb-headline-d2238317 gb-headline-text\">Die Entwicklung mobiler Apps kann ein komplexer Prozess sein, der von Jahr zu Jahr komplizierter wird. Mit neuen Technologien, sich \u00e4ndernden Verbrauchererwartungen und evolving Branchenstandards kann es leicht \u00fcberw\u00e4ltigend wirken. Aber keine Sorge! Bei epoint.digital verf\u00fcgen wir \u00fcber das Fachwissen, um diese Komplexit\u00e4ten zu meistern und eine hochwertige, benutzerfreundliche mobile App zu liefern, die Ihre Gesch\u00e4ftsziele erf\u00fcllt.<\/p>\n<\/div>\n\n<\/div><\/div><\/div>\n<\/div>\n<\/div><\/div>\n\n<div class=\"gb-container gb-container-66cdfceb\" id=\"text-container\"><div class=\"gb-inside-container\">\n<div class=\"gb-grid-wrapper gb-grid-wrapper-4a5747b5\">\n<div class=\"gb-grid-column gb-grid-column-65a5c6bd\"><div class=\"gb-container gb-container-65a5c6bd\"><div class=\"gb-inside-container\">\n\n<div class=\"wp-block-ab-animate ab-is-hidden\" data-scroll-class=\"fadeInUp\" data-scroll-threshold=\"10\" style=\"animation-duration:1s\">\n<h2 class=\"gb-headline gb-headline-c95db0cb gb-headline-text\">Unser bew\u00e4hrter Schritt-f\u00fcr-Schritt-Ansatz f\u00fcr eine erfolgreiche App-Entwicklung.<\/h2>\n<\/div>\n\n<\/div><\/div><\/div>\n\n<div class=\"gb-grid-column gb-grid-column-2e2cc451\"><div class=\"gb-container gb-container-2e2cc451\"><div class=\"gb-inside-container\">\n\n<div class=\"wp-block-ab-animate ab-is-hidden\" data-scroll-class=\"fadeInUp\" data-scroll-delay=\"100\" data-scroll-threshold=\"10\" style=\"animation-duration:1s\">\n<h6 class=\"gb-headline gb-headline-d8008b23 gb-headline-text\">Folgen Sie einem klaren Fahrplan zum Erfolg, der zu einer durchschnittlichen Verk\u00fcrzung der Markteinf\u00fchrungszeit um 30 % f\u00fchrt.<\/h6>\n\n\n\n<p class=\"gb-headline gb-headline-4b80cf37 gb-headline-text\">Unser strukturierter und erprobter Ansatz zur App-Entwicklung ist darauf ausgelegt, den Erfolg Ihres Projekts zu gew\u00e4hrleisten. Von der anf\u00e4nglichen Entdeckungsphase \u00fcber Design und Entwicklung bis hin zu Launch und Support begleiten wir Sie Schritt f\u00fcr Schritt. Dieser methodische Ansatz sichert nicht nur die Qualit\u00e4t, sondern optimiert auch den Prozess, was zu einer schnelleren Markteinf\u00fchrungszeit f\u00fchrt.<\/p>\n<\/div>\n\n<\/div><\/div><\/div>\n<\/div>\n<\/div><\/div>\n\n<div class=\"gb-container gb-container-53f83cae\" id=\"cta-consultant\"><div class=\"gb-inside-container\">\n<div class=\"gb-grid-wrapper gb-grid-wrapper-dd8a6ef6\">\n<div class=\"gb-grid-column gb-grid-column-5cf3d0cc\"><div class=\"gb-container gb-container-5cf3d0cc\"><div class=\"gb-inside-container\">\n\n<div class=\"wp-block-ab-animate ab-is-hidden\" data-scroll-class=\"fadeIn\" data-scroll-threshold=\"20\" style=\"animation-duration:1s\">\n<h4 class=\"gb-headline gb-headline-c879bdb1 gb-headline-text\">Wenn Sie bereit sind, die Vorteile mobiler Apps zu nutzen und Ihr Unternehmen zu transformieren, nehmen Sie noch heute Kontakt mit uns auf. <\/h4>\n\n\n\n<p class=\"has-basic-100-color has-text-color\">If you\u2019re ready to harness the power of mobile apps and transform your business, get in touch today.<\/p>\n\n\n\n<a class=\"gb-button gb-button-3e2a1699\" href=\"https:\/\/wa.me\/+4368181321209\"><span class=\"gb-button-text\">mit einem Berater reden<\/span><span class=\"gb-icon\"><svg xmlns=\"http:\/\/www.w3.org\/2000\/svg\" fill=\"none\" viewbox=\"0 0 24 24\" height=\"24\" width=\"24\"> <g clip-path=\"url(#clip0_5493_25719)\"> <path fill=\"white\" d=\"M17.0125 10.75H2V13.25H17.0125V17L22 12L17.0125 7V10.75Z\"><\/path> <\/g> <defs> <clippath id=\"clip0_5493_25719\"> <rect fill=\"white\" height=\"24\" width=\"24\"><\/rect> <\/clippath> <\/defs> <\/svg><\/span><\/a>\n<\/div>\n\n<\/div><\/div><\/div>\n\n<div class=\"gb-grid-column gb-grid-column-4b5cbf83\"><div class=\"gb-container gb-container-4b5cbf83\"><div class=\"gb-inside-container\">\n\n<div class=\"wp-block-ab-animate ab-is-hidden\" data-scroll-class=\"fadeIn\" data-scroll-delay=\"100\" data-scroll-threshold=\"20\" style=\"animation-duration:1s\"><div class=\"wp-block-image\">\n<figure class=\"aligncenter size-full\"><img fetchpriority=\"high\" decoding=\"async\" width=\"320\" height=\"270\" src=\"https:\/\/epoint.at\/wp-content\/uploads\/2023\/05\/Frame-1719-1.png\" alt=\"\" class=\"wp-image-1874\" srcset=\"https:\/\/epoint.at\/wp-content\/uploads\/2023\/05\/Frame-1719-1.png 320w, https:\/\/epoint.at\/wp-content\/uploads\/2023\/05\/Frame-1719-1-300x253.png 300w, https:\/\/epoint.at\/wp-content\/uploads\/2023\/05\/Frame-1719-1-14x12.png 14w\" sizes=\"(max-width: 320px) 100vw, 320px\" \/><\/figure>\n<\/div><\/div>\n\n\n\n<p class=\"has-text-align-center\" style=\"font-size:16px;font-style:normal;margin-bottom:0;font-weight:400;letter-spacing:1px\"><br><mark style=\"background-color:rgba(0, 0, 0, 0)\" class=\"has-inline-color has-basic-100-color\">DANIEL BANICA,<\/mark><\/p>\n\n\n\n<p class=\"has-text-align-center\" style=\"font-size:14px;font-style:normal;font-weight:600;letter-spacing:1px;text-transform:uppercase\"><mark style=\"background-color:rgba(0, 0, 0, 0)\" class=\"has-inline-color has-basic-100-color\">KUNDENBETREUER<\/mark><\/p>\n\n<\/div><\/div><\/div>\n<\/div>\n<\/div><\/div>\n\n<div class=\"gb-container gb-container-324682ea\" id=\"text-container\"><div class=\"gb-inside-container\">\n<div class=\"gb-grid-wrapper gb-grid-wrapper-0ab61e3a\">\n<div class=\"gb-grid-column gb-grid-column-faacf637\"><div class=\"gb-container gb-container-faacf637\"><div class=\"gb-inside-container\">\n\n<div class=\"wp-block-ab-animate ab-is-hidden\" data-scroll-class=\"fadeInUp\" data-scroll-threshold=\"10\" style=\"animation-duration:1s\">\n<h2 class=\"gb-headline gb-headline-7edc126b gb-headline-text\">Erzielen Sie eine h\u00f6here Kundenbindung und Unternehmenswachstum mit Ihrer neuen mobilen App.<\/h2>\n<\/div>\n\n<\/div><\/div><\/div>\n\n<div class=\"gb-grid-column gb-grid-column-623536d4\"><div class=\"gb-container gb-container-623536d4\"><div class=\"gb-inside-container\">\n\n<div class=\"wp-block-ab-animate ab-is-hidden\" data-scroll-class=\"fadeInUp\" data-scroll-delay=\"100\" data-scroll-threshold=\"10\" style=\"animation-duration:1s\">\n<h6 class=\"gb-headline gb-headline-83db0120 gb-headline-text\">Steigern Sie Ihre Kundenbindung um bis zu 50 %, wie es unsere Kunden im Durchschnitt getan haben.<\/h6>\n\n\n\n<p class=\"gb-headline gb-headline-8de83519 gb-headline-text\">Mobile Apps bieten eine unvergleichliche Plattform zur Kundenbindung. Mit einer von epoint.digital entwickelten mobilen App k\u00f6nnen Sie ein personalisiertes Erlebnis bieten, schnelle Interaktionen erm\u00f6glichen und einen einfachen Zugang zu Ihren Produkten oder Dienstleistungen schaffen. Unsere Kunden haben eine Steigerung der Kundenbindung um bis zu 50 % erlebt, was zu h\u00f6herer Loyalit\u00e4t und Unternehmenswachstum f\u00fchrt.<\/p>\n<\/div>\n\n<\/div><\/div><\/div>\n<\/div>\n<\/div><\/div>\n\n<div class=\"gb-container gb-container-8f8f19e3\" id=\"text-container\"><div class=\"gb-inside-container\">\n<div class=\"gb-grid-wrapper gb-grid-wrapper-d3c759b4\">\n<div class=\"gb-grid-column gb-grid-column-664876aa\"><div class=\"gb-container gb-container-664876aa\"><div class=\"gb-inside-container\">\n\n<div class=\"wp-block-ab-animate ab-is-hidden\" data-scroll-class=\"fadeInUp\" data-scroll-threshold=\"10\" style=\"animation-duration:1s\">\n<h2 class=\"gb-headline gb-headline-cb240f16 gb-headline-text\">Vermeiden Sie Fallstricke: W\u00e4hlen Sie professionelle App-Entwicklungsdienste f\u00fcr Ihre Sorgenfreiheit.<\/h2>\n<\/div>\n\n<\/div><\/div><\/div>\n\n<div class=\"gb-grid-column gb-grid-column-6198c227\"><div class=\"gb-container gb-container-6198c227\"><div class=\"gb-inside-container\">\n\n<div class=\"wp-block-ab-animate ab-is-hidden\" data-scroll-class=\"fadeInUp\" data-scroll-delay=\"100\" data-scroll-threshold=\"10\" style=\"animation-duration:1s\">\n<h6 class=\"gb-headline gb-headline-3a299550 gb-headline-text\">Vermeiden Sie die h\u00e4ufigen Fallstricke, die 2020 zum Scheitern von 32 % der mobilen App-Projekte f\u00fchrten.<\/h6>\n\n\n\n<p class=\"gb-headline gb-headline-4b93a576 gb-headline-text\">Die Entwicklung einer mobilen App ist eine erhebliche Investition, und Fehler k\u00f6nnen Sie teuer zu stehen kommen. Von unklaren Anforderungen bis hin zu unzureichenden Tests gibt es zahlreiche Fallstricke, die Ihr Projekt gef\u00e4hrden k\u00f6nnen. W\u00e4hlen Sie epoint.digital, um diese h\u00e4ufigen Fehler zu umgehen. Wir sorgen daf\u00fcr, dass Ihr mobiles App-Projekt reibungslos umgesetzt wird, und bieten Ihnen so die n\u00f6tige Sorgenfreiheit.<\/p>\n<\/div>\n\n<\/div><\/div><\/div>\n<\/div>\n<\/div><\/div>\n\n<div class=\"gb-container gb-container-4f6b82ae\" id=\"text-container\"><div class=\"gb-inside-container\">\n<div class=\"gb-grid-wrapper gb-grid-wrapper-814c1f57\">\n<div class=\"gb-grid-column gb-grid-column-04ecdb49\"><div class=\"gb-container gb-container-04ecdb49\"><div class=\"gb-inside-container\">\n\n<div class=\"wp-block-ab-animate ab-is-hidden\" data-scroll-class=\"fadeInUp\" data-scroll-threshold=\"10\" style=\"animation-duration:1s\">\n<h2 class=\"gb-headline gb-headline-e1fc712d gb-headline-text\">Die Gesch\u00e4ftstransformation steht bevor: Nutzen Sie die Vorteile einer professionell entwickelten mobilen App.<\/h2>\n<\/div>\n\n<\/div><\/div><\/div>\n\n<div class=\"gb-grid-column gb-grid-column-e638b6e9\"><div class=\"gb-container gb-container-e638b6e9\"><div class=\"gb-inside-container\">\n\n<div class=\"wp-block-ab-animate ab-is-hidden\" data-scroll-class=\"fadeInUp\" data-scroll-delay=\"100\" data-scroll-threshold=\"10\" style=\"animation-duration:1s\">\n<h6 class=\"gb-headline gb-headline-72bb23dc gb-headline-text\">Schlie\u00dfen Sie sich Unternehmen an, die nach der Einf\u00fchrung ihrer App im Durchschnitt ein Wachstum von 30 % verzeichnen.<\/h6>\n\n\n\n<p class=\"gb-headline gb-headline-0a06667d gb-headline-text\">Mobile Apps haben das Potenzial, Unternehmen zu transformieren. Sie optimieren Abl\u00e4ufe, erschlie\u00dfen neue Einnahmequellen und st\u00e4rken die Kundenbeziehungen. Wenn Sie eine professionell entwickelte mobile App einf\u00fchren, f\u00fcgen Sie nicht nur eine neue Technologie hinzu \u2013 Sie bereiten den Boden f\u00fcr Wachstum. Werden Sie Teil der vielen Unternehmen, die nach der Einf\u00fchrung ihrer mobilen App ein erhebliches Wachstum erlebt haben.<\/p>\n<\/div>\n\n<\/div><\/div><\/div>\n<\/div>\n<\/div><\/div>\n\n<div class=\"gb-container gb-container-00d82907\"><div class=\"gb-inside-container\">\n<div class=\"gb-grid-wrapper gb-grid-wrapper-3a1360de\">\n<div class=\"gb-grid-column gb-grid-column-c651af14\"><div class=\"gb-container gb-container-c651af14\"><div class=\"gb-inside-container\">\n\n<div class=\"wp-block-ab-animate ab-is-hidden\" data-scroll-class=\"fadeInUp\" data-scroll-threshold=\"20\" style=\"animation-duration:1s\">\n<p class=\"gb-headline gb-headline-f622ce1e gb-headline-text\">REISEINDUSTRIE<\/p>\n\n\n\n<h2 class=\"gb-headline gb-headline-675e04dd gb-headline-text\">Sehen Sie, wie unsere mobile App-Entwicklung den Erfolg f\u00fcr Unternehmen wie Ihres vorangetrieben hat.<\/h2>\n\n\n\n<span class=\"gb-button gb-button-940a3972\"><span class=\"gb-button-text\">FALLSTUDIE anSEHEN<\/span><span class=\"gb-icon\"><svg width=\"17\" height=\"8\" viewbox=\"0 0 17 8\" fill=\"none\" xmlns=\"http:\/\/www.w3.org\/2000\/svg\"> <path d=\"M12.51 3H0.5V5H12.51V8L16.5 4L12.51 0V3V3Z\" fill=\"#4F80FD\"><\/path> <\/svg><\/span><\/span>\n<\/div>\n\n<\/div><\/div><\/div>\n\n<div class=\"gb-grid-column gb-grid-column-a77369f7\"><div class=\"gb-container gb-container-a77369f7\"><div class=\"gb-inside-container\">\n\n<div class=\"wp-block-ab-animate ab-is-hidden\" data-scroll-class=\"fadeInRight\" data-scroll-threshold=\"20\" style=\"animation-duration:1s\">\n<figure class=\"wp-block-image size-full\"><img decoding=\"async\" width=\"580\" height=\"580\" src=\"https:\/\/epoint.at\/wp-content\/uploads\/2022\/12\/4_case_study-_1_.webp\" alt=\"\" class=\"wp-image-610\" srcset=\"https:\/\/epoint.at\/wp-content\/uploads\/2022\/12\/4_case_study-_1_.webp 580w, https:\/\/epoint.at\/wp-content\/uploads\/2022\/12\/4_case_study-_1_-300x300.webp 300w, https:\/\/epoint.at\/wp-content\/uploads\/2022\/12\/4_case_study-_1_-150x150.webp 150w\" sizes=\"(max-width: 580px) 100vw, 580px\" \/><\/figure>\n<\/div>\n\n<\/div><\/div><\/div>\n<\/div>\n<\/div><\/div>","protected":false},"excerpt":{"rendered":"","protected":false},"author":3,"featured_media":0,"parent":0,"menu_order":0,"comment_status":"closed","ping_status":"closed","template":"","meta":{"_acf_changed":false,"inline_featured_image":false,"footnotes":""},"class_list":{"0":"post-2501","1":"page","2":"type-page","3":"status-publish","5":"infinite-scroll-item"},"acf":[],"yoast_head":"<!-- This site is optimized with the Yoast SEO plugin v27.3 - https:\/\/yoast.com\/product\/yoast-seo-wordpress\/ -->\n<title>Mobile App - epoint.digital - Wien D\u00fcsseldorf Z\u00fcrich<\/title>\n<meta name=\"robots\" content=\"index, follow, max-snippet:-1, max-image-preview:large, max-video-preview:-1\" \/>\n<link rel=\"canonical\" href=\"https:\/\/epoint.at\/de\/handy-applikation\/\" \/>\n<meta property=\"og:locale\" content=\"de_DE\" \/>\n<meta property=\"og:type\" content=\"article\" \/>\n<meta property=\"og:title\" content=\"Mobile App - epoint.digital - Wien D\u00fcsseldorf Z\u00fcrich\" \/>\n<meta property=\"og:url\" content=\"https:\/\/epoint.at\/de\/handy-applikation\/\" \/>\n<meta property=\"og:site_name\" content=\"epoint.digital - Wien D\u00fcsseldorf Z\u00fcrich\" \/>\n<meta property=\"article:publisher\" content=\"https:\/\/www.facebook.com\/epoint.digital.agency\/\" \/>\n<meta property=\"article:modified_time\" content=\"2023-11-07T13:36:50+00:00\" \/>\n<meta property=\"og:image\" content=\"https:\/\/epoint.at\/wp-content\/uploads\/2023\/05\/Frame-1719-1.png\" \/>\n<meta name=\"twitter:card\" content=\"summary_large_image\" \/>\n<meta name=\"twitter:label1\" content=\"Gesch\u00e4tzte Lesezeit\" \/>\n\t<meta name=\"twitter:data1\" content=\"3\u00a0Minuten\" \/>\n<script type=\"application\/ld+json\" class=\"yoast-schema-graph\">{\"@context\":\"https:\\\/\\\/schema.org\",\"@graph\":[{\"@type\":\"WebPage\",\"@id\":\"https:\\\/\\\/epoint.at\\\/mobile-app\\\/\",\"url\":\"https:\\\/\\\/epoint.at\\\/mobile-app\\\/\",\"name\":\"Mobile App - epoint.digital - Wien D\u00fcsseldorf Z\u00fcrich\",\"isPartOf\":{\"@id\":\"https:\\\/\\\/epoint.at\\\/#website\"},\"primaryImageOfPage\":{\"@id\":\"https:\\\/\\\/epoint.at\\\/mobile-app\\\/#primaryimage\"},\"image\":{\"@id\":\"https:\\\/\\\/epoint.at\\\/mobile-app\\\/#primaryimage\"},\"thumbnailUrl\":\"https:\\\/\\\/epoint.at\\\/wp-content\\\/uploads\\\/2023\\\/05\\\/Frame-1719-1.png\",\"datePublished\":\"2023-07-17T13:18:37+00:00\",\"dateModified\":\"2023-11-07T13:36:50+00:00\",\"breadcrumb\":{\"@id\":\"https:\\\/\\\/epoint.at\\\/mobile-app\\\/#breadcrumb\"},\"inLanguage\":\"de\",\"potentialAction\":[{\"@type\":\"ReadAction\",\"target\":[\"https:\\\/\\\/epoint.at\\\/mobile-app\\\/\"]}]},{\"@type\":\"ImageObject\",\"inLanguage\":\"de\",\"@id\":\"https:\\\/\\\/epoint.at\\\/mobile-app\\\/#primaryimage\",\"url\":\"https:\\\/\\\/epoint.at\\\/wp-content\\\/uploads\\\/2023\\\/05\\\/Frame-1719-1.png\",\"contentUrl\":\"https:\\\/\\\/epoint.at\\\/wp-content\\\/uploads\\\/2023\\\/05\\\/Frame-1719-1.png\"},{\"@type\":\"BreadcrumbList\",\"@id\":\"https:\\\/\\\/epoint.at\\\/mobile-app\\\/#breadcrumb\",\"itemListElement\":[{\"@type\":\"ListItem\",\"position\":1,\"name\":\"Home\",\"item\":\"https:\\\/\\\/epoint.at\\\/\"},{\"@type\":\"ListItem\",\"position\":2,\"name\":\"Mobile App\"}]},{\"@type\":\"WebSite\",\"@id\":\"https:\\\/\\\/epoint.at\\\/#website\",\"url\":\"https:\\\/\\\/epoint.at\\\/\",\"name\":\"epoint.digital - design. engineering. marketing\",\"description\":\"\",\"publisher\":{\"@id\":\"https:\\\/\\\/epoint.at\\\/#organization\"},\"potentialAction\":[{\"@type\":\"SearchAction\",\"target\":{\"@type\":\"EntryPoint\",\"urlTemplate\":\"https:\\\/\\\/epoint.at\\\/?s={search_term_string}\"},\"query-input\":{\"@type\":\"PropertyValueSpecification\",\"valueRequired\":true,\"valueName\":\"search_term_string\"}}],\"inLanguage\":\"de\"},{\"@type\":\"Organization\",\"@id\":\"https:\\\/\\\/epoint.at\\\/#organization\",\"name\":\"epoint.digital - design. engineering. marketing agency\",\"url\":\"https:\\\/\\\/epoint.at\\\/\",\"logo\":{\"@type\":\"ImageObject\",\"inLanguage\":\"de\",\"@id\":\"https:\\\/\\\/epoint.at\\\/#\\\/schema\\\/logo\\\/image\\\/\",\"url\":\"https:\\\/\\\/epoint.at\\\/wp-content\\\/uploads\\\/2022\\\/11\\\/logo_epoint.svg\",\"contentUrl\":\"https:\\\/\\\/epoint.at\\\/wp-content\\\/uploads\\\/2022\\\/11\\\/logo_epoint.svg\",\"width\":800,\"height\":800,\"caption\":\"epoint.digital - design. engineering. marketing agency\"},\"image\":{\"@id\":\"https:\\\/\\\/epoint.at\\\/#\\\/schema\\\/logo\\\/image\\\/\"},\"sameAs\":[\"https:\\\/\\\/www.facebook.com\\\/epoint.digital.agency\\\/\",\"https:\\\/\\\/www.linkedin.com\\\/company\\\/1155118\"]}]}<\/script>\n<!-- \/ Yoast SEO plugin. -->","yoast_head_json":{"title":"Mobile App - epoint.digital - Wien D\u00fcsseldorf Z\u00fcrich","robots":{"index":"index","follow":"follow","max-snippet":"max-snippet:-1","max-image-preview":"max-image-preview:large","max-video-preview":"max-video-preview:-1"},"canonical":"https:\/\/epoint.at\/de\/handy-applikation\/","og_locale":"de_DE","og_type":"article","og_title":"Mobile App - epoint.digital - Wien D\u00fcsseldorf Z\u00fcrich","og_url":"https:\/\/epoint.at\/de\/handy-applikation\/","og_site_name":"epoint.digital - Wien D\u00fcsseldorf Z\u00fcrich","article_publisher":"https:\/\/www.facebook.com\/epoint.digital.agency\/","article_modified_time":"2023-11-07T13:36:50+00:00","og_image":[{"url":"https:\/\/epoint.at\/wp-content\/uploads\/2023\/05\/Frame-1719-1.png","type":"","width":"","height":""}],"twitter_card":"summary_large_image","twitter_misc":{"Gesch\u00e4tzte Lesezeit":"3\u00a0Minuten"},"schema":{"@context":"https:\/\/schema.org","@graph":[{"@type":"WebPage","@id":"https:\/\/epoint.at\/mobile-app\/","url":"https:\/\/epoint.at\/mobile-app\/","name":"Mobile App - epoint.digital - Wien D\u00fcsseldorf Z\u00fcrich","isPartOf":{"@id":"https:\/\/epoint.at\/#website"},"primaryImageOfPage":{"@id":"https:\/\/epoint.at\/mobile-app\/#primaryimage"},"image":{"@id":"https:\/\/epoint.at\/mobile-app\/#primaryimage"},"thumbnailUrl":"https:\/\/epoint.at\/wp-content\/uploads\/2023\/05\/Frame-1719-1.png","datePublished":"2023-07-17T13:18:37+00:00","dateModified":"2023-11-07T13:36:50+00:00","breadcrumb":{"@id":"https:\/\/epoint.at\/mobile-app\/#breadcrumb"},"inLanguage":"de","potentialAction":[{"@type":"ReadAction","target":["https:\/\/epoint.at\/mobile-app\/"]}]},{"@type":"ImageObject","inLanguage":"de","@id":"https:\/\/epoint.at\/mobile-app\/#primaryimage","url":"https:\/\/epoint.at\/wp-content\/uploads\/2023\/05\/Frame-1719-1.png","contentUrl":"https:\/\/epoint.at\/wp-content\/uploads\/2023\/05\/Frame-1719-1.png"},{"@type":"BreadcrumbList","@id":"https:\/\/epoint.at\/mobile-app\/#breadcrumb","itemListElement":[{"@type":"ListItem","position":1,"name":"Home","item":"https:\/\/epoint.at\/"},{"@type":"ListItem","position":2,"name":"Mobile App"}]},{"@type":"WebSite","@id":"https:\/\/epoint.at\/#website","url":"https:\/\/epoint.at\/","name":"epoint.digital - Entwurf. Technik. Marketing","description":"","publisher":{"@id":"https:\/\/epoint.at\/#organization"},"potentialAction":[{"@type":"SearchAction","target":{"@type":"EntryPoint","urlTemplate":"https:\/\/epoint.at\/?s={search_term_string}"},"query-input":{"@type":"PropertyValueSpecification","valueRequired":true,"valueName":"search_term_string"}}],"inLanguage":"de"},{"@type":"Organization","@id":"https:\/\/epoint.at\/#organization","name":"epoint.digital - Agentur f\u00fcr Design, Technik und Marketing","url":"https:\/\/epoint.at\/","logo":{"@type":"ImageObject","inLanguage":"de","@id":"https:\/\/epoint.at\/#\/schema\/logo\/image\/","url":"https:\/\/epoint.at\/wp-content\/uploads\/2022\/11\/logo_epoint.svg","contentUrl":"https:\/\/epoint.at\/wp-content\/uploads\/2022\/11\/logo_epoint.svg","width":800,"height":800,"caption":"epoint.digital - design. engineering. marketing agency"},"image":{"@id":"https:\/\/epoint.at\/#\/schema\/logo\/image\/"},"sameAs":["https:\/\/www.facebook.com\/epoint.digital.agency\/","https:\/\/www.linkedin.com\/company\/1155118"]}]}},"_links":{"self":[{"href":"https:\/\/epoint.at\/de\/wp-json\/wp\/v2\/pages\/2501","targetHints":{"allow":["GET"]}}],"collection":[{"href":"https:\/\/epoint.at\/de\/wp-json\/wp\/v2\/pages"}],"about":[{"href":"https:\/\/epoint.at\/de\/wp-json\/wp\/v2\/types\/page"}],"author":[{"embeddable":true,"href":"https:\/\/epoint.at\/de\/wp-json\/wp\/v2\/users\/3"}],"replies":[{"embeddable":true,"href":"https:\/\/epoint.at\/de\/wp-json\/wp\/v2\/comments?post=2501"}],"version-history":[{"count":9,"href":"https:\/\/epoint.at\/de\/wp-json\/wp\/v2\/pages\/2501\/revisions"}],"predecessor-version":[{"id":3514,"href":"https:\/\/epoint.at\/de\/wp-json\/wp\/v2\/pages\/2501\/revisions\/3514"}],"wp:attachment":[{"href":"https:\/\/epoint.at\/de\/wp-json\/wp\/v2\/media?parent=2501"}],"curies":[{"name":"wp","href":"https:\/\/api.w.org\/{rel}","templated":true}]}}