{"id":1953,"date":"2023-06-17T16:29:39","date_gmt":"2023-06-17T16:29:39","guid":{"rendered":"https:\/\/new.epoint.at\/?page_id=1953"},"modified":"2024-02-15T17:46:12","modified_gmt":"2024-02-15T14:46:12","slug":"logistik","status":"publish","type":"page","link":"https:\/\/epoint.at\/de\/logistik\/","title":{"rendered":"Logistik"},"content":{"rendered":"<div class=\"wp-block-columns is-layout-flex wp-container-core-columns-is-layout-9d6595d7 wp-block-columns-is-layout-flex\">\n<div class=\"wp-block-column is-layout-flow wp-block-column-is-layout-flow\" style=\"flex-basis:100%\"><div class=\"gb-container gb-container-8da46529\"><div class=\"gb-inside-container\">\n\n<div class=\"wp-block-ab-animate\" data-scroll-class=\"fadeIn\" data-scroll-threshold=\"20\" style=\"animation-duration:1.5s\">\n<h1 class=\"gb-headline gb-headline-dd08a730 gb-headline-text\"><mark style=\"background-color:rgba(0, 0, 0, 0)\" class=\"has-inline-color has-basic-100-color\">Logistik<\/mark><\/h1>\n<\/div>\n\n\n\n<div class=\"wp-block-ab-animate\" data-scroll-class=\"fadeInUp\" data-scroll-threshold=\"20\" style=\"animation-duration:1s\"><div class=\"gb-button-wrapper gb-button-wrapper-c5b67515\">\n\n<a class=\"gb-button gb-button-962bbab0 smooth-scroll\" href=\"#contact\"><span class=\"gb-button-text\">projekt starten<\/span><span class=\"gb-icon\"><svg xmlns=\"http:\/\/www.w3.org\/2000\/svg\" fill=\"none\" viewbox=\"0 0 24 24\" height=\"24\" width=\"24\"> <g clip-path=\"url(#clip0_5493_25719)\"> <path fill=\"white\" d=\"M17.0125 10.75H2V13.25H17.0125V17L22 12L17.0125 7V10.75Z\"><\/path> <\/g> <defs> <clippath id=\"clip0_5493_25719\"> <rect fill=\"white\" height=\"24\" width=\"24\"><\/rect> <\/clippath> <\/defs> <\/svg><\/span><\/a>\n\n<\/div><\/div>\n\n<\/div><\/div>\n\n<div class=\"gb-container gb-container-a964d9bb\"><div class=\"gb-inside-container\">\n<div class=\"gb-container gb-container-83c4c9df\"><div class=\"gb-inside-container\">\n<div class=\"gb-grid-wrapper gb-grid-wrapper-6f0e7ce0\">\n<div class=\"gb-grid-column gb-grid-column-1bee6b58\"><div class=\"gb-container gb-container-1bee6b58\"><div class=\"gb-inside-container\">\n\n<div class=\"wp-block-ab-animate ab-is-hidden\" data-scroll-class=\"fadeInUp\" data-scroll-threshold=\"10\" style=\"animation-duration:1s\">\n<h2 class=\"gb-headline gb-headline-03e1a4e6\"><span class=\"gb-icon\"><svg xmlns=\"http:\/\/www.w3.org\/2000\/svg\" fill=\"none\" viewbox=\"0 0 32 32\" height=\"32\" width=\"32\"> <rect fill=\"#4F80FD\" transform=\"rotate(90 21.5 10.5)\" height=\"21.5\" width=\"21.5\" y=\"10.5\" x=\"21.5\"><\/rect> <rect fill=\"#4F80FD\" transform=\"rotate(90 32 0)\" height=\"21.5\" width=\"21.5\" x=\"32\"><\/rect> <\/svg><\/span><span class=\"gb-headline-text\">60 mio<\/span><\/h2>\n\n\n\n<p class=\"gb-headline gb-headline-2383927d gb-headline-text\">deutschsprachige<br>Fahrzeuge<\/p>\n<\/div>\n\n<\/div><\/div><\/div>\n\n<div class=\"gb-grid-column gb-grid-column-1435c6cb\"><div class=\"gb-container gb-container-1435c6cb\"><div class=\"gb-inside-container\">\n\n<div class=\"wp-block-ab-animate ab-is-hidden\" data-scroll-class=\"fadeInUp\" data-scroll-delay=\"100\" data-scroll-threshold=\"10\" style=\"animation-duration:1s\">\n<h2 class=\"gb-headline gb-headline-ecd8e3d6\"><span class=\"gb-icon\"><svg xmlns=\"http:\/\/www.w3.org\/2000\/svg\" fill=\"none\" viewbox=\"0 0 32 32\" height=\"32\" width=\"32\"> <path fill=\"#4F80FD\" d=\"M25 16L0 30.5L1.26184e-06 1.5L25 16Z\"><\/path> <path fill=\"#4F80FD\" d=\"M32 16L7 30.5L7 1.5L32 16Z\"><\/path> <\/svg><\/span><span class=\"gb-headline-text\">10%<\/span><\/h2>\n\n\n\n<p class=\"gb-headline gb-headline-9ebb454e gb-headline-text\">Wachstum<br>j\u00e4hrlich<\/p>\n<\/div>\n\n<\/div><\/div><\/div>\n\n<div class=\"gb-grid-column gb-grid-column-5742ed68\"><div class=\"gb-container gb-container-5742ed68\"><div class=\"gb-inside-container\">\n\n<div class=\"wp-block-ab-animate ab-is-hidden\" data-scroll-class=\"fadeInUp\" data-scroll-delay=\"200\" data-scroll-threshold=\"10\" style=\"animation-duration:1s\">\n<h2 class=\"gb-headline gb-headline-aa404fe5\"><span class=\"gb-icon\"><svg xmlns=\"http:\/\/www.w3.org\/2000\/svg\" fill=\"none\" viewbox=\"0 0 32 32\" height=\"32\" width=\"32\"> <g clip-path=\"url(#clip0_5493_42047)\"> <path fill=\"#4F80FD\" d=\"M32 16C32 24.8366 24.8366 32 16 32C7.16344 32 0 24.8366 0 16C0 7.16344 7.16344 0 16 0C24.8366 0 32 7.16344 32 16Z\"><\/path> <\/g> <defs> <clippath id=\"clip0_5493_42047\"> <rect fill=\"white\" height=\"32\" width=\"32\"><\/rect> <\/clippath> <\/defs> <\/svg><\/span><span class=\"gb-headline-text\">&gt; 200 mio<\/span><\/h2>\n\n\n\n<p class=\"gb-headline gb-headline-51f2198e gb-headline-text\">Umsatz j\u00e4hrlich<br>in deutschland<\/p>\n<\/div>\n\n<\/div><\/div><\/div>\n<\/div>\n<\/div><\/div>\n<\/div><\/div><\/div>\n<\/div>\n\n\n<div class=\"gb-container gb-container-fc3e5bd4\" id=\"text-container\"><div class=\"gb-inside-container\">\n<div class=\"gb-grid-wrapper gb-grid-wrapper-84feac9b\">\n<div class=\"gb-grid-column gb-grid-column-3a0b0d53\"><div class=\"gb-container gb-container-3a0b0d53\"><div class=\"gb-inside-container\">\n\n<div class=\"wp-block-ab-animate ab-is-hidden\" data-scroll-class=\"fadeInUp\" data-scroll-threshold=\"10\" style=\"animation-duration:1s\">\n<h2 class=\"gb-headline gb-headline-ce888532 gb-headline-text\">Die Logistikbranche ist die drittgr\u00f6\u00dfte Arbeitgeberbranche in Deutschland<\/h2>\n<\/div>\n\n<\/div><\/div><\/div>\n\n<div class=\"gb-grid-column gb-grid-column-95b2e003\"><div class=\"gb-container gb-container-95b2e003\"><div class=\"gb-inside-container\">\n\n<div class=\"wp-block-ab-animate ab-is-hidden\" data-scroll-class=\"fadeInUp\" data-scroll-delay=\"100\" data-scroll-threshold=\"10\" style=\"animation-duration:1s\">\n<p class=\"gb-headline gb-headline-d28ba299 gb-headline-text\">Die Logistikbranche umfasst Transport und Fracht, Lagerhaltung und Lagerung, Third-Party Logistics (3PL), Supply Chain Management, Spedition, Kurier- und Expressdienste, Reverse Logistics, Technologie- und Softwarel\u00f6sungen<\/p>\n\n\n\n<div class=\"wp-block-group has-primary-100-background-color has-background\"><div class=\"wp-block-group__inner-container is-layout-constrained wp-block-group-is-layout-constrained\">\n<p class=\"gb-headline gb-headline-7a8fa5d0 gb-headline-text\">Unabh\u00e4ngig davon, ob Sie sich auf Langstreckenfracht, kommerzielle Fracht oder die Vermittlung von Fahrern spezialisiert haben, wird eine dynamische Online-Pr\u00e4senz dazu beitragen, Ihre Kundenakquisitionsprozesse zu optimieren und Ihre betrieblichen Abl\u00e4ufe zu rationalisieren.<\/p>\n<\/div><\/div>\n\n\n\n<p class=\"gb-headline gb-headline-a5ec5304 gb-headline-text\">Leider hinkt die Logistikbranche in Sachen Digitalisierung anderen Branchen noch hinterher.<br><br>Dabei gibt es ein riesiges digitales Potenzial, das von der Verbesserung des Kundenerlebnisses bis hin zur Optimierung von Routen und Kosten in der Lieferkette reicht:<\/p>\n\n\n\n<p class=\"gb-headline gb-headline-f9d7306e gb-headline-text\">Klimawandel, Elektrofahrzeuge und autonomes Fahren sind einige Schl\u00fcsselbereiche, die die Branche weiter unter Druck setzen.<\/p>\n<\/div>\n\n<\/div><\/div><\/div>\n<\/div>\n<\/div><\/div>\n\n<div class=\"gb-container gb-container-6c579186\" id=\"cont\"><div class=\"gb-inside-container\">\n\n<div class=\"wp-block-ab-animate\" data-scroll-class=\"fadeIn\" data-scroll-threshold=\"20\" style=\"animation-duration:3s\">\n<h1 class=\"gb-headline gb-headline-f91c1d32 gb-headline-text\">Rufen Sie uns noch HEUTE an, um Ihr digitales Projekt zu starten!<\/h1>\n\n\n<div class=\"gb-button-wrapper gb-button-wrapper-34e3307d\">\n\n<a class=\"gb-button gb-button-0af9142a gb-button-text btns-ep-1\" href=\"tel:+4368181321209\">Anrufen<\/a>\n\n<\/div><\/div>\n\n<\/div><\/div>\n\n<div class=\"gb-container gb-container-86018d31\"><div class=\"gb-inside-container\">\n\n<div class=\"wp-block-ab-animate ab-is-hidden\" data-scroll-class=\"fadeIn\" data-scroll-threshold=\"20\" style=\"animation-duration:2s\"><div class=\"gb-container gb-container-11ab46df\"><div class=\"gb-inside-container\">\n\n<h2 class=\"gb-headline gb-headline-0c1d3312 gb-headline-text\">Welche Teile der digitalen Transformation Ihres Logistikunternehmens k\u00f6nnen verbessert werden?<\/h2>\n\n<\/div><\/div><\/div>\n\n\n\n<div class=\"wp-block-columns is-layout-flex wp-container-core-columns-is-layout-9d6595d7 wp-block-columns-is-layout-flex\">\n<div class=\"wp-block-column is-layout-flow wp-block-column-is-layout-flow\" style=\"flex-basis:100%\"><div class=\"gb-grid-wrapper gb-grid-wrapper-ecded4d2\">\n<div class=\"gb-grid-column gb-grid-column-829643ea\"><div class=\"gb-container gb-container-829643ea\"><div class=\"gb-inside-container\">\n\n<div class=\"wp-block-ab-animate ab-is-hidden\" data-scroll-class=\"fadeInUp\" data-scroll-threshold=\"20\" style=\"animation-duration:1s\">\n<p class=\"gb-headline gb-headline-5f3744ce\"><span class=\"gb-icon\"><svg width=\"49\" height=\"48\" viewbox=\"0 0 49 48\" fill=\"none\" xmlns=\"http:\/\/www.w3.org\/2000\/svg\"> <g clip-path=\"url(#clip0_4982_53702)\"> <path d=\"M48.5 24C48.5 37.2548 37.7548 48 24.5 48C11.2452 48 0.5 37.2548 0.5 24C0.5 10.7452 11.2452 0 24.5 0C37.7548 0 48.5 10.7452 48.5 24Z\" fill=\"#4F80FD\"><\/path> <\/g> <defs> <clippath id=\"clip0_4982_53702\"> <rect width=\"48\" height=\"48\" fill=\"white\" transform=\"translate(0.5)\"><\/rect> <\/clippath> <\/defs> <\/svg><\/span><span class=\"gb-headline-text\">Generierung von Leads<\/span><\/p>\n\n\n\n<p class=\"gb-headline gb-headline-64b873ae gb-headline-text\">Unser Team ist erfahren in der Erstellung von ma\u00dfgeschneiderten Websites und Landing Pages, auf denen alle Ihre Dienstleistungen dargestellt werden und die den Verkehr \u00fcber organische und bezahlte Kan\u00e4le ankurbeln.<\/p>\n\n\n\n<p><\/p>\n<\/div>\n\n<\/div><\/div><\/div>\n\n<div class=\"gb-grid-column gb-grid-column-1ea2862d\"><div class=\"gb-container gb-container-1ea2862d\"><div class=\"gb-inside-container\">\n\n<div class=\"wp-block-ab-animate ab-is-hidden\" data-scroll-class=\"fadeInUp\" data-scroll-delay=\"100\" data-scroll-threshold=\"20\" style=\"animation-duration:1s\">\n<p class=\"gb-headline gb-headline-d485d361\"><span class=\"gb-icon\"><svg width=\"49\" height=\"48\" viewbox=\"0 0 49 48\" fill=\"none\" xmlns=\"http:\/\/www.w3.org\/2000\/svg\"> <path d=\"M0.5 33H48.5V45H0.5V33Z\" fill=\"#4F80FD\"><\/path> <path d=\"M0.5 18H48.5V30H0.5V18Z\" fill=\"#4F80FD\"><\/path> <path d=\"M0.5 3H48.5V15H0.5V3Z\" fill=\"#4F80FD\"><\/path> <\/svg><\/span><span class=\"gb-headline-text\">Kundenbetreuung<\/span><\/p>\n\n\n\n<p class=\"gb-headline gb-headline-15f8d104 gb-headline-text\">Wir entwickeln robuste, effiziente und personalisierte mobile Anwendungen, die es Ihnen erm\u00f6glichen, sowohl mit Ihren Fahrern als auch mit Ihren Kunden effizienter zu kommunizieren.<\/p>\n<\/div>\n\n<\/div><\/div><\/div>\n\n<div class=\"gb-grid-column gb-grid-column-33082521\"><div class=\"gb-container gb-container-33082521\"><div class=\"gb-inside-container\">\n\n<div class=\"wp-block-ab-animate ab-is-hidden\" data-scroll-class=\"fadeInUp\" data-scroll-delay=\"200\" data-scroll-threshold=\"20\" style=\"animation-duration:1s\">\n<p class=\"gb-headline gb-headline-dafe817a\"><span class=\"gb-icon\"><svg xmlns=\"http:\/\/www.w3.org\/2000\/svg\" fill=\"none\" viewbox=\"0 0 49 48\" height=\"48\" width=\"49\"> <g clip-path=\"url(#clip0_5844_43276)\"> <path fill=\"#4F80FD\" d=\"M38.1665 24L0.666504 45.75L0.666506 2.25L38.1665 24Z\"><\/path> <path fill=\"#4F80FD\" d=\"M48.6665 24L11.1665 45.75L11.1665 2.25L48.6665 24Z\"><\/path> <\/g> <defs> <clippath id=\"clip0_5844_43276\"> <rect transform=\"translate(0.666504)\" fill=\"white\" height=\"48\" width=\"48\"><\/rect> <\/clippath> <\/defs> <\/svg><\/span><span class=\"gb-headline-text\">Website-Entwicklung<\/span><\/p>\n<\/div>\n\n\n\n<p>In einem fragmentierten Markt ist Transparenz gefragt. Wir helfen Ihnen, Ihre Marketingbotschaften zu verdeutlichen und stellen Ihnen Werkzeuge zur Verf\u00fcgung, die Ihre Prozesse rationalisieren.<\/p>\n\n\n\n<p>Websites, Marktpl\u00e4tze, geschlossene Kommunikationsportale sind einige der Dienstleistungen, die wir anbieten k\u00f6nnen.<\/p>\n\n<\/div><\/div><\/div>\n<\/div><\/div>\n<\/div>\n\n<\/div><\/div>\n\n<div class=\"gb-container gb-container-dd4aadf9\" id=\"cta-consultant\"><div class=\"gb-inside-container\">\n<div class=\"gb-grid-wrapper gb-grid-wrapper-5c19e27b\">\n<div class=\"gb-grid-column gb-grid-column-a09bb51e\"><div class=\"gb-container gb-container-a09bb51e\"><div class=\"gb-inside-container\">\n\n<div class=\"wp-block-ab-animate ab-is-hidden\" data-scroll-class=\"fadeIn\" data-scroll-threshold=\"20\" style=\"animation-duration:1s\">\n<h4 class=\"gb-headline gb-headline-d823af16 gb-headline-text\">Wir verstehen Ihre Anforderungen und entwickeln diese weiter. F\u00fcr mehr Erfolg.<\/h4>\n\n\n\n<p class=\"has-basic-100-color has-text-color\">Wir von epoint.digital sind darauf spezialisiert, innovative Marketing- und technische L\u00f6sungen anzubieten, die auf die besonderen Bed\u00fcrfnisse Ihrer Branche zugeschnitten sind. Unsere Expertise umfasst digitale Marketingstrategien, Web- und App-Entwicklung sowie IoT-Integration. Wir helfen unseren Kunden, sich in der komplexen Landschaft der modernen Welt zurechtzufinden und ihre Ziele f\u00fcr betriebliche Effizienz und Marktwachstum zu erreichen.<\/p>\n\n\n\n<a class=\"gb-button gb-button-1c1f41b2\" href=\"https:\/\/wa.me\/+4368181321209\"><span class=\"gb-button-text\">mit einem Berater reden<\/span><span class=\"gb-icon\"><svg xmlns=\"http:\/\/www.w3.org\/2000\/svg\" fill=\"none\" viewbox=\"0 0 24 24\" height=\"24\" width=\"24\"> <g clip-path=\"url(#clip0_5493_25719)\"> <path fill=\"white\" d=\"M17.0125 10.75H2V13.25H17.0125V17L22 12L17.0125 7V10.75Z\"><\/path> <\/g> <defs> <clippath id=\"clip0_5493_25719\"> <rect fill=\"white\" height=\"24\" width=\"24\"><\/rect> <\/clippath> <\/defs> <\/svg><\/span><\/a>\n<\/div>\n\n<\/div><\/div><\/div>\n\n<div class=\"gb-grid-column gb-grid-column-3d887b9d\"><div class=\"gb-container gb-container-3d887b9d\"><div class=\"gb-inside-container\">\n\n<div class=\"wp-block-ab-animate ab-is-hidden\" data-scroll-class=\"fadeIn\" data-scroll-delay=\"100\" data-scroll-threshold=\"20\" style=\"animation-duration:1s\"><div class=\"wp-block-image\">\n<figure class=\"aligncenter size-full\"><img fetchpriority=\"high\" decoding=\"async\" width=\"320\" height=\"270\" src=\"https:\/\/epoint.at\/wp-content\/uploads\/2023\/05\/Frame-1719-1.png\" alt=\"\" class=\"wp-image-1874\" srcset=\"https:\/\/epoint.at\/wp-content\/uploads\/2023\/05\/Frame-1719-1.png 320w, https:\/\/epoint.at\/wp-content\/uploads\/2023\/05\/Frame-1719-1-300x253.png 300w, https:\/\/epoint.at\/wp-content\/uploads\/2023\/05\/Frame-1719-1-14x12.png 14w\" sizes=\"(max-width: 320px) 100vw, 320px\" \/><\/figure>\n<\/div><\/div>\n\n\n\n<p class=\"has-text-align-center\" style=\"font-size:16px;font-style:normal;margin-bottom:0;font-weight:400;letter-spacing:1px\"><br><mark style=\"background-color:rgba(0, 0, 0, 0)\" class=\"has-inline-color has-basic-100-color\">DANIEL BANICA,<\/mark><\/p>\n\n\n\n<p class=\"has-text-align-center\" style=\"font-size:14px;font-style:normal;font-weight:600;letter-spacing:1px;text-transform:uppercase\"><mark style=\"background-color:rgba(0, 0, 0, 0)\" class=\"has-inline-color has-basic-100-color\">KUNDENBETREUER<\/mark><\/p>\n\n<\/div><\/div><\/div>\n<\/div>\n<\/div><\/div>\n\n<div class=\"gb-container gb-container-70fdecb9\"><div class=\"gb-inside-container\">\n<div class=\"gb-grid-wrapper gb-grid-wrapper-eb970fd9\">\n<div class=\"gb-grid-column gb-grid-column-640ad058\"><div class=\"gb-container gb-container-640ad058\"><div class=\"gb-inside-container\">\n\n<div class=\"wp-block-ab-animate ab-is-hidden\" data-scroll-class=\"fadeInUp\" data-scroll-threshold=\"20\" style=\"animation-duration:1s\">\n<p class=\"gb-headline gb-headline-6b700f64 gb-headline-text\">Logistik - Rum\u00e4nien<\/p>\n\n\n\n<h3 class=\"gb-headline gb-headline-d91d05a0 gb-headline-text\">Optimierte Personalzuweisung f\u00fcr DB Schenker Rum\u00e4nien im Schienentransport.<\/h3>\n\n\n<div class=\"gb-button-wrapper gb-button-wrapper-f6a8ddc3\">\n\n<a class=\"gb-button gb-button-d21fb301\" href=\"\/de\/fallstudie-dbschenker-eine-neue-art-des-zeitmanagements\/\"><span class=\"gb-button-text\">Projekt ansehen<\/span><span class=\"gb-icon\"><svg width=\"17\" height=\"8\" viewbox=\"0 0 17 8\" fill=\"none\" xmlns=\"http:\/\/www.w3.org\/2000\/svg\"> <path d=\"M12.51 3H0.5V5H12.51V8L16.5 4L12.51 0V3V3Z\" fill=\"#4F80FD\"><\/path> <\/svg><\/span><\/a>\n\n<\/div><\/div>\n\n<\/div><\/div><\/div>\n\n<div class=\"gb-grid-column gb-grid-column-a87a6114\"><div class=\"gb-container gb-container-a87a6114\"><div class=\"gb-inside-container\">\n\n<div class=\"wp-block-ab-animate ab-is-hidden\" data-scroll-class=\"fadeInRight\" data-scroll-threshold=\"20\" style=\"animation-duration:1s\">\n<figure class=\"wp-block-image size-full\"><img decoding=\"async\" width=\"1000\" height=\"1001\" src=\"https:\/\/epoint.at\/wp-content\/uploads\/2023\/10\/case-study-dbschenker01.jpg\" alt=\"\" class=\"wp-image-3128\" srcset=\"https:\/\/epoint.at\/wp-content\/uploads\/2023\/10\/case-study-dbschenker01.jpg 1000w, https:\/\/epoint.at\/wp-content\/uploads\/2023\/10\/case-study-dbschenker01-300x300.jpg 300w, https:\/\/epoint.at\/wp-content\/uploads\/2023\/10\/case-study-dbschenker01-150x150.jpg 150w, https:\/\/epoint.at\/wp-content\/uploads\/2023\/10\/case-study-dbschenker01-768x769.jpg 768w, https:\/\/epoint.at\/wp-content\/uploads\/2023\/10\/case-study-dbschenker01-12x12.jpg 12w\" sizes=\"(max-width: 1000px) 100vw, 1000px\" \/><\/figure>\n<\/div>\n\n<\/div><\/div><\/div>\n<\/div>\n<\/div><\/div>","protected":false},"excerpt":{"rendered":"","protected":false},"author":3,"featured_media":0,"parent":0,"menu_order":0,"comment_status":"closed","ping_status":"closed","template":"","meta":{"_acf_changed":false,"inline_featured_image":false,"footnotes":""},"class_list":{"0":"post-1953","1":"page","2":"type-page","3":"status-publish","5":"infinite-scroll-item"},"acf":[],"yoast_head":"<!-- This site is optimized with the Yoast SEO plugin v27.3 - https:\/\/yoast.com\/product\/yoast-seo-wordpress\/ -->\n<title>Logistics - epoint.digital - Wien D\u00fcsseldorf Z\u00fcrich<\/title>\n<meta name=\"robots\" content=\"index, follow, max-snippet:-1, max-image-preview:large, max-video-preview:-1\" \/>\n<link rel=\"canonical\" href=\"https:\/\/epoint.at\/de\/logistik\/\" \/>\n<meta property=\"og:locale\" content=\"de_DE\" \/>\n<meta property=\"og:type\" content=\"article\" \/>\n<meta property=\"og:title\" content=\"Logistics - epoint.digital - Wien D\u00fcsseldorf Z\u00fcrich\" \/>\n<meta property=\"og:url\" content=\"https:\/\/epoint.at\/de\/logistik\/\" \/>\n<meta property=\"og:site_name\" content=\"epoint.digital - Wien D\u00fcsseldorf Z\u00fcrich\" \/>\n<meta property=\"article:publisher\" content=\"https:\/\/www.facebook.com\/epoint.digital.agency\/\" \/>\n<meta property=\"article:modified_time\" content=\"2024-02-15T14:46:12+00:00\" \/>\n<meta property=\"og:image\" content=\"https:\/\/epoint.at\/wp-content\/uploads\/2023\/05\/Frame-1719-1.png\" \/>\n<meta name=\"twitter:card\" content=\"summary_large_image\" \/>\n<meta name=\"twitter:label1\" content=\"Gesch\u00e4tzte Lesezeit\" \/>\n\t<meta name=\"twitter:data1\" content=\"2\u00a0Minuten\" \/>\n<script type=\"application\/ld+json\" class=\"yoast-schema-graph\">{\"@context\":\"https:\\\/\\\/schema.org\",\"@graph\":[{\"@type\":\"WebPage\",\"@id\":\"https:\\\/\\\/epoint.at\\\/logistics\\\/\",\"url\":\"https:\\\/\\\/epoint.at\\\/logistics\\\/\",\"name\":\"Logistics - epoint.digital - Wien D\u00fcsseldorf Z\u00fcrich\",\"isPartOf\":{\"@id\":\"https:\\\/\\\/epoint.at\\\/#website\"},\"primaryImageOfPage\":{\"@id\":\"https:\\\/\\\/epoint.at\\\/logistics\\\/#primaryimage\"},\"image\":{\"@id\":\"https:\\\/\\\/epoint.at\\\/logistics\\\/#primaryimage\"},\"thumbnailUrl\":\"https:\\\/\\\/epoint.at\\\/wp-content\\\/uploads\\\/2023\\\/05\\\/Frame-1719-1.png\",\"datePublished\":\"2023-06-17T16:29:39+00:00\",\"dateModified\":\"2024-02-15T14:46:12+00:00\",\"breadcrumb\":{\"@id\":\"https:\\\/\\\/epoint.at\\\/logistics\\\/#breadcrumb\"},\"inLanguage\":\"de\",\"potentialAction\":[{\"@type\":\"ReadAction\",\"target\":[\"https:\\\/\\\/epoint.at\\\/logistics\\\/\"]}]},{\"@type\":\"ImageObject\",\"inLanguage\":\"de\",\"@id\":\"https:\\\/\\\/epoint.at\\\/logistics\\\/#primaryimage\",\"url\":\"https:\\\/\\\/epoint.at\\\/wp-content\\\/uploads\\\/2023\\\/05\\\/Frame-1719-1.png\",\"contentUrl\":\"https:\\\/\\\/epoint.at\\\/wp-content\\\/uploads\\\/2023\\\/05\\\/Frame-1719-1.png\"},{\"@type\":\"BreadcrumbList\",\"@id\":\"https:\\\/\\\/epoint.at\\\/logistics\\\/#breadcrumb\",\"itemListElement\":[{\"@type\":\"ListItem\",\"position\":1,\"name\":\"Home\",\"item\":\"https:\\\/\\\/epoint.at\\\/\"},{\"@type\":\"ListItem\",\"position\":2,\"name\":\"Logistics\"}]},{\"@type\":\"WebSite\",\"@id\":\"https:\\\/\\\/epoint.at\\\/#website\",\"url\":\"https:\\\/\\\/epoint.at\\\/\",\"name\":\"epoint.digital - design. engineering. marketing\",\"description\":\"\",\"publisher\":{\"@id\":\"https:\\\/\\\/epoint.at\\\/#organization\"},\"potentialAction\":[{\"@type\":\"SearchAction\",\"target\":{\"@type\":\"EntryPoint\",\"urlTemplate\":\"https:\\\/\\\/epoint.at\\\/?s={search_term_string}\"},\"query-input\":{\"@type\":\"PropertyValueSpecification\",\"valueRequired\":true,\"valueName\":\"search_term_string\"}}],\"inLanguage\":\"de\"},{\"@type\":\"Organization\",\"@id\":\"https:\\\/\\\/epoint.at\\\/#organization\",\"name\":\"epoint.digital - design. engineering. marketing agency\",\"url\":\"https:\\\/\\\/epoint.at\\\/\",\"logo\":{\"@type\":\"ImageObject\",\"inLanguage\":\"de\",\"@id\":\"https:\\\/\\\/epoint.at\\\/#\\\/schema\\\/logo\\\/image\\\/\",\"url\":\"https:\\\/\\\/epoint.at\\\/wp-content\\\/uploads\\\/2022\\\/11\\\/logo_epoint.svg\",\"contentUrl\":\"https:\\\/\\\/epoint.at\\\/wp-content\\\/uploads\\\/2022\\\/11\\\/logo_epoint.svg\",\"width\":800,\"height\":800,\"caption\":\"epoint.digital - design. engineering. marketing agency\"},\"image\":{\"@id\":\"https:\\\/\\\/epoint.at\\\/#\\\/schema\\\/logo\\\/image\\\/\"},\"sameAs\":[\"https:\\\/\\\/www.facebook.com\\\/epoint.digital.agency\\\/\",\"https:\\\/\\\/www.linkedin.com\\\/company\\\/1155118\"]}]}<\/script>\n<!-- \/ Yoast SEO plugin. -->","yoast_head_json":{"title":"Logistik - epoint.digital - Wien D\u00fcsseldorf Z\u00fcrich","robots":{"index":"index","follow":"follow","max-snippet":"max-snippet:-1","max-image-preview":"max-image-preview:large","max-video-preview":"max-video-preview:-1"},"canonical":"https:\/\/epoint.at\/de\/logistik\/","og_locale":"de_DE","og_type":"article","og_title":"Logistics - epoint.digital - Wien D\u00fcsseldorf Z\u00fcrich","og_url":"https:\/\/epoint.at\/de\/logistik\/","og_site_name":"epoint.digital - Wien D\u00fcsseldorf Z\u00fcrich","article_publisher":"https:\/\/www.facebook.com\/epoint.digital.agency\/","article_modified_time":"2024-02-15T14:46:12+00:00","og_image":[{"url":"https:\/\/epoint.at\/wp-content\/uploads\/2023\/05\/Frame-1719-1.png","type":"","width":"","height":""}],"twitter_card":"summary_large_image","twitter_misc":{"Gesch\u00e4tzte Lesezeit":"2\u00a0Minuten"},"schema":{"@context":"https:\/\/schema.org","@graph":[{"@type":"WebPage","@id":"https:\/\/epoint.at\/logistics\/","url":"https:\/\/epoint.at\/logistics\/","name":"Logistik - epoint.digital - Wien D\u00fcsseldorf Z\u00fcrich","isPartOf":{"@id":"https:\/\/epoint.at\/#website"},"primaryImageOfPage":{"@id":"https:\/\/epoint.at\/logistics\/#primaryimage"},"image":{"@id":"https:\/\/epoint.at\/logistics\/#primaryimage"},"thumbnailUrl":"https:\/\/epoint.at\/wp-content\/uploads\/2023\/05\/Frame-1719-1.png","datePublished":"2023-06-17T16:29:39+00:00","dateModified":"2024-02-15T14:46:12+00:00","breadcrumb":{"@id":"https:\/\/epoint.at\/logistics\/#breadcrumb"},"inLanguage":"de","potentialAction":[{"@type":"ReadAction","target":["https:\/\/epoint.at\/logistics\/"]}]},{"@type":"ImageObject","inLanguage":"de","@id":"https:\/\/epoint.at\/logistics\/#primaryimage","url":"https:\/\/epoint.at\/wp-content\/uploads\/2023\/05\/Frame-1719-1.png","contentUrl":"https:\/\/epoint.at\/wp-content\/uploads\/2023\/05\/Frame-1719-1.png"},{"@type":"BreadcrumbList","@id":"https:\/\/epoint.at\/logistics\/#breadcrumb","itemListElement":[{"@type":"ListItem","position":1,"name":"Home","item":"https:\/\/epoint.at\/"},{"@type":"ListItem","position":2,"name":"Logistics"}]},{"@type":"WebSite","@id":"https:\/\/epoint.at\/#website","url":"https:\/\/epoint.at\/","name":"epoint.digital - Entwurf. Technik. Marketing","description":"","publisher":{"@id":"https:\/\/epoint.at\/#organization"},"potentialAction":[{"@type":"SearchAction","target":{"@type":"EntryPoint","urlTemplate":"https:\/\/epoint.at\/?s={search_term_string}"},"query-input":{"@type":"PropertyValueSpecification","valueRequired":true,"valueName":"search_term_string"}}],"inLanguage":"de"},{"@type":"Organization","@id":"https:\/\/epoint.at\/#organization","name":"epoint.digital - Agentur f\u00fcr Design, Technik und Marketing","url":"https:\/\/epoint.at\/","logo":{"@type":"ImageObject","inLanguage":"de","@id":"https:\/\/epoint.at\/#\/schema\/logo\/image\/","url":"https:\/\/epoint.at\/wp-content\/uploads\/2022\/11\/logo_epoint.svg","contentUrl":"https:\/\/epoint.at\/wp-content\/uploads\/2022\/11\/logo_epoint.svg","width":800,"height":800,"caption":"epoint.digital - design. engineering. marketing agency"},"image":{"@id":"https:\/\/epoint.at\/#\/schema\/logo\/image\/"},"sameAs":["https:\/\/www.facebook.com\/epoint.digital.agency\/","https:\/\/www.linkedin.com\/company\/1155118"]}]}},"_links":{"self":[{"href":"https:\/\/epoint.at\/de\/wp-json\/wp\/v2\/pages\/1953","targetHints":{"allow":["GET"]}}],"collection":[{"href":"https:\/\/epoint.at\/de\/wp-json\/wp\/v2\/pages"}],"about":[{"href":"https:\/\/epoint.at\/de\/wp-json\/wp\/v2\/types\/page"}],"author":[{"embeddable":true,"href":"https:\/\/epoint.at\/de\/wp-json\/wp\/v2\/users\/3"}],"replies":[{"embeddable":true,"href":"https:\/\/epoint.at\/de\/wp-json\/wp\/v2\/comments?post=1953"}],"version-history":[{"count":18,"href":"https:\/\/epoint.at\/de\/wp-json\/wp\/v2\/pages\/1953\/revisions"}],"predecessor-version":[{"id":3639,"href":"https:\/\/epoint.at\/de\/wp-json\/wp\/v2\/pages\/1953\/revisions\/3639"}],"wp:attachment":[{"href":"https:\/\/epoint.at\/de\/wp-json\/wp\/v2\/media?parent=1953"}],"curies":[{"name":"wp","href":"https:\/\/api.w.org\/{rel}","templated":true}]}}