{"id":1755,"date":"2023-05-04T09:04:04","date_gmt":"2023-05-04T09:04:04","guid":{"rendered":"https:\/\/new.epoint.at\/?page_id=1755"},"modified":"2024-09-24T12:24:33","modified_gmt":"2024-09-24T09:24:33","slug":"empfehlungsschreiben","status":"publish","type":"page","link":"https:\/\/epoint.at\/de\/empfehlungsschreiben\/","title":{"rendered":"Kunden \u00fcber uns"},"content":{"rendered":"<div class=\"gb-container gb-container-8da46529\"><div class=\"gb-inside-container\">\n\n<div class=\"wp-block-ab-animate\" data-scroll-class=\"fadeIn\" data-scroll-threshold=\"20\" style=\"animation-duration:1.5s\">\n<h1 class=\"gb-headline gb-headline-dd08a730 gb-headline-text\">Was unsere Kunden \u00fcber uns sagen<\/h1>\n\n\n\n<p style=\"font-size:20px\"><mark style=\"background-color:rgba(0, 0, 0, 0)\" class=\"has-inline-color has-basic-100-color\">Entdecken Sie, warum Unternehmen seit \u00fcber 20 Jahren epoint als ihren vertrauensw\u00fcrdigen Anbieter f\u00fcr digitale Software w\u00e4hlen.<\/mark><\/p>\n<\/div>\n\n\n\n<div class=\"wp-block-ab-animate\" data-scroll-class=\"fadeInUp\" data-scroll-threshold=\"20\" style=\"animation-duration:2s\"><div class=\"gb-button-wrapper gb-button-wrapper-c5b67515\">\n\n<a class=\"gb-button gb-button-962bbab0 smooth-scroll\" href=\"#contact\"><span class=\"gb-button-text\">gratis beratungsgespr\u00e4ch vereinbaren<\/span><span class=\"gb-icon\"><svg xmlns=\"http:\/\/www.w3.org\/2000\/svg\" fill=\"none\" viewbox=\"0 0 24 24\" height=\"24\" width=\"24\"> <g clip-path=\"url(#clip0_5493_25719)\"> <path fill=\"white\" d=\"M17.0125 10.75H2V13.25H17.0125V17L22 12L17.0125 7V10.75Z\"><\/path> <\/g> <defs> <clippath id=\"clip0_5493_25719\"> <rect fill=\"white\" height=\"24\" width=\"24\"><\/rect> <\/clippath> <\/defs> <\/svg><\/span><\/a>\n\n<\/div><\/div>\n\n<\/div><\/div>\n\n\n<p><\/p>\n\n\n<div class=\"gb-container gb-container-dcd790ba\"><div class=\"gb-inside-container\">\n<div class=\"gb-grid-wrapper gb-grid-wrapper-8cb823b2\">\n<div class=\"gb-grid-column gb-grid-column-b7dedd27\"><div class=\"gb-container gb-container-b7dedd27\"><div class=\"gb-inside-container\">\n\n<div class=\"wp-block-ab-animate\" data-scroll-class=\"fadeIn\" data-scroll-threshold=\"20\" style=\"animation-duration:3s\">\n<figure class=\"wp-block-image size-full\"><img decoding=\"async\" width=\"387\" height=\"112\" src=\"https:\/\/epoint.at\/wp-content\/uploads\/2023\/07\/logo-frame-2.png\" alt=\"\" class=\"wp-image-2646\" srcset=\"https:\/\/epoint.at\/wp-content\/uploads\/2023\/07\/logo-frame-2.png 387w, https:\/\/epoint.at\/wp-content\/uploads\/2023\/07\/logo-frame-2-300x87.png 300w, https:\/\/epoint.at\/wp-content\/uploads\/2023\/07\/logo-frame-2-18x5.png 18w\" sizes=\"(max-width: 387px) 100vw, 387px\" \/><\/figure>\n\n\n\n<p><\/p>\n\n\n\n<p class=\"gb-headline gb-headline-4c04b15d gb-headline-text\">Ein globaler Marktf\u00fchrer in der Logistik und im Supply Chain Management. Mit einer Pr\u00e4senz in \u00fcber 130 L\u00e4ndern ist DB Schenker ein Riese in der Logistikbranche und spezialisiert auf globale L\u00f6sungen f\u00fcr Luft-, Land- und Seefracht.<\/p>\n\n\n\n<p class=\"has-small-font-size\"><a href=\"\/de\/fallstudie-dbschenker-eine-neue-art-des-zeitmanagements\/\"><strong>Projekt ansehen<\/strong><\/a><\/p>\n<\/div>\n\n<\/div><\/div><\/div>\n\n<div class=\"gb-grid-column gb-grid-column-f80c5b5d\"><div class=\"gb-container gb-container-f80c5b5d\"><div class=\"gb-inside-container\">\n\n<div class=\"wp-block-ab-animate ab-is-hidden\" data-scroll-class=\"fadeInUp\" data-scroll-threshold=\"20\" style=\"animation-duration:2.001s\">\n<p class=\"gb-headline gb-headline-b81d6b6d\"><span class=\"gb-icon\"><svg xmlns=\"http:\/\/www.w3.org\/2000\/svg\" fill=\"none\" viewbox=\"0 0 32 26\" height=\"26\" width=\"32\"> <path fill=\"#4F80FD\" d=\"M15.6816 3.38113C12.5506 6.65493 10.0829 10.1434 8.27861 13.8465L14.7264 17.9522C14.7264 20.1526 13.9834 21.9774 12.4975 23.4264C11.0647 24.8755 9.3665 25.6 7.40299 25.6C5.01493 25.6 3.18408 24.9291 1.91045 23.5874C0.636816 22.192 0 20.2331 0 17.7107C0 14.5979 1.27363 11.3241 3.8209 7.88931C6.42123 4.45451 9.1277 1.82474 11.9403 0L15.6816 3.38113ZM32 3.38113C28.869 6.65493 26.4013 10.1434 24.597 13.8465L31.0448 17.9522C31.0448 20.1526 30.3018 21.9774 28.8159 23.4264C27.3831 24.8755 25.6849 25.6 23.7214 25.6C21.3333 25.6 19.5025 24.9291 18.2289 23.5874C16.9552 22.192 16.3184 20.2331 16.3184 17.7107C16.3184 14.5979 17.592 11.3241 20.1393 7.88931C22.7396 4.45451 25.4461 1.82474 28.2587 0L32 3.38113Z\"><\/path> <\/svg><\/span><span class=\"gb-headline-text\"><em>...Sie wissen bereits, dass DB Schenker RO mit dem Produkt sehr zufrieden ist. Es \u00fcbertrifft sogar unsere anf\u00e4nglichen Erwartungen. Sowohl was die Qualit\u00e4t als auch was die Funktionalit\u00e4t betrifft.<\/em><\/span><\/p>\n\n\n\n<p class=\"gb-headline gb-headline-92e65858 gb-headline-text\">TIMM SCHORSCH<\/p>\n\n\n\n<p class=\"gb-headline gb-headline-cb90715a gb-headline-text\">PROJEKTLEITER, DB SCHENKER<\/p>\n<\/div>\n\n<\/div><\/div><\/div>\n<\/div>\n<\/div><\/div>\n\n\n<p><\/p>\n\n\n<div class=\"gb-container gb-container-0e3dc8c6\"><div class=\"gb-inside-container\">\n<div class=\"gb-grid-wrapper gb-grid-wrapper-ca046dd8\">\n<div class=\"gb-grid-column gb-grid-column-0603af33\"><div class=\"gb-container gb-container-0603af33\"><div class=\"gb-inside-container\">\n\n<div class=\"wp-block-ab-animate\" data-scroll-class=\"fadeIn\" data-scroll-threshold=\"20\" style=\"animation-duration:3s\">\n<figure class=\"wp-block-image size-full\"><img decoding=\"async\" width=\"387\" height=\"112\" src=\"https:\/\/epoint.at\/wp-content\/uploads\/2023\/07\/logo-frame-3.png\" alt=\"\" class=\"wp-image-2653\" srcset=\"https:\/\/epoint.at\/wp-content\/uploads\/2023\/07\/logo-frame-3.png 387w, https:\/\/epoint.at\/wp-content\/uploads\/2023\/07\/logo-frame-3-300x87.png 300w, https:\/\/epoint.at\/wp-content\/uploads\/2023\/07\/logo-frame-3-18x5.png 18w\" sizes=\"(max-width: 387px) 100vw, 387px\" \/><\/figure>\n\n\n\n<p><\/p>\n\n\n\n<p class=\"gb-headline gb-headline-52c1a4d8 gb-headline-text\">Amplifier Strategies, eine der f\u00fchrenden Impact-Agenturen, die f\u00fcr die gr\u00f6\u00dften Wohlt\u00e4tigkeitsorganisationen der Welt t\u00e4tig ist. <\/p>\n\n\n\n<p class=\"has-small-font-size\"><strong><a href=\"\/de\/fallstudie-verstarker-handeln-wie-ein-grosser-fisch-2\/\">Projekt ansehen<\/a><\/strong><\/p>\n<\/div>\n\n<\/div><\/div><\/div>\n\n<div class=\"gb-grid-column gb-grid-column-f891993a\"><div class=\"gb-container gb-container-f891993a\"><div class=\"gb-inside-container\">\n\n<div class=\"wp-block-ab-animate ab-is-hidden\" data-scroll-class=\"fadeInUp\" data-scroll-threshold=\"20\" style=\"animation-duration:2.001s\">\n<p class=\"gb-headline gb-headline-44555465\"><span class=\"gb-icon\"><svg xmlns=\"http:\/\/www.w3.org\/2000\/svg\" fill=\"none\" viewbox=\"0 0 32 26\" height=\"26\" width=\"32\"> <path fill=\"#4F80FD\" d=\"M15.6816 3.38113C12.5506 6.65493 10.0829 10.1434 8.27861 13.8465L14.7264 17.9522C14.7264 20.1526 13.9834 21.9774 12.4975 23.4264C11.0647 24.8755 9.3665 25.6 7.40299 25.6C5.01493 25.6 3.18408 24.9291 1.91045 23.5874C0.636816 22.192 0 20.2331 0 17.7107C0 14.5979 1.27363 11.3241 3.8209 7.88931C6.42123 4.45451 9.1277 1.82474 11.9403 0L15.6816 3.38113ZM32 3.38113C28.869 6.65493 26.4013 10.1434 24.597 13.8465L31.0448 17.9522C31.0448 20.1526 30.3018 21.9774 28.8159 23.4264C27.3831 24.8755 25.6849 25.6 23.7214 25.6C21.3333 25.6 19.5025 24.9291 18.2289 23.5874C16.9552 22.192 16.3184 20.2331 16.3184 17.7107C16.3184 14.5979 17.592 11.3241 20.1393 7.88931C22.7396 4.45451 25.4461 1.82474 28.2587 0L32 3.38113Z\"><\/path> <\/svg><\/span><span class=\"gb-headline-text\"><em>Epoint ist der bevorzugte Partner von Amplifier Strategies, wenn es um die Entwicklung von Webanwendungen geht. Ihr Team und unseres arbeiten nahtlos zusammen. Das Epoint-Team tut mehr als nur entwickeln. Es steigert den Wert des Produkts, indem es f\u00fcr jeden Anwendungsfall, den wir gemeinsam entwickeln, entsprechende Vorschl\u00e4ge macht. Sie haben eine Liebe zum Detail und eine Qualit\u00e4t, die den h\u00f6chsten Standards entspricht. Aber vor allem vertrauen wir ihnen. Sie waren immer f\u00fcr uns da, wenn es darauf ankam.<\/em><\/span><\/p>\n\n\n\n<p class=\"gb-headline gb-headline-2e1cfa3a gb-headline-text\">Alison Duncan<\/p>\n\n\n\n<p class=\"gb-headline gb-headline-6d9af17e gb-headline-text\">CEO <\/p>\n<\/div>\n\n<\/div><\/div><\/div>\n<\/div>\n<\/div><\/div>\n\n\n<p><\/p>\n\n\n<div class=\"gb-container gb-container-4aeb4aa0\"><div class=\"gb-inside-container\">\n<div class=\"gb-grid-wrapper gb-grid-wrapper-906d2440\">\n<div class=\"gb-grid-column gb-grid-column-273ae93c\"><div class=\"gb-container gb-container-273ae93c\"><div class=\"gb-inside-container\">\n\n<div class=\"wp-block-ab-animate\" data-scroll-class=\"fadeIn\" data-scroll-threshold=\"20\" style=\"animation-duration:3s\">\n<figure class=\"wp-block-image size-full\"><img decoding=\"async\" width=\"387\" height=\"112\" src=\"https:\/\/epoint.at\/wp-content\/uploads\/2023\/07\/logo-frame-4.png\" alt=\"\" class=\"wp-image-2654\" srcset=\"https:\/\/epoint.at\/wp-content\/uploads\/2023\/07\/logo-frame-4.png 387w, https:\/\/epoint.at\/wp-content\/uploads\/2023\/07\/logo-frame-4-300x87.png 300w, https:\/\/epoint.at\/wp-content\/uploads\/2023\/07\/logo-frame-4-18x5.png 18w\" sizes=\"(max-width: 387px) 100vw, 387px\" \/><\/figure>\n\n\n\n<p><\/p>\n\n\n\n<p class=\"gb-headline gb-headline-63ab9715 gb-headline-text\">Die nationale Postbeh\u00f6rde der Schweiz, eine vertrauensw\u00fcrdige Institution mit einem soliden Portfolio, das \u00fcber die Postzustellung hinausgeht und auch Logistik, E-Commerce und digitale Dienstleistungen umfasst.<\/p>\n\n\n\n<p class=\"has-small-font-size\"><strong><a href=\"\/de\/fallstudie-der-schweizerischen-post-zum-umgang-mit-der-alteren-generation\/\">Projekt ansehen<\/a><\/strong><\/p>\n<\/div>\n\n<\/div><\/div><\/div>\n\n<div class=\"gb-grid-column gb-grid-column-40dc4187\"><div class=\"gb-container gb-container-40dc4187\"><div class=\"gb-inside-container\">\n\n<div class=\"wp-block-ab-animate ab-is-hidden\" data-scroll-class=\"fadeInUp\" data-scroll-threshold=\"20\" style=\"animation-duration:2.001s\">\n<p class=\"gb-headline gb-headline-10488a10\"><span class=\"gb-icon\"><svg xmlns=\"http:\/\/www.w3.org\/2000\/svg\" fill=\"none\" viewbox=\"0 0 32 26\" height=\"26\" width=\"32\"> <path fill=\"#4F80FD\" d=\"M15.6816 3.38113C12.5506 6.65493 10.0829 10.1434 8.27861 13.8465L14.7264 17.9522C14.7264 20.1526 13.9834 21.9774 12.4975 23.4264C11.0647 24.8755 9.3665 25.6 7.40299 25.6C5.01493 25.6 3.18408 24.9291 1.91045 23.5874C0.636816 22.192 0 20.2331 0 17.7107C0 14.5979 1.27363 11.3241 3.8209 7.88931C6.42123 4.45451 9.1277 1.82474 11.9403 0L15.6816 3.38113ZM32 3.38113C28.869 6.65493 26.4013 10.1434 24.597 13.8465L31.0448 17.9522C31.0448 20.1526 30.3018 21.9774 28.8159 23.4264C27.3831 24.8755 25.6849 25.6 23.7214 25.6C21.3333 25.6 19.5025 24.9291 18.2289 23.5874C16.9552 22.192 16.3184 20.2331 16.3184 17.7107C16.3184 14.5979 17.592 11.3241 20.1393 7.88931C22.7396 4.45451 25.4461 1.82474 28.2587 0L32 3.38113Z\"><\/path> <\/svg><\/span><span class=\"gb-headline-text\"><em>epoint hat termingerecht eine moderne Online-Shop-L\u00f6sung f\u00fcr unsere Kunden implementiert und die Schnittstellen zu unserer E-Commerce-Plattform erfolgreich angebunden. Das Projektmanagement hat das Projekt zu jeder Zeit begleitet und die Entwickler waren sehr kompetent. Die Umsetzung unserer Bed\u00fcrfnisse und W\u00fcnsche sowie die Kommunikation w\u00e4hrend des Projekts haben sehr gut funktioniert.<\/em><\/span><\/p>\n\n\n\n<p class=\"gb-headline gb-headline-6441c0bf gb-headline-text\">THOMAS K\u00dcFFER, <\/p>\n\n\n\n<p class=\"gb-headline gb-headline-4961328f gb-headline-text\">PROJEKTLEITER, SCHWEIZER POST CH<\/p>\n<\/div>\n\n<\/div><\/div><\/div>\n<\/div>\n<\/div><\/div>\n\n\n<p><\/p>\n\n\n<div class=\"gb-container gb-container-99dc01da\"><div class=\"gb-inside-container\">\n<div class=\"gb-grid-wrapper gb-grid-wrapper-50735618\">\n<div class=\"gb-grid-column gb-grid-column-26410185\"><div class=\"gb-container gb-container-26410185\"><div class=\"gb-inside-container\">\n\n<div class=\"wp-block-ab-animate\" data-scroll-class=\"fadeIn\" data-scroll-threshold=\"20\" style=\"animation-duration:3s\">\n<figure class=\"wp-block-image size-full\"><img loading=\"lazy\" decoding=\"async\" width=\"387\" height=\"112\" src=\"https:\/\/epoint.at\/wp-content\/uploads\/2023\/06\/logo-frame-1-3.png\" alt=\"\" class=\"wp-image-2035\" srcset=\"https:\/\/epoint.at\/wp-content\/uploads\/2023\/06\/logo-frame-1-3.png 387w, https:\/\/epoint.at\/wp-content\/uploads\/2023\/06\/logo-frame-1-3-300x87.png 300w, https:\/\/epoint.at\/wp-content\/uploads\/2023\/06\/logo-frame-1-3-18x5.png 18w\" sizes=\"(max-width: 387px) 100vw, 387px\" \/><\/figure>\n\n\n\n<p><\/p>\n\n\n\n<p class=\"gb-headline gb-headline-f516ccd6 gb-headline-text\">Ein gelungener Urlaub beginnt mit der Wahl des Reiseb\u00fcros. Seit 15 Jahren organisieren wir Reisen effizient und sicher zu einem erschwinglichen Preis und sind spezialisiert auf gepr\u00fcfte und kontrollierte Ziele.<\/p>\n\n\n\n<p class=\"has-small-font-size\"><strong><a href=\"\/de\/fallstudie-reiseburo\/\">Projekt ansehen<\/a><\/strong><\/p>\n<\/div>\n\n<\/div><\/div><\/div>\n\n<div class=\"gb-grid-column gb-grid-column-d06ae45c\"><div class=\"gb-container gb-container-d06ae45c\"><div class=\"gb-inside-container\">\n\n<div class=\"wp-block-ab-animate ab-is-hidden\" data-scroll-class=\"fadeInUp\" data-scroll-threshold=\"20\" style=\"animation-duration:2.001s\">\n<p class=\"gb-headline gb-headline-26c22686\"><span class=\"gb-icon\"><svg xmlns=\"http:\/\/www.w3.org\/2000\/svg\" fill=\"none\" viewbox=\"0 0 32 26\" height=\"26\" width=\"32\"> <path fill=\"#4F80FD\" d=\"M15.6816 3.38113C12.5506 6.65493 10.0829 10.1434 8.27861 13.8465L14.7264 17.9522C14.7264 20.1526 13.9834 21.9774 12.4975 23.4264C11.0647 24.8755 9.3665 25.6 7.40299 25.6C5.01493 25.6 3.18408 24.9291 1.91045 23.5874C0.636816 22.192 0 20.2331 0 17.7107C0 14.5979 1.27363 11.3241 3.8209 7.88931C6.42123 4.45451 9.1277 1.82474 11.9403 0L15.6816 3.38113ZM32 3.38113C28.869 6.65493 26.4013 10.1434 24.597 13.8465L31.0448 17.9522C31.0448 20.1526 30.3018 21.9774 28.8159 23.4264C27.3831 24.8755 25.6849 25.6 23.7214 25.6C21.3333 25.6 19.5025 24.9291 18.2289 23.5874C16.9552 22.192 16.3184 20.2331 16.3184 17.7107C16.3184 14.5979 17.592 11.3241 20.1393 7.88931C22.7396 4.45451 25.4461 1.82474 28.2587 0L32 3.38113Z\"><\/path> <\/svg><\/span><span class=\"gb-headline-text\"><em>Segmentierung, Personalisierung, Kommunikationsautomatisierung und Omnichannel-Marketing geben uns den n\u00f6tigen Vorsprung, um die Erwartungen der Besucher zu \u00fcbertreffen und gro\u00dfartige Ergebnisse zu erzielen. <em>Dank der Unterst\u00fctzung von epoint konnten die Einnahmen trotz der Pandemie im Jahr 2020 um 10 % und im Jahr 2021 um 100 % gesteigert werden. Das Team arbeitet agil und effizient zusammen. Vor allem waren sie w\u00e4hrend der gesamten Partnerschaft leidenschaftlich, proaktiv und hilfsbereit und lieferten Ergebnisse, die die Erwartungen \u00fcbertrafen.\"<\/em><\/em>. <\/span><\/p>\n\n\n\n<p class=\"gb-headline gb-headline-4a5d136c gb-headline-text\">Sebastian Constantinescu<\/p>\n\n\n\n<p class=\"gb-headline gb-headline-625b0aea gb-headline-text\">CEO, Reiseplaner<\/p>\n<\/div>\n\n<\/div><\/div><\/div>\n<\/div>\n<\/div><\/div>\n\n\n<p><\/p>","protected":false},"excerpt":{"rendered":"","protected":false},"author":1,"featured_media":0,"parent":0,"menu_order":0,"comment_status":"closed","ping_status":"closed","template":"","meta":{"_acf_changed":false,"inline_featured_image":false,"footnotes":""},"class_list":{"0":"post-1755","1":"page","2":"type-page","3":"status-publish","5":"infinite-scroll-item"},"acf":[],"yoast_head":"<!-- This site is optimized with the Yoast SEO plugin v27.4 - https:\/\/yoast.com\/product\/yoast-seo-wordpress\/ -->\n<title>Testimonials - epoint.digital - Wien D\u00fcsseldorf Z\u00fcrich<\/title>\n<meta name=\"description\" content=\"Discover why companies have been choosing epoint as their trusted digital software provider for over 20 years.\" \/>\n<meta name=\"robots\" content=\"index, follow, max-snippet:-1, max-image-preview:large, max-video-preview:-1\" \/>\n<link rel=\"canonical\" href=\"https:\/\/epoint.at\/de\/empfehlungsschreiben\/\" \/>\n<meta property=\"og:locale\" content=\"de_DE\" \/>\n<meta property=\"og:type\" content=\"article\" \/>\n<meta property=\"og:title\" content=\"Testimonials - epoint.digital - Wien D\u00fcsseldorf Z\u00fcrich\" \/>\n<meta property=\"og:description\" content=\"Discover why companies have been choosing epoint as their trusted digital software provider for over 20 years.\" \/>\n<meta property=\"og:url\" content=\"https:\/\/epoint.at\/de\/empfehlungsschreiben\/\" \/>\n<meta property=\"og:site_name\" content=\"epoint.digital - Wien D\u00fcsseldorf Z\u00fcrich\" \/>\n<meta property=\"article:publisher\" content=\"https:\/\/www.facebook.com\/epoint.digital.agency\/\" \/>\n<meta property=\"article:modified_time\" content=\"2024-09-24T09:24:33+00:00\" \/>\n<meta property=\"og:image\" content=\"https:\/\/epoint.at\/wp-content\/uploads\/2023\/07\/logo-frame-2.png\" \/>\n<meta name=\"twitter:card\" content=\"summary_large_image\" \/>\n<meta name=\"twitter:label1\" content=\"Gesch\u00e4tzte Lesezeit\" \/>\n\t<meta name=\"twitter:data1\" content=\"3\u00a0Minuten\" \/>\n<script type=\"application\/ld+json\" class=\"yoast-schema-graph\">{\"@context\":\"https:\\\/\\\/schema.org\",\"@graph\":[{\"@type\":\"WebPage\",\"@id\":\"https:\\\/\\\/epoint.at\\\/testimonials\\\/\",\"url\":\"https:\\\/\\\/epoint.at\\\/testimonials\\\/\",\"name\":\"Testimonials - epoint.digital - Wien D\u00fcsseldorf Z\u00fcrich\",\"isPartOf\":{\"@id\":\"https:\\\/\\\/epoint.at\\\/#website\"},\"primaryImageOfPage\":{\"@id\":\"https:\\\/\\\/epoint.at\\\/testimonials\\\/#primaryimage\"},\"image\":{\"@id\":\"https:\\\/\\\/epoint.at\\\/testimonials\\\/#primaryimage\"},\"thumbnailUrl\":\"https:\\\/\\\/epoint.at\\\/wp-content\\\/uploads\\\/2023\\\/07\\\/logo-frame-2.png\",\"datePublished\":\"2023-05-04T09:04:04+00:00\",\"dateModified\":\"2024-09-24T09:24:33+00:00\",\"description\":\"Discover why companies have been choosing epoint as their trusted digital software provider for over 20 years.\",\"breadcrumb\":{\"@id\":\"https:\\\/\\\/epoint.at\\\/testimonials\\\/#breadcrumb\"},\"inLanguage\":\"de\",\"potentialAction\":[{\"@type\":\"ReadAction\",\"target\":[\"https:\\\/\\\/epoint.at\\\/testimonials\\\/\"]}]},{\"@type\":\"ImageObject\",\"inLanguage\":\"de\",\"@id\":\"https:\\\/\\\/epoint.at\\\/testimonials\\\/#primaryimage\",\"url\":\"https:\\\/\\\/epoint.at\\\/wp-content\\\/uploads\\\/2023\\\/07\\\/logo-frame-2.png\",\"contentUrl\":\"https:\\\/\\\/epoint.at\\\/wp-content\\\/uploads\\\/2023\\\/07\\\/logo-frame-2.png\"},{\"@type\":\"BreadcrumbList\",\"@id\":\"https:\\\/\\\/epoint.at\\\/testimonials\\\/#breadcrumb\",\"itemListElement\":[{\"@type\":\"ListItem\",\"position\":1,\"name\":\"Home\",\"item\":\"https:\\\/\\\/epoint.at\\\/\"},{\"@type\":\"ListItem\",\"position\":2,\"name\":\"Testimonials\"}]},{\"@type\":\"WebSite\",\"@id\":\"https:\\\/\\\/epoint.at\\\/#website\",\"url\":\"https:\\\/\\\/epoint.at\\\/\",\"name\":\"epoint.digital - design. engineering. marketing\",\"description\":\"\",\"publisher\":{\"@id\":\"https:\\\/\\\/epoint.at\\\/#organization\"},\"potentialAction\":[{\"@type\":\"SearchAction\",\"target\":{\"@type\":\"EntryPoint\",\"urlTemplate\":\"https:\\\/\\\/epoint.at\\\/?s={search_term_string}\"},\"query-input\":{\"@type\":\"PropertyValueSpecification\",\"valueRequired\":true,\"valueName\":\"search_term_string\"}}],\"inLanguage\":\"de\"},{\"@type\":\"Organization\",\"@id\":\"https:\\\/\\\/epoint.at\\\/#organization\",\"name\":\"epoint.digital - design. engineering. marketing agency\",\"url\":\"https:\\\/\\\/epoint.at\\\/\",\"logo\":{\"@type\":\"ImageObject\",\"inLanguage\":\"de\",\"@id\":\"https:\\\/\\\/epoint.at\\\/#\\\/schema\\\/logo\\\/image\\\/\",\"url\":\"https:\\\/\\\/epoint.at\\\/wp-content\\\/uploads\\\/2022\\\/11\\\/logo_epoint.svg\",\"contentUrl\":\"https:\\\/\\\/epoint.at\\\/wp-content\\\/uploads\\\/2022\\\/11\\\/logo_epoint.svg\",\"width\":800,\"height\":800,\"caption\":\"epoint.digital - design. engineering. marketing agency\"},\"image\":{\"@id\":\"https:\\\/\\\/epoint.at\\\/#\\\/schema\\\/logo\\\/image\\\/\"},\"sameAs\":[\"https:\\\/\\\/www.facebook.com\\\/epoint.digital.agency\\\/\",\"https:\\\/\\\/www.linkedin.com\\\/company\\\/1155118\"]}]}<\/script>\n<!-- \/ Yoast SEO plugin. -->","yoast_head_json":{"title":"Erfahrungsberichte - epoint.digital - Wien D\u00fcsseldorf Z\u00fcrich","description":"Entdecken Sie, warum Unternehmen seit \u00fcber 20 Jahren epoint als ihren vertrauensw\u00fcrdigen Anbieter f\u00fcr digitale Software w\u00e4hlen.","robots":{"index":"index","follow":"follow","max-snippet":"max-snippet:-1","max-image-preview":"max-image-preview:large","max-video-preview":"max-video-preview:-1"},"canonical":"https:\/\/epoint.at\/de\/empfehlungsschreiben\/","og_locale":"de_DE","og_type":"article","og_title":"Testimonials - epoint.digital - Wien D\u00fcsseldorf Z\u00fcrich","og_description":"Discover why companies have been choosing epoint as their trusted digital software provider for over 20 years.","og_url":"https:\/\/epoint.at\/de\/empfehlungsschreiben\/","og_site_name":"epoint.digital - Wien D\u00fcsseldorf Z\u00fcrich","article_publisher":"https:\/\/www.facebook.com\/epoint.digital.agency\/","article_modified_time":"2024-09-24T09:24:33+00:00","og_image":[{"url":"https:\/\/epoint.at\/wp-content\/uploads\/2023\/07\/logo-frame-2.png","type":"","width":"","height":""}],"twitter_card":"summary_large_image","twitter_misc":{"Gesch\u00e4tzte Lesezeit":"3\u00a0Minuten"},"schema":{"@context":"https:\/\/schema.org","@graph":[{"@type":"WebPage","@id":"https:\/\/epoint.at\/testimonials\/","url":"https:\/\/epoint.at\/testimonials\/","name":"Erfahrungsberichte - epoint.digital - Wien D\u00fcsseldorf Z\u00fcrich","isPartOf":{"@id":"https:\/\/epoint.at\/#website"},"primaryImageOfPage":{"@id":"https:\/\/epoint.at\/testimonials\/#primaryimage"},"image":{"@id":"https:\/\/epoint.at\/testimonials\/#primaryimage"},"thumbnailUrl":"https:\/\/epoint.at\/wp-content\/uploads\/2023\/07\/logo-frame-2.png","datePublished":"2023-05-04T09:04:04+00:00","dateModified":"2024-09-24T09:24:33+00:00","description":"Entdecken Sie, warum Unternehmen seit \u00fcber 20 Jahren epoint als ihren vertrauensw\u00fcrdigen Anbieter f\u00fcr digitale Software w\u00e4hlen.","breadcrumb":{"@id":"https:\/\/epoint.at\/testimonials\/#breadcrumb"},"inLanguage":"de","potentialAction":[{"@type":"ReadAction","target":["https:\/\/epoint.at\/testimonials\/"]}]},{"@type":"ImageObject","inLanguage":"de","@id":"https:\/\/epoint.at\/testimonials\/#primaryimage","url":"https:\/\/epoint.at\/wp-content\/uploads\/2023\/07\/logo-frame-2.png","contentUrl":"https:\/\/epoint.at\/wp-content\/uploads\/2023\/07\/logo-frame-2.png"},{"@type":"BreadcrumbList","@id":"https:\/\/epoint.at\/testimonials\/#breadcrumb","itemListElement":[{"@type":"ListItem","position":1,"name":"Home","item":"https:\/\/epoint.at\/"},{"@type":"ListItem","position":2,"name":"Testimonials"}]},{"@type":"WebSite","@id":"https:\/\/epoint.at\/#website","url":"https:\/\/epoint.at\/","name":"epoint.digital - Entwurf. Technik. Marketing","description":"","publisher":{"@id":"https:\/\/epoint.at\/#organization"},"potentialAction":[{"@type":"SearchAction","target":{"@type":"EntryPoint","urlTemplate":"https:\/\/epoint.at\/?s={search_term_string}"},"query-input":{"@type":"PropertyValueSpecification","valueRequired":true,"valueName":"search_term_string"}}],"inLanguage":"de"},{"@type":"Organization","@id":"https:\/\/epoint.at\/#organization","name":"epoint.digital - Agentur f\u00fcr Design, Technik und Marketing","url":"https:\/\/epoint.at\/","logo":{"@type":"ImageObject","inLanguage":"de","@id":"https:\/\/epoint.at\/#\/schema\/logo\/image\/","url":"https:\/\/epoint.at\/wp-content\/uploads\/2022\/11\/logo_epoint.svg","contentUrl":"https:\/\/epoint.at\/wp-content\/uploads\/2022\/11\/logo_epoint.svg","width":800,"height":800,"caption":"epoint.digital - design. engineering. marketing agency"},"image":{"@id":"https:\/\/epoint.at\/#\/schema\/logo\/image\/"},"sameAs":["https:\/\/www.facebook.com\/epoint.digital.agency\/","https:\/\/www.linkedin.com\/company\/1155118"]}]}},"_links":{"self":[{"href":"https:\/\/epoint.at\/de\/wp-json\/wp\/v2\/pages\/1755","targetHints":{"allow":["GET"]}}],"collection":[{"href":"https:\/\/epoint.at\/de\/wp-json\/wp\/v2\/pages"}],"about":[{"href":"https:\/\/epoint.at\/de\/wp-json\/wp\/v2\/types\/page"}],"author":[{"embeddable":true,"href":"https:\/\/epoint.at\/de\/wp-json\/wp\/v2\/users\/1"}],"replies":[{"embeddable":true,"href":"https:\/\/epoint.at\/de\/wp-json\/wp\/v2\/comments?post=1755"}],"version-history":[{"count":29,"href":"https:\/\/epoint.at\/de\/wp-json\/wp\/v2\/pages\/1755\/revisions"}],"predecessor-version":[{"id":4817,"href":"https:\/\/epoint.at\/de\/wp-json\/wp\/v2\/pages\/1755\/revisions\/4817"}],"wp:attachment":[{"href":"https:\/\/epoint.at\/de\/wp-json\/wp\/v2\/media?parent=1755"}],"curies":[{"name":"wp","href":"https:\/\/api.w.org\/{rel}","templated":true}]}}