{"id":1519,"date":"2023-02-01T08:33:23","date_gmt":"2023-02-01T08:33:23","guid":{"rendered":"https:\/\/new.epoint.at\/?page_id=1519"},"modified":"2023-10-09T15:26:03","modified_gmt":"2023-10-09T12:26:03","slug":"haftungsausschluss","status":"publish","type":"page","link":"https:\/\/epoint.at\/de\/haftungsausschluss\/","title":{"rendered":"Haftungsausschluss"},"content":{"rendered":"<div class=\"gb-container gb-container-ac6d1fb0 page-hero\"><div class=\"gb-inside-container\">\n\n<div class=\"wp-block-ab-animate ab-is-hidden\" data-scroll-class=\"fadeIn\" data-scroll-threshold=\"20\" style=\"animation-duration:1.5s\">\n<h2 class=\"gb-headline gb-headline-06007a19 gb-headline-text\">SC EPOINT - WEB SOLUTIONS SRL<\/h2>\n<\/div>\n\n<\/div><\/div>\n\n<div class=\"gb-container gb-container-5d7c3c4a\" id=\"see-for-yourself\"><div class=\"gb-inside-container\">\n<div class=\"gb-grid-wrapper gb-grid-wrapper-1794e585\">\n<div class=\"gb-grid-column gb-grid-column-412caf13\"><div class=\"gb-container gb-container-412caf13 fade-down\"><div class=\"gb-inside-container\">\n\n<div class=\"wp-block-ab-animate ab-is-hidden\" data-scroll-class=\"fadeInUp\" data-scroll-threshold=\"20\" style=\"animation-duration:1.5s\">\n<h3 class=\"gb-headline gb-headline-a8af26ff gb-headline-text slide-in-demo\">SC EPOINT - WEB SOLUTIONS SRL<\/h3>\n<\/div>\n\n<\/div><\/div><\/div>\n\n<div class=\"gb-grid-column gb-grid-column-aae30221\"><div class=\"gb-container gb-container-aae30221\"><div class=\"gb-inside-container\">\n\n<div class=\"wp-block-ab-animate ab-is-hidden\" data-scroll-class=\"fadeInUp\" data-scroll-delay=\"100\" data-scroll-threshold=\"10\" style=\"animation-duration:2s\">\n<h6 class=\"gb-headline gb-headline-406b72b3 gb-headline-text\">Details zum Unternehmen<\/h6>\n\n\n\n<p>Handelsregisternummer: RO 13120890 &amp; J35\/2006\/94<br>Iancu Vacarescu 7\/2<br>300182 Timisoara<br>Rum\u00e4nien<br>Tel. +40 \/ 356 \/ 409 072<br>Fax. +40 \/ 374 \/ 090 406<br>E-Mail: info@epoint.ro<br>www.epoint.ro<\/p>\n<\/div>\n\n<\/div><\/div><\/div>\n<\/div>\n<\/div><\/div>\n\n<div class=\"gb-container gb-container-d7977dea\" id=\"see-for-yourself\"><div class=\"gb-inside-container\">\n<div class=\"gb-grid-wrapper gb-grid-wrapper-7379efc9\">\n<div class=\"gb-grid-column gb-grid-column-c3b3aa16\"><div class=\"gb-container gb-container-c3b3aa16 fade-down\"><div class=\"gb-inside-container\">\n\n<div class=\"wp-block-ab-animate ab-is-hidden\" data-scroll-class=\"fadeInUp\" data-scroll-threshold=\"20\" style=\"animation-duration:1.5s\">\n<h3 class=\"wp-block-heading\">1. INHALT<\/h3>\n<\/div>\n\n<\/div><\/div><\/div>\n\n<div class=\"gb-grid-column gb-grid-column-92351b43\"><div class=\"gb-container gb-container-92351b43\"><div class=\"gb-inside-container\">\n\n<div class=\"wp-block-ab-animate ab-is-hidden\" data-scroll-class=\"fadeInUp\" data-scroll-delay=\"100\" data-scroll-threshold=\"10\" style=\"animation-duration:2s\">\n<p>Der Autor \u00fcbernimmt keinerlei Gew\u00e4hr f\u00fcr die Aktualit\u00e4t, Korrektheit, Vollst\u00e4ndigkeit oder Qualit\u00e4t der bereitgestellten Informationen. Haftungsanspr\u00fcche, die sich auf Sch\u00e4den materieller oder ideeller Art beziehen, die durch die Nutzung oder Nichtnutzung der dargebotenen Informationen bzw. durch die Nutzung fehlerhafter und unvollst\u00e4ndiger Informationen verursacht wurden, sind grunds\u00e4tzlich ausgeschlossen.<br>Alle Angebote sind freibleibend und unverbindlich. Der Autor beh\u00e4lt es sich ausdr\u00fccklich vor, Teile der Seiten oder das gesamte Angebot ohne gesonderte Ank\u00fcndigung zu ver\u00e4ndern, zu erg\u00e4nzen, zu l\u00f6schen oder die Ver\u00f6ffentlichung zeitweise oder endg\u00fcltig einzustellen.<\/p>\n<\/div>\n\n<\/div><\/div><\/div>\n<\/div>\n\n<div class=\"gb-grid-wrapper gb-grid-wrapper-a9cc354e\">\n<div class=\"gb-grid-column gb-grid-column-1336e955\"><div class=\"gb-container gb-container-1336e955 fade-down\"><div class=\"gb-inside-container\">\n\n<div class=\"wp-block-ab-animate ab-is-hidden\" data-scroll-class=\"fadeInUp\" data-scroll-threshold=\"20\" style=\"animation-duration:1.5s\">\n<h3 class=\"wp-block-heading\">2. VERWEISE UND LINKS<\/h3>\n<\/div>\n\n<\/div><\/div><\/div>\n\n<div class=\"gb-grid-column gb-grid-column-2997305b\"><div class=\"gb-container gb-container-2997305b\"><div class=\"gb-inside-container\">\n\n<div class=\"wp-block-ab-animate ab-is-hidden\" data-scroll-class=\"fadeInUp\" data-scroll-delay=\"100\" data-scroll-threshold=\"10\" style=\"animation-duration:2s\">\n<p>Bei direkten oder indirekten Verweisen auf fremde Internetseiten (\"Links\"), die au\u00dferhalb des Verantwortungsbereiches des Autors liegen, w\u00fcrde eine Haftungsverpflichtung ausschlie\u00dflich in dem Fall in Kraft treten, in dem der Autor von den Inhalten Kenntnis hat und es ihm technisch m\u00f6glich und zumutbar w\u00e4re, die Nutzung im Falle rechtswidriger Inhalte zu verhindern. F\u00fcr illegale, fehlerhafte oder unvollst\u00e4ndige Inhalte und insbesondere f\u00fcr Sch\u00e4den, die aus der Nutzung oder Nichtnutzung solcherart dargebotener Informationen entstehen, haftet allein der Anbieter der Seite, auf welche verwiesen wurde, nicht derjenige, der \u00fcber Links auf die jeweilige Ver\u00f6ffentlichung lediglich verweist. Weiterhin haftet der Autor nicht f\u00fcr Beitr\u00e4ge oder Nachrichten, die von Nutzern von Diskussionsforen, G\u00e4steb\u00fcchern oder Mailinglisten auf seiner Seite ver\u00f6ffentlicht werden.<\/p>\n<\/div>\n\n<\/div><\/div><\/div>\n<\/div>\n\n<div class=\"gb-grid-wrapper gb-grid-wrapper-8ef78bf7\">\n<div class=\"gb-grid-column gb-grid-column-caf72907\"><div class=\"gb-container gb-container-caf72907 fade-down\"><div class=\"gb-inside-container\">\n\n<div class=\"wp-block-ab-animate ab-is-hidden\" data-scroll-class=\"fadeInUp\" data-scroll-threshold=\"20\" style=\"animation-duration:1.5s\">\n<h3 class=\"wp-block-heading\">3. COPYRIGHT<\/h3>\n<\/div>\n\n<\/div><\/div><\/div>\n\n<div class=\"gb-grid-column gb-grid-column-08a5af26\"><div class=\"gb-container gb-container-08a5af26\"><div class=\"gb-inside-container\">\n\n<div class=\"wp-block-ab-animate ab-is-hidden\" data-scroll-class=\"fadeInUp\" data-scroll-delay=\"100\" data-scroll-threshold=\"10\" style=\"animation-duration:2s\">\n<p>Der Autor ist bestrebt, kein urheberrechtlich gesch\u00fctztes Material f\u00fcr die Ver\u00f6ffentlichung zu verwenden oder, falls dies nicht m\u00f6glich ist, das Urheberrecht des jeweiligen Objekts anzugeben.<br>Das Copyright f\u00fcr ver\u00f6ffentlichte, vom Autor selbst erstellte Objekte bleibt allein beim Autor der Seiten. Eine Vervielf\u00e4ltigung oder Verwendung solcher Grafiken, Sounds oder Texte in anderen elektronischen oder gedruckten Publikationen ist ohne ausdr\u00fcckliche Zustimmung des Autors nicht gestattet.<\/p>\n<\/div>\n\n<\/div><\/div><\/div>\n<\/div>\n\n<div class=\"gb-grid-wrapper gb-grid-wrapper-ac949d8e\">\n<div class=\"gb-grid-column gb-grid-column-3d106862\"><div class=\"gb-container gb-container-3d106862 fade-down\"><div class=\"gb-inside-container\">\n\n<div class=\"wp-block-ab-animate ab-is-hidden\" data-scroll-class=\"fadeInUp\" data-scroll-threshold=\"20\" style=\"animation-duration:1.5s\">\n<h3 class=\"wp-block-heading\">4. PRIVACY-POLITIK<\/h3>\n<\/div>\n\n<\/div><\/div><\/div>\n\n<div class=\"gb-grid-column gb-grid-column-011792f1\"><div class=\"gb-container gb-container-011792f1\"><div class=\"gb-inside-container\">\n\n<div class=\"wp-block-ab-animate ab-is-hidden\" data-scroll-class=\"fadeInUp\" data-scroll-delay=\"100\" data-scroll-threshold=\"10\" style=\"animation-duration:2s\">\n<p>Sofern innerhalb des Internetangebotes die M\u00f6glichkeit zur Eingabe pers\u00f6nlicher oder gesch\u00e4ftlicher Daten (Emailadressen, Namen, Anschriften) besteht, so erfolgt die Preisgabe dieser Daten seitens des Nutzers auf ausdr\u00fccklich freiwilliger Basis. Die Inanspruchnahme und Bezahlung aller angebotenen Dienste ist - soweit technisch m\u00f6glich und zumutbar - auch ohne Angabe solcher Daten bzw. unter Angabe anonymisierter Daten oder eines Pseudonyms gestattet. Die Nutzung der im Rahmen des Impressums oder vergleichbarer Angaben ver\u00f6ffentlichten Kontaktdaten wie Postanschriften, Telefon- und Faxnummern sowie Emailadressen durch Dritte zur \u00dcbersendung von nicht ausdr\u00fccklich angeforderten Informationen ist nicht gestattet.<\/p>\n<\/div>\n\n<\/div><\/div><\/div>\n<\/div>\n\n<div class=\"gb-grid-wrapper gb-grid-wrapper-76053148\">\n<div class=\"gb-grid-column gb-grid-column-97ba8675\"><div class=\"gb-container gb-container-97ba8675 fade-down\"><div class=\"gb-inside-container\">\n\n<div class=\"wp-block-ab-animate ab-is-hidden\" data-scroll-class=\"fadeInUp\" data-scroll-threshold=\"20\" style=\"animation-duration:1.5s\">\n<h3 class=\"wp-block-heading\">5. RECHTSG\u00dcLTIGKEIT DIESES HAFTUNGSAUSSCHLUSSES<\/h3>\n<\/div>\n\n<\/div><\/div><\/div>\n\n<div class=\"gb-grid-column gb-grid-column-6599f66f\"><div class=\"gb-container gb-container-6599f66f\"><div class=\"gb-inside-container\">\n\n<div class=\"wp-block-ab-animate ab-is-hidden\" data-scroll-class=\"fadeInUp\" data-scroll-delay=\"100\" data-scroll-threshold=\"10\" style=\"animation-duration:2s\">\n<p>Dieser Haftungsausschluss ist als Teil des Internetangebotes zu betrachten, von dem aus auf diese Seite verwiesen wurde. Sofern Teile oder einzelne Formulierungen dieses Textes der geltenden Rechtslage nicht, nicht mehr oder nicht vollst\u00e4ndig entsprechen sollten, bleiben die \u00fcbrigen Teile des Dokumentes in ihrem Inhalt und ihrer G\u00fcltigkeit davon unber\u00fchrt.<\/p>\n<\/div>\n\n<\/div><\/div><\/div>\n<\/div>\n<\/div><\/div>","protected":false},"excerpt":{"rendered":"","protected":false},"author":1,"featured_media":0,"parent":0,"menu_order":0,"comment_status":"closed","ping_status":"closed","template":"","meta":{"_acf_changed":false,"inline_featured_image":false,"footnotes":""},"class_list":{"0":"post-1519","1":"page","2":"type-page","3":"status-publish","5":"infinite-scroll-item"},"acf":[],"yoast_head":"<!-- This site is optimized with the Yoast SEO plugin v27.3 - https:\/\/yoast.com\/product\/yoast-seo-wordpress\/ -->\n<title>Disclaimer - epoint.digital - Wien D\u00fcsseldorf Z\u00fcrich<\/title>\n<meta name=\"robots\" content=\"index, follow, max-snippet:-1, max-image-preview:large, max-video-preview:-1\" \/>\n<link rel=\"canonical\" href=\"https:\/\/epoint.at\/de\/haftungsausschluss\/\" \/>\n<meta property=\"og:locale\" content=\"de_DE\" \/>\n<meta property=\"og:type\" content=\"article\" \/>\n<meta property=\"og:title\" content=\"Disclaimer - epoint.digital - Wien D\u00fcsseldorf Z\u00fcrich\" \/>\n<meta property=\"og:url\" content=\"https:\/\/epoint.at\/de\/haftungsausschluss\/\" \/>\n<meta property=\"og:site_name\" content=\"epoint.digital - Wien D\u00fcsseldorf Z\u00fcrich\" \/>\n<meta property=\"article:publisher\" content=\"https:\/\/www.facebook.com\/epoint.digital.agency\/\" \/>\n<meta property=\"article:modified_time\" content=\"2023-10-09T12:26:03+00:00\" \/>\n<meta name=\"twitter:card\" content=\"summary_large_image\" \/>\n<meta name=\"twitter:label1\" content=\"Gesch\u00e4tzte Lesezeit\" \/>\n\t<meta name=\"twitter:data1\" content=\"2\u00a0Minuten\" \/>\n<script type=\"application\/ld+json\" class=\"yoast-schema-graph\">{\"@context\":\"https:\\\/\\\/schema.org\",\"@graph\":[{\"@type\":\"WebPage\",\"@id\":\"https:\\\/\\\/epoint.at\\\/disclaimer\\\/\",\"url\":\"https:\\\/\\\/epoint.at\\\/disclaimer\\\/\",\"name\":\"Disclaimer - epoint.digital - Wien D\u00fcsseldorf Z\u00fcrich\",\"isPartOf\":{\"@id\":\"https:\\\/\\\/epoint.at\\\/#website\"},\"datePublished\":\"2023-02-01T08:33:23+00:00\",\"dateModified\":\"2023-10-09T12:26:03+00:00\",\"breadcrumb\":{\"@id\":\"https:\\\/\\\/epoint.at\\\/disclaimer\\\/#breadcrumb\"},\"inLanguage\":\"de\",\"potentialAction\":[{\"@type\":\"ReadAction\",\"target\":[\"https:\\\/\\\/epoint.at\\\/disclaimer\\\/\"]}]},{\"@type\":\"BreadcrumbList\",\"@id\":\"https:\\\/\\\/epoint.at\\\/disclaimer\\\/#breadcrumb\",\"itemListElement\":[{\"@type\":\"ListItem\",\"position\":1,\"name\":\"Home\",\"item\":\"https:\\\/\\\/epoint.at\\\/\"},{\"@type\":\"ListItem\",\"position\":2,\"name\":\"Disclaimer\"}]},{\"@type\":\"WebSite\",\"@id\":\"https:\\\/\\\/epoint.at\\\/#website\",\"url\":\"https:\\\/\\\/epoint.at\\\/\",\"name\":\"epoint.digital - design. engineering. marketing\",\"description\":\"\",\"publisher\":{\"@id\":\"https:\\\/\\\/epoint.at\\\/#organization\"},\"potentialAction\":[{\"@type\":\"SearchAction\",\"target\":{\"@type\":\"EntryPoint\",\"urlTemplate\":\"https:\\\/\\\/epoint.at\\\/?s={search_term_string}\"},\"query-input\":{\"@type\":\"PropertyValueSpecification\",\"valueRequired\":true,\"valueName\":\"search_term_string\"}}],\"inLanguage\":\"de\"},{\"@type\":\"Organization\",\"@id\":\"https:\\\/\\\/epoint.at\\\/#organization\",\"name\":\"epoint.digital - design. engineering. marketing agency\",\"url\":\"https:\\\/\\\/epoint.at\\\/\",\"logo\":{\"@type\":\"ImageObject\",\"inLanguage\":\"de\",\"@id\":\"https:\\\/\\\/epoint.at\\\/#\\\/schema\\\/logo\\\/image\\\/\",\"url\":\"https:\\\/\\\/epoint.at\\\/wp-content\\\/uploads\\\/2022\\\/11\\\/logo_epoint.svg\",\"contentUrl\":\"https:\\\/\\\/epoint.at\\\/wp-content\\\/uploads\\\/2022\\\/11\\\/logo_epoint.svg\",\"width\":800,\"height\":800,\"caption\":\"epoint.digital - design. engineering. marketing agency\"},\"image\":{\"@id\":\"https:\\\/\\\/epoint.at\\\/#\\\/schema\\\/logo\\\/image\\\/\"},\"sameAs\":[\"https:\\\/\\\/www.facebook.com\\\/epoint.digital.agency\\\/\",\"https:\\\/\\\/www.linkedin.com\\\/company\\\/1155118\"]}]}<\/script>\n<!-- \/ Yoast SEO plugin. -->","yoast_head_json":{"title":"Haftungsausschluss - epoint.digital - Wien D\u00fcsseldorf Z\u00fcrich","robots":{"index":"index","follow":"follow","max-snippet":"max-snippet:-1","max-image-preview":"max-image-preview:large","max-video-preview":"max-video-preview:-1"},"canonical":"https:\/\/epoint.at\/de\/haftungsausschluss\/","og_locale":"de_DE","og_type":"article","og_title":"Disclaimer - epoint.digital - Wien D\u00fcsseldorf Z\u00fcrich","og_url":"https:\/\/epoint.at\/de\/haftungsausschluss\/","og_site_name":"epoint.digital - Wien D\u00fcsseldorf Z\u00fcrich","article_publisher":"https:\/\/www.facebook.com\/epoint.digital.agency\/","article_modified_time":"2023-10-09T12:26:03+00:00","twitter_card":"summary_large_image","twitter_misc":{"Gesch\u00e4tzte Lesezeit":"2\u00a0Minuten"},"schema":{"@context":"https:\/\/schema.org","@graph":[{"@type":"WebPage","@id":"https:\/\/epoint.at\/disclaimer\/","url":"https:\/\/epoint.at\/disclaimer\/","name":"Haftungsausschluss - epoint.digital - Wien D\u00fcsseldorf Z\u00fcrich","isPartOf":{"@id":"https:\/\/epoint.at\/#website"},"datePublished":"2023-02-01T08:33:23+00:00","dateModified":"2023-10-09T12:26:03+00:00","breadcrumb":{"@id":"https:\/\/epoint.at\/disclaimer\/#breadcrumb"},"inLanguage":"de","potentialAction":[{"@type":"ReadAction","target":["https:\/\/epoint.at\/disclaimer\/"]}]},{"@type":"BreadcrumbList","@id":"https:\/\/epoint.at\/disclaimer\/#breadcrumb","itemListElement":[{"@type":"ListItem","position":1,"name":"Home","item":"https:\/\/epoint.at\/"},{"@type":"ListItem","position":2,"name":"Disclaimer"}]},{"@type":"WebSite","@id":"https:\/\/epoint.at\/#website","url":"https:\/\/epoint.at\/","name":"epoint.digital - Entwurf. Technik. Marketing","description":"","publisher":{"@id":"https:\/\/epoint.at\/#organization"},"potentialAction":[{"@type":"SearchAction","target":{"@type":"EntryPoint","urlTemplate":"https:\/\/epoint.at\/?s={search_term_string}"},"query-input":{"@type":"PropertyValueSpecification","valueRequired":true,"valueName":"search_term_string"}}],"inLanguage":"de"},{"@type":"Organization","@id":"https:\/\/epoint.at\/#organization","name":"epoint.digital - Agentur f\u00fcr Design, Technik und Marketing","url":"https:\/\/epoint.at\/","logo":{"@type":"ImageObject","inLanguage":"de","@id":"https:\/\/epoint.at\/#\/schema\/logo\/image\/","url":"https:\/\/epoint.at\/wp-content\/uploads\/2022\/11\/logo_epoint.svg","contentUrl":"https:\/\/epoint.at\/wp-content\/uploads\/2022\/11\/logo_epoint.svg","width":800,"height":800,"caption":"epoint.digital - design. engineering. marketing agency"},"image":{"@id":"https:\/\/epoint.at\/#\/schema\/logo\/image\/"},"sameAs":["https:\/\/www.facebook.com\/epoint.digital.agency\/","https:\/\/www.linkedin.com\/company\/1155118"]}]}},"_links":{"self":[{"href":"https:\/\/epoint.at\/de\/wp-json\/wp\/v2\/pages\/1519","targetHints":{"allow":["GET"]}}],"collection":[{"href":"https:\/\/epoint.at\/de\/wp-json\/wp\/v2\/pages"}],"about":[{"href":"https:\/\/epoint.at\/de\/wp-json\/wp\/v2\/types\/page"}],"author":[{"embeddable":true,"href":"https:\/\/epoint.at\/de\/wp-json\/wp\/v2\/users\/1"}],"replies":[{"embeddable":true,"href":"https:\/\/epoint.at\/de\/wp-json\/wp\/v2\/comments?post=1519"}],"version-history":[{"count":10,"href":"https:\/\/epoint.at\/de\/wp-json\/wp\/v2\/pages\/1519\/revisions"}],"predecessor-version":[{"id":2846,"href":"https:\/\/epoint.at\/de\/wp-json\/wp\/v2\/pages\/1519\/revisions\/2846"}],"wp:attachment":[{"href":"https:\/\/epoint.at\/de\/wp-json\/wp\/v2\/media?parent=1519"}],"curies":[{"name":"wp","href":"https:\/\/api.w.org\/{rel}","templated":true}]}}