{"id":1470,"date":"2023-02-01T07:34:31","date_gmt":"2023-02-01T07:34:31","guid":{"rendered":"https:\/\/new.epoint.at\/?page_id=1470"},"modified":"2023-11-10T17:20:34","modified_gmt":"2023-11-10T14:20:34","slug":"web-design","status":"publish","type":"page","link":"https:\/\/epoint.at\/de\/web-design\/","title":{"rendered":"Web-Design"},"content":{"rendered":"<div class=\"gb-container gb-container-8da46529\"><div class=\"gb-inside-container\">\n\n<div class=\"wp-block-ab-animate ab-is-hidden\" data-scroll-class=\"fadeIn\" data-scroll-threshold=\"20\" style=\"animation-duration:1.5s\">\n<h1 class=\"gb-headline gb-headline-dd08a730 gb-headline-text\">F\u00fchrende Webdesign Agentur<\/h1>\n\n\n\n<p class=\"has-basic-100-color has-text-color\" style=\"font-size:20px\">Erstellen Sie beeindruckende, ma\u00dfgeschneiderte Webdesigns, die konvertieren.<\/p>\n<\/div>\n\n\n\n<div class=\"wp-block-ab-animate ab-is-hidden\" data-scroll-class=\"fadeInUp\" data-scroll-threshold=\"20\" style=\"animation-duration:1s\"><div class=\"gb-button-wrapper gb-button-wrapper-c5b67515\">\n\n<a class=\"gb-button gb-button-962bbab0 smooth-scroll\" href=\"#contact\"><span class=\"gb-button-text\">Gespr\u00e4ch vereinbaren<\/span><span class=\"gb-icon\"><svg xmlns=\"http:\/\/www.w3.org\/2000\/svg\" fill=\"none\" viewbox=\"0 0 24 24\" height=\"24\" width=\"24\"> <g clip-path=\"url(#clip0_5493_25719)\"> <path fill=\"white\" d=\"M17.0125 10.75H2V13.25H17.0125V17L22 12L17.0125 7V10.75Z\"><\/path> <\/g> <defs> <clippath id=\"clip0_5493_25719\"> <rect fill=\"white\" height=\"24\" width=\"24\"><\/rect> <\/clippath> <\/defs> <\/svg><\/span><\/a>\n\n<\/div><\/div>\n\n<\/div><\/div>\n\n<div class=\"gb-container gb-container-ce80251e\" id=\"text-container\"><div class=\"gb-inside-container\">\n<div class=\"gb-grid-wrapper gb-grid-wrapper-8dfffc29\">\n<div class=\"gb-grid-column gb-grid-column-8f0a31b8\"><div class=\"gb-container gb-container-8f0a31b8\"><div class=\"gb-inside-container\">\n\n<div class=\"wp-block-ab-animate ab-is-hidden\" data-scroll-class=\"fadeInUp\" data-scroll-threshold=\"10\" style=\"animation-duration:1s\">\n<h2 class=\"gb-headline gb-headline-b06eb39a gb-headline-text\">Willkommen bei der epoint Webdesign-Agentur!<\/h2>\n<\/div>\n\n<\/div><\/div><\/div>\n\n<div class=\"gb-grid-column gb-grid-column-62f020f6\"><div class=\"gb-container gb-container-62f020f6\"><div class=\"gb-inside-container\">\n\n<div class=\"wp-block-ab-animate ab-is-hidden\" data-scroll-class=\"fadeInUp\" data-scroll-delay=\"100\" data-scroll-threshold=\"10\" style=\"animation-duration:1s\">\n<p class=\"gb-headline gb-headline-15ff598c gb-headline-text\">Bew\u00e4ltigung der Probleme, die 65 % der KMU mit Online-Werbung haben<\/p>\n\n\n\n<p class=\"gb-headline gb-headline-004ad41e gb-headline-text\">Wir sind ein Team erfahrener Webdesigner und -entwickler, das sich der Erstellung visuell beeindruckender und hochfunktionaler Websites f\u00fcr Unternehmen aller Gr\u00f6\u00dfenordnungen widmet. Unser Ziel ist es, unseren Kunden zum Erfolg zu verhelfen, indem wir ihnen eine starke Online-Pr\u00e4senz bieten, die es ihren Kunden erleichtert, sie zu finden, mit ihnen zu interagieren und letztendlich Gesch\u00e4fte mit ihnen zu machen.<\/p>\n<\/div>\n\n<\/div><\/div><\/div>\n<\/div>\n<\/div><\/div>\n\n<div class=\"gb-container gb-container-e0386584\"><div class=\"gb-inside-container\">\n<div class=\"gb-grid-wrapper gb-grid-wrapper-58417912\">\n<div class=\"gb-grid-column gb-grid-column-a42f4895\"><div class=\"gb-container gb-container-a42f4895\"><div class=\"gb-inside-container\">\n\n<div class=\"wp-block-ab-animate ab-is-hidden\" data-scroll-class=\"fadeInLeft\" data-scroll-threshold=\"20\" style=\"animation-duration:1s\">\n<figure class=\"wp-block-image size-full\"><img fetchpriority=\"high\" decoding=\"async\" width=\"581\" height=\"582\" src=\"https:\/\/epoint.at\/wp-content\/uploads\/2022\/11\/bg_services_what_we_do.webp\" alt=\"\" class=\"wp-image-364\" srcset=\"https:\/\/epoint.at\/wp-content\/uploads\/2022\/11\/bg_services_what_we_do.webp 581w, https:\/\/epoint.at\/wp-content\/uploads\/2022\/11\/bg_services_what_we_do-300x300.webp 300w, https:\/\/epoint.at\/wp-content\/uploads\/2022\/11\/bg_services_what_we_do-150x150.webp 150w\" sizes=\"(max-width: 581px) 100vw, 581px\" \/><\/figure>\n<\/div>\n\n<\/div><\/div><\/div>\n\n<div class=\"gb-grid-column gb-grid-column-656d77e4\"><div class=\"gb-container gb-container-656d77e4\"><div class=\"gb-inside-container\">\n\n<div class=\"wp-block-ab-animate ab-is-hidden\" data-scroll-class=\"fadeInUp\" data-scroll-threshold=\"1\" style=\"animation-duration:1s\">\n<p class=\"gb-headline gb-headline-fc0f6f35 gb-headline-text\">Bei der Epoint Web Design Agentur verstehen wir, dass eine Website nicht nur eine Sammlung von Seiten und Bildern ist, sondern ein wichtiges Werkzeug f\u00fcr Ihr Unternehmen. Deshalb arbeiten wir eng mit unseren Kunden zusammen, um ihre einzigartigen Bed\u00fcrfnisse und Ziele zu verstehen. Dieses Wissen nutzen wir, um eine Website zu erstellen, die auf ihre spezifische Zielgruppe und den Markt zugeschnitten ist.<\/p>\n\n\n<div class=\"gb-container gb-container-f28fe167\"><div class=\"gb-inside-container\">\n\n<p class=\"gb-headline gb-headline-da4d7e51 gb-headline-text\">Unser Webdesign-Prozess beginnt mit einer ausf\u00fchrlichen Beratung, bei der wir Ihr Unternehmen, Ihre Zielgruppe und Ihre Ziele f\u00fcr die Website kennenlernen. Anschlie\u00dfend nutzen wir diese Informationen, um ein individuelles Design zu erstellen, das sowohl optisch ansprechend als auch benutzerfreundlich ist. Unser Entwicklerteam setzt dieses Design dann um, indem es den Code effizient und suchmaschinenoptimiert gestaltet.<\/p>\n\n<\/div><\/div>\n\n\n<p class=\"gb-headline gb-headline-f7af9a5a gb-headline-text\">Wir sind \u00fcberzeugt, dass eine Website mehr als nur eine ansprechende Optik bieten sollte. Deshalb stellen wir sicher, dass alle unsere Websites mit den neuesten Webtechnologien erstellt und mobil responsiv sind, sodass Ihre Website auf allen Ger\u00e4ten zug\u00e4nglich ist. Zudem bieten wir fortlaufende Wartung und Unterst\u00fctzung, damit Sie sicher sein k\u00f6nnen, dass Ihre Website stets aktuell und reibungslos funktioniert.<\/p>\n\n\n\n<p class=\"gb-headline gb-headline-27919a2b gb-headline-text\">Unser Team von Entwicklern sorgt daf\u00fcr, dass alle unsere Websites mit den neuesten Webtechnologien erstellt, mobil responsiv und f\u00fcr Suchmaschinen optimiert sind. So wird gew\u00e4hrleistet, dass Ihre Website auf allen Ger\u00e4ten zug\u00e4nglich ist und in den Suchergebnissen gut platziert wird.<\/p>\n<\/div>\n\n<\/div><\/div><\/div>\n<\/div>\n<\/div><\/div>\n\n<div class=\"gb-container gb-container-86018d31\"><div class=\"gb-inside-container\">\n\n<div class=\"wp-block-ab-animate ab-is-hidden\" data-scroll-class=\"fadeIn\" data-scroll-threshold=\"20\" style=\"animation-duration:1s\"><div class=\"gb-container gb-container-11ab46df\"><div class=\"gb-inside-container\">\n\n<h2 class=\"gb-headline gb-headline-0c1d3312 gb-headline-text\"><mark style=\"background-color:rgba(0, 0, 0, 0)\" class=\"has-inline-color has-button-color-color\">Unsere Webdesign Services:<\/mark><\/h2>\n\n<\/div><\/div><\/div>\n\n\n<div class=\"gb-grid-wrapper gb-grid-wrapper-ecded4d2\">\n<div class=\"gb-grid-column gb-grid-column-829643ea\"><div class=\"gb-container gb-container-829643ea\"><div class=\"gb-inside-container\">\n\n<div class=\"wp-block-ab-animate ab-is-hidden\" data-scroll-class=\"fadeInUp\" data-scroll-threshold=\"20\" style=\"animation-duration:1s\">\n<p class=\"gb-headline gb-headline-5f3744ce\"><span class=\"gb-icon\"><svg width=\"49\" height=\"48\" viewbox=\"0 0 49 48\" fill=\"none\" xmlns=\"http:\/\/www.w3.org\/2000\/svg\"> <g clip-path=\"url(#clip0_4982_53702)\"> <path d=\"M48.5 24C48.5 37.2548 37.7548 48 24.5 48C11.2452 48 0.5 37.2548 0.5 24C0.5 10.7452 11.2452 0 24.5 0C37.7548 0 48.5 10.7452 48.5 24Z\" fill=\"#4F80FD\"><\/path> <\/g> <defs> <clippath id=\"clip0_4982_53702\"> <rect width=\"48\" height=\"48\" fill=\"white\" transform=\"translate(0.5)\"><\/rect> <\/clippath> <\/defs> <\/svg><\/span><span class=\"gb-headline-text\">Kundenspezifisches Webdesign &amp; Entwicklung<\/span><\/p>\n\n\n\n<p class=\"gb-headline gb-headline-64b873ae gb-headline-text\">Wir erstellen ein einzigartiges und visuell beeindruckendes Design, das Ihre Marke widerspiegelt und Ihre Zielgruppe anspricht.<\/p>\n<\/div>\n\n<\/div><\/div><\/div>\n\n<div class=\"gb-grid-column gb-grid-column-1ea2862d\"><div class=\"gb-container gb-container-1ea2862d\"><div class=\"gb-inside-container\">\n\n<div class=\"wp-block-ab-animate ab-is-hidden\" data-scroll-class=\"fadeInUp\" data-scroll-delay=\"100\" data-scroll-threshold=\"20\" style=\"animation-duration:1s\">\n<p class=\"gb-headline gb-headline-d485d361\"><span class=\"gb-icon\"><svg width=\"49\" height=\"48\" viewbox=\"0 0 49 48\" fill=\"none\" xmlns=\"http:\/\/www.w3.org\/2000\/svg\"> <path d=\"M0.5 33H48.5V45H0.5V33Z\" fill=\"#4F80FD\"><\/path> <path d=\"M0.5 18H48.5V30H0.5V18Z\" fill=\"#4F80FD\"><\/path> <path d=\"M0.5 3H48.5V15H0.5V3Z\" fill=\"#4F80FD\"><\/path> <\/svg><\/span><span class=\"gb-headline-text\">Reaktionsf\u00e4higes Design<\/span><\/p>\n\n\n\n<p class=\"gb-headline gb-headline-15f8d104 gb-headline-text\">&nbsp;Wir sorgen daf\u00fcr, dass Ihre Website auf allen Ger\u00e4ten gro\u00dfartig aussieht, einschlie\u00dflich Desktop, Tablet und Mobile.<\/p>\n<\/div>\n\n<\/div><\/div><\/div>\n\n<div class=\"gb-grid-column gb-grid-column-33082521\"><div class=\"gb-container gb-container-33082521\"><div class=\"gb-inside-container\">\n\n<div class=\"wp-block-ab-animate ab-is-hidden\" data-scroll-class=\"fadeInUp\" data-scroll-delay=\"200\" data-scroll-threshold=\"20\" style=\"animation-duration:1s\">\n<p class=\"gb-headline gb-headline-dafe817a\"><span class=\"gb-icon\"><svg xmlns=\"http:\/\/www.w3.org\/2000\/svg\" fill=\"none\" viewbox=\"0 0 49 48\" height=\"48\" width=\"49\"> <g clip-path=\"url(#clip0_5844_43276)\"> <path fill=\"#4F80FD\" d=\"M38.1665 24L0.666504 45.75L0.666506 2.25L38.1665 24Z\"><\/path> <path fill=\"#4F80FD\" d=\"M48.6665 24L11.1665 45.75L11.1665 2.25L48.6665 24Z\"><\/path> <\/g> <defs> <clippath id=\"clip0_5844_43276\"> <rect transform=\"translate(0.666504)\" fill=\"white\" height=\"48\" width=\"48\"><\/rect> <\/clippath> <\/defs> <\/svg><\/span><span class=\"gb-headline-text\">e-Commerce L\u00f6sungen<\/span><\/p>\n\n\n\n<p class=\"gb-headline gb-headline-58d9875d gb-headline-text\">Wir sind auf die Erstellung von Online-Shops spezialisiert, die benutzerfreundlich und f\u00fcr Konversionen optimiert sind.<\/p>\n<\/div>\n\n<\/div><\/div><\/div>\n\n<div class=\"gb-grid-column gb-grid-column-3b215e29\"><div class=\"gb-container gb-container-3b215e29\"><div class=\"gb-inside-container\">\n\n<div class=\"wp-block-ab-animate ab-is-hidden\" data-scroll-class=\"fadeInUp\" data-scroll-threshold=\"20\" style=\"animation-duration:1s\">\n<p class=\"gb-headline gb-headline-fe0b432b\"><span class=\"gb-icon\"><svg width=\"49\" height=\"48\" viewbox=\"0 0 49 48\" fill=\"none\" xmlns=\"http:\/\/www.w3.org\/2000\/svg\"> <rect x=\"32.75\" y=\"15.75\" width=\"32.25\" height=\"32.25\" transform=\"rotate(90 32.75 15.75)\" fill=\"#4F80FD\"><\/rect> <rect x=\"48.5\" width=\"32.25\" height=\"32.25\" transform=\"rotate(90 48.5 0)\" fill=\"#4F80FD\"><\/rect> <\/svg><\/span><span class=\"gb-headline-text\">Suchmaschinen-Optimierung (SEO)<\/span><\/p>\n\n\n\n<p class=\"gb-headline gb-headline-29e51bb3 gb-headline-text\"><\/p>\n<\/div>\n\n<\/div><\/div><\/div>\n\n<div class=\"gb-grid-column gb-grid-column-2ad146a0\"><div class=\"gb-container gb-container-2ad146a0\"><div class=\"gb-inside-container\">\n\n<div class=\"wp-block-ab-animate ab-is-hidden\" data-scroll-class=\"fadeInUp\" data-scroll-delay=\"100\" data-scroll-threshold=\"20\" style=\"animation-duration:1s\">\n<p class=\"gb-headline gb-headline-5568e22b\"><span class=\"gb-icon\"><svg width=\"49\" height=\"48\" viewbox=\"0 0 49 48\" fill=\"none\" xmlns=\"http:\/\/www.w3.org\/2000\/svg\"> <g clip-path=\"url(#clip0_4982_53723)\"> <path d=\"M24.6483 1.5L43.4122 10.5362L48.0465 30.8405L35.0615 47.1233H14.2351L1.25 30.8405L5.88431 10.5362L24.6483 1.5Z\" fill=\"#4F80FD\"><\/path> <\/g> <defs> <clippath id=\"clip0_4982_53723\"> <rect width=\"48\" height=\"48\" fill=\"white\" transform=\"translate(0.5)\"><\/rect> <\/clippath> <\/defs> <\/svg><\/span><span class=\"gb-headline-text\">Digitales Marketing<\/span><\/p>\n\n\n\n<p class=\"gb-headline gb-headline-ab60b116 gb-headline-text\">Wir bieten eine Vielzahl von digitalen Marketingdienstleistungen an, darunter SEO, PPC und Social Media Marketing, um mehr Traffic und Konversionen auf Ihre Website zu lenken.<\/p>\n<\/div>\n\n<\/div><\/div><\/div>\n\n<div class=\"gb-grid-column gb-grid-column-2eda6001\"><div class=\"gb-container gb-container-2eda6001\"><div class=\"gb-inside-container\">\n\n<div class=\"wp-block-ab-animate ab-is-hidden\" data-scroll-class=\"fadeInUp\" data-scroll-delay=\"200\" data-scroll-threshold=\"20\" style=\"animation-duration:1s\">\n<p class=\"gb-headline gb-headline-f60e3bf6\"><span class=\"gb-icon\"><svg width=\"49\" height=\"48\" viewbox=\"0 0 49 48\" fill=\"none\" xmlns=\"http:\/\/www.w3.org\/2000\/svg\"> <g clip-path=\"url(#clip0_4982_53713)\"> <path d=\"M0.5 0H48.5V48H0.5V0Z\" fill=\"#4F80FD\"><\/path> <\/g> <defs> <clippath id=\"clip0_4982_53713\"> <rect width=\"48\" height=\"48\" fill=\"white\" transform=\"translate(0.5)\"><\/rect> <\/clippath> <\/defs> <\/svg><\/span><span class=\"gb-headline-text\">Wartung und Unterst\u00fctzung der Website<\/span><\/p>\n\n\n\n<p class=\"gb-headline gb-headline-d3091bf7 gb-headline-text\"><\/p>\n<\/div>\n\n<\/div><\/div><\/div>\n<\/div>\n<\/div><\/div>","protected":false},"excerpt":{"rendered":"","protected":false},"author":1,"featured_media":0,"parent":0,"menu_order":0,"comment_status":"closed","ping_status":"closed","template":"","meta":{"_acf_changed":false,"inline_featured_image":false,"footnotes":""},"class_list":{"0":"post-1470","1":"page","2":"type-page","3":"status-publish","5":"infinite-scroll-item"},"acf":[],"yoast_head":"<!-- This site is optimized with the Yoast SEO plugin v27.3 - https:\/\/yoast.com\/product\/yoast-seo-wordpress\/ -->\n<title>Web Design - epoint.digital - Wien D\u00fcsseldorf Z\u00fcrich<\/title>\n<meta name=\"robots\" content=\"index, follow, max-snippet:-1, max-image-preview:large, max-video-preview:-1\" \/>\n<link rel=\"canonical\" href=\"https:\/\/epoint.at\/de\/web-design\/\" \/>\n<meta property=\"og:locale\" content=\"de_DE\" \/>\n<meta property=\"og:type\" content=\"article\" \/>\n<meta property=\"og:title\" content=\"Web Design - epoint.digital - Wien D\u00fcsseldorf Z\u00fcrich\" \/>\n<meta property=\"og:url\" content=\"https:\/\/epoint.at\/de\/web-design\/\" \/>\n<meta property=\"og:site_name\" content=\"epoint.digital - Wien D\u00fcsseldorf Z\u00fcrich\" \/>\n<meta property=\"article:publisher\" content=\"https:\/\/www.facebook.com\/epoint.digital.agency\/\" \/>\n<meta property=\"article:modified_time\" content=\"2023-11-10T14:20:34+00:00\" \/>\n<meta property=\"og:image\" content=\"https:\/\/epoint.at\/wp-content\/uploads\/2022\/11\/bg_services_what_we_do.webp\" \/>\n<meta name=\"twitter:card\" content=\"summary_large_image\" \/>\n<meta name=\"twitter:label1\" content=\"Gesch\u00e4tzte Lesezeit\" \/>\n\t<meta name=\"twitter:data1\" content=\"3\u00a0Minuten\" \/>\n<script type=\"application\/ld+json\" class=\"yoast-schema-graph\">{\"@context\":\"https:\\\/\\\/schema.org\",\"@graph\":[{\"@type\":\"WebPage\",\"@id\":\"https:\\\/\\\/epoint.at\\\/web-design\\\/\",\"url\":\"https:\\\/\\\/epoint.at\\\/web-design\\\/\",\"name\":\"Web Design - epoint.digital - Wien D\u00fcsseldorf Z\u00fcrich\",\"isPartOf\":{\"@id\":\"https:\\\/\\\/epoint.at\\\/#website\"},\"primaryImageOfPage\":{\"@id\":\"https:\\\/\\\/epoint.at\\\/web-design\\\/#primaryimage\"},\"image\":{\"@id\":\"https:\\\/\\\/epoint.at\\\/web-design\\\/#primaryimage\"},\"thumbnailUrl\":\"https:\\\/\\\/epoint.at\\\/wp-content\\\/uploads\\\/2022\\\/11\\\/bg_services_what_we_do.webp\",\"datePublished\":\"2023-02-01T07:34:31+00:00\",\"dateModified\":\"2023-11-10T14:20:34+00:00\",\"breadcrumb\":{\"@id\":\"https:\\\/\\\/epoint.at\\\/web-design\\\/#breadcrumb\"},\"inLanguage\":\"de\",\"potentialAction\":[{\"@type\":\"ReadAction\",\"target\":[\"https:\\\/\\\/epoint.at\\\/web-design\\\/\"]}]},{\"@type\":\"ImageObject\",\"inLanguage\":\"de\",\"@id\":\"https:\\\/\\\/epoint.at\\\/web-design\\\/#primaryimage\",\"url\":\"https:\\\/\\\/epoint.at\\\/wp-content\\\/uploads\\\/2022\\\/11\\\/bg_services_what_we_do.webp\",\"contentUrl\":\"https:\\\/\\\/epoint.at\\\/wp-content\\\/uploads\\\/2022\\\/11\\\/bg_services_what_we_do.webp\"},{\"@type\":\"BreadcrumbList\",\"@id\":\"https:\\\/\\\/epoint.at\\\/web-design\\\/#breadcrumb\",\"itemListElement\":[{\"@type\":\"ListItem\",\"position\":1,\"name\":\"Home\",\"item\":\"https:\\\/\\\/epoint.at\\\/\"},{\"@type\":\"ListItem\",\"position\":2,\"name\":\"Web Design\"}]},{\"@type\":\"WebSite\",\"@id\":\"https:\\\/\\\/epoint.at\\\/#website\",\"url\":\"https:\\\/\\\/epoint.at\\\/\",\"name\":\"epoint.digital - design. engineering. marketing\",\"description\":\"\",\"publisher\":{\"@id\":\"https:\\\/\\\/epoint.at\\\/#organization\"},\"potentialAction\":[{\"@type\":\"SearchAction\",\"target\":{\"@type\":\"EntryPoint\",\"urlTemplate\":\"https:\\\/\\\/epoint.at\\\/?s={search_term_string}\"},\"query-input\":{\"@type\":\"PropertyValueSpecification\",\"valueRequired\":true,\"valueName\":\"search_term_string\"}}],\"inLanguage\":\"de\"},{\"@type\":\"Organization\",\"@id\":\"https:\\\/\\\/epoint.at\\\/#organization\",\"name\":\"epoint.digital - design. engineering. marketing agency\",\"url\":\"https:\\\/\\\/epoint.at\\\/\",\"logo\":{\"@type\":\"ImageObject\",\"inLanguage\":\"de\",\"@id\":\"https:\\\/\\\/epoint.at\\\/#\\\/schema\\\/logo\\\/image\\\/\",\"url\":\"https:\\\/\\\/epoint.at\\\/wp-content\\\/uploads\\\/2022\\\/11\\\/logo_epoint.svg\",\"contentUrl\":\"https:\\\/\\\/epoint.at\\\/wp-content\\\/uploads\\\/2022\\\/11\\\/logo_epoint.svg\",\"width\":800,\"height\":800,\"caption\":\"epoint.digital - design. engineering. marketing agency\"},\"image\":{\"@id\":\"https:\\\/\\\/epoint.at\\\/#\\\/schema\\\/logo\\\/image\\\/\"},\"sameAs\":[\"https:\\\/\\\/www.facebook.com\\\/epoint.digital.agency\\\/\",\"https:\\\/\\\/www.linkedin.com\\\/company\\\/1155118\"]}]}<\/script>\n<!-- \/ Yoast SEO plugin. -->","yoast_head_json":{"title":"Webgestaltung - epoint.digital - Wien D\u00fcsseldorf Z\u00fcrich","robots":{"index":"index","follow":"follow","max-snippet":"max-snippet:-1","max-image-preview":"max-image-preview:large","max-video-preview":"max-video-preview:-1"},"canonical":"https:\/\/epoint.at\/de\/web-design\/","og_locale":"de_DE","og_type":"article","og_title":"Web Design - epoint.digital - Wien D\u00fcsseldorf Z\u00fcrich","og_url":"https:\/\/epoint.at\/de\/web-design\/","og_site_name":"epoint.digital - Wien D\u00fcsseldorf Z\u00fcrich","article_publisher":"https:\/\/www.facebook.com\/epoint.digital.agency\/","article_modified_time":"2023-11-10T14:20:34+00:00","og_image":[{"url":"https:\/\/epoint.at\/wp-content\/uploads\/2022\/11\/bg_services_what_we_do.webp","type":"","width":"","height":""}],"twitter_card":"summary_large_image","twitter_misc":{"Gesch\u00e4tzte Lesezeit":"3\u00a0Minuten"},"schema":{"@context":"https:\/\/schema.org","@graph":[{"@type":"WebPage","@id":"https:\/\/epoint.at\/web-design\/","url":"https:\/\/epoint.at\/web-design\/","name":"Webgestaltung - epoint.digital - Wien D\u00fcsseldorf Z\u00fcrich","isPartOf":{"@id":"https:\/\/epoint.at\/#website"},"primaryImageOfPage":{"@id":"https:\/\/epoint.at\/web-design\/#primaryimage"},"image":{"@id":"https:\/\/epoint.at\/web-design\/#primaryimage"},"thumbnailUrl":"https:\/\/epoint.at\/wp-content\/uploads\/2022\/11\/bg_services_what_we_do.webp","datePublished":"2023-02-01T07:34:31+00:00","dateModified":"2023-11-10T14:20:34+00:00","breadcrumb":{"@id":"https:\/\/epoint.at\/web-design\/#breadcrumb"},"inLanguage":"de","potentialAction":[{"@type":"ReadAction","target":["https:\/\/epoint.at\/web-design\/"]}]},{"@type":"ImageObject","inLanguage":"de","@id":"https:\/\/epoint.at\/web-design\/#primaryimage","url":"https:\/\/epoint.at\/wp-content\/uploads\/2022\/11\/bg_services_what_we_do.webp","contentUrl":"https:\/\/epoint.at\/wp-content\/uploads\/2022\/11\/bg_services_what_we_do.webp"},{"@type":"BreadcrumbList","@id":"https:\/\/epoint.at\/web-design\/#breadcrumb","itemListElement":[{"@type":"ListItem","position":1,"name":"Home","item":"https:\/\/epoint.at\/"},{"@type":"ListItem","position":2,"name":"Web Design"}]},{"@type":"WebSite","@id":"https:\/\/epoint.at\/#website","url":"https:\/\/epoint.at\/","name":"epoint.digital - Entwurf. Technik. Marketing","description":"","publisher":{"@id":"https:\/\/epoint.at\/#organization"},"potentialAction":[{"@type":"SearchAction","target":{"@type":"EntryPoint","urlTemplate":"https:\/\/epoint.at\/?s={search_term_string}"},"query-input":{"@type":"PropertyValueSpecification","valueRequired":true,"valueName":"search_term_string"}}],"inLanguage":"de"},{"@type":"Organization","@id":"https:\/\/epoint.at\/#organization","name":"epoint.digital - Agentur f\u00fcr Design, Technik und Marketing","url":"https:\/\/epoint.at\/","logo":{"@type":"ImageObject","inLanguage":"de","@id":"https:\/\/epoint.at\/#\/schema\/logo\/image\/","url":"https:\/\/epoint.at\/wp-content\/uploads\/2022\/11\/logo_epoint.svg","contentUrl":"https:\/\/epoint.at\/wp-content\/uploads\/2022\/11\/logo_epoint.svg","width":800,"height":800,"caption":"epoint.digital - design. engineering. marketing agency"},"image":{"@id":"https:\/\/epoint.at\/#\/schema\/logo\/image\/"},"sameAs":["https:\/\/www.facebook.com\/epoint.digital.agency\/","https:\/\/www.linkedin.com\/company\/1155118"]}]}},"_links":{"self":[{"href":"https:\/\/epoint.at\/de\/wp-json\/wp\/v2\/pages\/1470","targetHints":{"allow":["GET"]}}],"collection":[{"href":"https:\/\/epoint.at\/de\/wp-json\/wp\/v2\/pages"}],"about":[{"href":"https:\/\/epoint.at\/de\/wp-json\/wp\/v2\/types\/page"}],"author":[{"embeddable":true,"href":"https:\/\/epoint.at\/de\/wp-json\/wp\/v2\/users\/1"}],"replies":[{"embeddable":true,"href":"https:\/\/epoint.at\/de\/wp-json\/wp\/v2\/comments?post=1470"}],"version-history":[{"count":16,"href":"https:\/\/epoint.at\/de\/wp-json\/wp\/v2\/pages\/1470\/revisions"}],"predecessor-version":[{"id":3525,"href":"https:\/\/epoint.at\/de\/wp-json\/wp\/v2\/pages\/1470\/revisions\/3525"}],"wp:attachment":[{"href":"https:\/\/epoint.at\/de\/wp-json\/wp\/v2\/media?parent=1470"}],"curies":[{"name":"wp","href":"https:\/\/api.w.org\/{rel}","templated":true}]}}